{"id":124,"date":"2017-02-06T11:54:51","date_gmt":"2017-02-06T11:54:51","guid":{"rendered":"http:\/\/disseny.recursos.uoc.edu\/recursos\/ident-marca\/?page_id=124"},"modified":"2017-02-23T13:26:42","modified_gmt":"2017-02-23T13:26:42","slug":"2-3-6-versatilidad","status":"publish","type":"page","link":"http:\/\/disseny.recursos.uoc.edu\/recursos\/ident-marca\/ca\/2-3-6-versatilidad\/","title":{"rendered":"2. Disseny de marques"},"content":{"rendered":"<p><\/p>\n<h3><strong>2.3. Par\u00e0metres de qualitat de les marques<\/strong><\/h3>\n<h3><strong>2.3.6. Versatilitat<\/strong><\/h3>\n<p>Aquest par\u00e0metre fa refer\u00e8ncia a l\u2019\u00abamplitud de mires\u00bb amb la qual s\u2019hauria de dissenyar una marca gr\u00e0fica. D\u2019una banda, la versatilitat es refereix al fet que el gr\u00e0fic d\u2019una marca s\u2019ha de poder adequar tant a un missatge comercial com a un de corporatiu, per\u00f2 de l\u2019altra, tamb\u00e9 ha de poder signar un missatge festiu, o seri\u00f3s, o distingit, o fins i tot fr\u00edvol. Segons Belluccia, la tend\u00e8ncia a dotar-se de marques simp\u00e0tiques per a transmetre alegria i cordialitat oculta un doble error: no apropen la instituci\u00f3 a la gent i no tenen versatilitat. Referent a aix\u00f2, Chaves i Belluccia afirmen:<\/p>\n<div class=\"cita\">\n<p>Les versions informals del seri\u00f3s s\u00f3n absolutament f\u00e0cils d\u2019aconseguir; les versions serioses de l\u2019informal s\u00f3n pr\u00e0cticament impossibles (Chaves i Belluccia, 2003, p\u00e0g. 49).<\/p>\n<\/div>\n<div class=\"fondo-fila\">\n<p><div class='content-column one_half'>Una marca gr\u00e0fica vers\u00e0til \u00e9s aquella capa\u00e7 d\u2019adaptar-se fins i tot a una nova l\u00ednia de negoci en un sector distant i no previst inicialment quan va ser concebuda. Seria el cas de les estilogr\u00e0fiques Montblanc i la seva incursi\u00f3 en el negoci dels perfums. La companyia va descobrir, amb aquesta inesperada versatilitat, que tenia un capital de marca ocult.<\/div><div class='content-column one_half last_column'><img loading=\"lazy\" class=\"alignnone size-full wp-image-48 img-responsive\" src=\"http:\/\/disseny.recursos.uoc.edu\/recursos\/ident-marca\/wp-content\/uploads\/sites\/21\/2017\/02\/20117_28.png\" alt=\"20117_28\" width=\"175\" height=\"150\" \/><\/div><div class='clear_column'><\/div><\/p>\n<\/div>\n<div class=\"definicio\">\n<p>Els signes han de ser dissenyats atenent a un rendiment similar en tots els nivells de discurs sense p\u00e8rdua de la seva uniformitat. Cada missatge signat ha de confirmar l\u2019exist\u00e8ncia monol\u00edtica de la marca.<\/p>\n<\/div>\n<p><\/p>","protected":false},"excerpt":{"rendered":"<p>2.3. Par\u00e0metres de qualitat de les marques 2.3.6. Versatilitat Aquest par\u00e0metre fa refer\u00e8ncia a l\u2019\u00abamplitud de mires\u00bb amb la qual s\u2019hauria de dissenyar una marca gr\u00e0fica. D\u2019una banda, la versatilitat es refereix al fet que el gr\u00e0fic d\u2019una marca s\u2019ha de poder adequar tant a un missatge comercial com a un de corporatiu, per\u00f2 de [&hellip;]<\/p>\n","protected":false},"author":1,"featured_media":0,"parent":0,"menu_order":0,"comment_status":"closed","ping_status":"closed","template":"","meta":[],"acf":[],"_links":{"self":[{"href":"http:\/\/disseny.recursos.uoc.edu\/recursos\/ident-marca\/ca\/wp-json\/wp\/v2\/pages\/124"}],"collection":[{"href":"http:\/\/disseny.recursos.uoc.edu\/recursos\/ident-marca\/ca\/wp-json\/wp\/v2\/pages"}],"about":[{"href":"http:\/\/disseny.recursos.uoc.edu\/recursos\/ident-marca\/ca\/wp-json\/wp\/v2\/types\/page"}],"author":[{"embeddable":true,"href":"http:\/\/disseny.recursos.uoc.edu\/recursos\/ident-marca\/ca\/wp-json\/wp\/v2\/users\/1"}],"replies":[{"embeddable":true,"href":"http:\/\/disseny.recursos.uoc.edu\/recursos\/ident-marca\/ca\/wp-json\/wp\/v2\/comments?post=124"}],"version-history":[{"count":7,"href":"http:\/\/disseny.recursos.uoc.edu\/recursos\/ident-marca\/ca\/wp-json\/wp\/v2\/pages\/124\/revisions"}],"predecessor-version":[{"id":525,"href":"http:\/\/disseny.recursos.uoc.edu\/recursos\/ident-marca\/ca\/wp-json\/wp\/v2\/pages\/124\/revisions\/525"}],"wp:attachment":[{"href":"http:\/\/disseny.recursos.uoc.edu\/recursos\/ident-marca\/ca\/wp-json\/wp\/v2\/media?parent=124"}],"curies":[{"name":"wp","href":"https:\/\/api.w.org\/{rel}","templated":true}]}}