{"id":121,"date":"2017-02-06T11:52:27","date_gmt":"2017-02-06T11:52:27","guid":{"rendered":"http:\/\/disseny.recursos.uoc.edu\/recursos\/ident-marca\/?page_id=121"},"modified":"2017-02-23T13:24:47","modified_gmt":"2017-02-23T13:24:47","slug":"2-3-5-suficiencia","status":"publish","type":"page","link":"http:\/\/disseny.recursos.uoc.edu\/recursos\/ident-marca\/ca\/2-3-5-suficiencia\/","title":{"rendered":"2. Disseny de marques"},"content":{"rendered":"<p><\/p>\n<h3><strong>2.3. Par\u00e0metres de qualitat de les marques<\/strong><\/h3>\n<h3><strong>2.3.5. Sufici\u00e8ncia<\/strong><\/h3>\n<p>Els signes que componen una marca han de ser suficients per a cobrir les necessitats d\u2019identificaci\u00f3, per\u00f2 no hi ha de sobrar res, ja que tot exc\u00e9s passa a produir interfer\u00e8ncies. La sufici\u00e8ncia indica, doncs, que els signes han de ser els necessaris, i nom\u00e9s els necessaris, per a satisfer tots els usos identificadors de la marca en q\u00fcesti\u00f3. Es tracta tamb\u00e9 d\u2019un par\u00e0metre relacionat amb l\u2019\u00abajust tipol\u00f2gic\u00bb. Abans de posar-se a dissenyar cal preguntar-se, per tant, quants signes necessita la marca del nostre client. Marques de primer\u00edssim nivell, en compet\u00e8ncia global, i dels sectors m\u00e9s diversos en tenen prou amb un logotip: Panasonic, IBM, Calvin Klein, Sony, Pirelli, Coca-cola, etc.<\/p>\n<div class=\"fondo-fila\">\n<p><div class='content-column one_half'>Els signes s\u00f3n suficients no nom\u00e9s quan aconsegueixen cobrir les necessitats, sin\u00f3 quan, a m\u00e9s, no sobren. Cada element \u00e9s important i suficient.<\/p>\n<p>Els sobra algun element, a aquestes marques?<\/div><div class='content-column one_half last_column'><img loading=\"lazy\" class=\"alignnone size-full wp-image-47 img-responsive\" src=\"http:\/\/disseny.recursos.uoc.edu\/recursos\/ident-marca\/wp-content\/uploads\/sites\/21\/2017\/02\/20117_27.png\" alt=\"20117_27\" width=\"300\" height=\"108\" \/><\/div><div class='clear_column'><\/div><\/p>\n<\/div>\n<p><\/p>","protected":false},"excerpt":{"rendered":"<p>2.3. Par\u00e0metres de qualitat de les marques 2.3.5. Sufici\u00e8ncia Els signes que componen una marca han de ser suficients per a cobrir les necessitats d\u2019identificaci\u00f3, per\u00f2 no hi ha de sobrar res, ja que tot exc\u00e9s passa a produir interfer\u00e8ncies. La sufici\u00e8ncia indica, doncs, que els signes han de ser els necessaris, i nom\u00e9s els [&hellip;]<\/p>\n","protected":false},"author":1,"featured_media":0,"parent":0,"menu_order":0,"comment_status":"closed","ping_status":"closed","template":"","meta":[],"acf":[],"_links":{"self":[{"href":"http:\/\/disseny.recursos.uoc.edu\/recursos\/ident-marca\/ca\/wp-json\/wp\/v2\/pages\/121"}],"collection":[{"href":"http:\/\/disseny.recursos.uoc.edu\/recursos\/ident-marca\/ca\/wp-json\/wp\/v2\/pages"}],"about":[{"href":"http:\/\/disseny.recursos.uoc.edu\/recursos\/ident-marca\/ca\/wp-json\/wp\/v2\/types\/page"}],"author":[{"embeddable":true,"href":"http:\/\/disseny.recursos.uoc.edu\/recursos\/ident-marca\/ca\/wp-json\/wp\/v2\/users\/1"}],"replies":[{"embeddable":true,"href":"http:\/\/disseny.recursos.uoc.edu\/recursos\/ident-marca\/ca\/wp-json\/wp\/v2\/comments?post=121"}],"version-history":[{"count":6,"href":"http:\/\/disseny.recursos.uoc.edu\/recursos\/ident-marca\/ca\/wp-json\/wp\/v2\/pages\/121\/revisions"}],"predecessor-version":[{"id":524,"href":"http:\/\/disseny.recursos.uoc.edu\/recursos\/ident-marca\/ca\/wp-json\/wp\/v2\/pages\/121\/revisions\/524"}],"wp:attachment":[{"href":"http:\/\/disseny.recursos.uoc.edu\/recursos\/ident-marca\/ca\/wp-json\/wp\/v2\/media?parent=121"}],"curies":[{"name":"wp","href":"https:\/\/api.w.org\/{rel}","templated":true}]}}