{"id":113,"date":"2017-02-06T11:35:47","date_gmt":"2017-02-06T11:35:47","guid":{"rendered":"http:\/\/disseny.recursos.uoc.edu\/recursos\/ident-marca\/?page_id=113"},"modified":"2017-02-23T13:20:38","modified_gmt":"2017-02-23T13:20:38","slug":"2-3-3-correccion-estilistica","status":"publish","type":"page","link":"http:\/\/disseny.recursos.uoc.edu\/recursos\/ident-marca\/ca\/2-3-3-correccion-estilistica\/","title":{"rendered":"2. Disseny de marques"},"content":{"rendered":"<p><\/p>\n<div class=\"contenet-header\">\n<div class=\"row\">\n<div class=\"col-md-10\">\n<h3><strong>2.3. Par\u00e0metres de qualitat de les marques<\/strong><\/h3>\n<\/div>\n<\/div>\n<\/div>\n<h3><strong>2.3.3. Correcci\u00f3 estil\u00edstica<\/strong><\/h3>\n<p>Tota empresa, instituci\u00f3 o producte se sol inscriure en un sector determinat. Hi ha sectors que s\u00f3n estil\u00edsticament m\u00e9s oberts i uns altres, m\u00e9s tancats, \u00e9s a dir, es regeixen per uns codis molt concrets que tots els productes comparteixen en major o menor mesura. Per a interpretar els signes, l\u2019usuari recorre m\u00e9s o menys inconscientment a una s\u00e8rie de categories que li proporcionen informaci\u00f3 molt significativa de manera r\u00e0pida. Per exemple, abans d\u2019assabentar-nos del contingut d\u2019un cartell, ja sabem pel seu estil quin tipus de producte est\u00e0 anunciant: una pel\u00b7l\u00edcula, un cotxe, etc.<\/p>\n<p>Aqu\u00ed, per descomptat, entra en joc el bagatge cultural del dissenyador i de l\u2019usuari. Per tant, \u00e9s fonamental esbrinar en quin sector s\u2019inscriu el nostre enc\u00e0rrec i analitzar les seves caracter\u00edstiques m\u00e9s predominants. En aquest sentit, ser\u00e0 clau decidir si el nostre client necessita integrar-se en aquest estil o transgredir-lo.<\/p>\n<div class=\"fondo-fila\">\n<p><div class='content-column one_half'>En el sector de la inform\u00e0tica, les dues empreses m\u00e9s rellevants presentaven dos estils molt diferents i igualment v\u00e0lids.<\/div><div class='content-column one_half last_column'><img loading=\"lazy\" class=\"alignnone size-full wp-image-41 img-responsive\" src=\"http:\/\/disseny.recursos.uoc.edu\/recursos\/ident-marca\/wp-content\/uploads\/sites\/21\/2017\/02\/20117_21.png\" alt=\"20117_21\" width=\"300\" height=\"88\" \/><\/div><div class='clear_column'><\/div><\/p>\n<\/div>\n<p>&nbsp;<\/p>\n<div class=\"fondo-fila\">\n<p><div class='content-column one_third'>El sector de l\u2019aigua mineral comparteix uns codis estil\u00edstics molt concrets: la predominan\u00e7a del color blau en l\u2019ampolla, una paleta de colors per a les etiquetes poc variada i fins i tot un tipus de composici\u00f3 similar entre la tipografia i els elements que formen part de l\u2019etiqueta.<\/div><div class='content-column two_third last_column'><img loading=\"lazy\" class=\"alignnone size-full wp-image-42 img-responsive\" src=\"http:\/\/disseny.recursos.uoc.edu\/recursos\/ident-marca\/wp-content\/uploads\/sites\/21\/2017\/02\/20117_22.png\" alt=\"20117_22\" width=\"557\" height=\"112\" srcset=\"http:\/\/disseny.recursos.uoc.edu\/recursos\/ident-marca\/wp-content\/uploads\/sites\/21\/2017\/02\/20117_22.png 557w, http:\/\/disseny.recursos.uoc.edu\/recursos\/ident-marca\/wp-content\/uploads\/sites\/21\/2017\/02\/20117_22-300x60.png 300w\" sizes=\"(max-width: 557px) 100vw, 557px\" \/><\/div><div class='clear_column'><\/div><\/p>\n<\/div>\n<p>&nbsp;<\/p>\n<div class=\"fondo-fila\">\n<p><div class='content-column one_half'>El sector dels perfums de marques de gamma alta tamb\u00e9 mant\u00e9 una consist\u00e8ncia estil\u00edstica, en la qual predominen la transpar\u00e8ncia en els envasos i l\u2019\u00fas d\u2019una tipografia concreta de color negre o platejat.<\/div><div class='content-column one_half last_column'><img loading=\"lazy\" class=\"alignnone size-full wp-image-43 img-responsive\" src=\"http:\/\/disseny.recursos.uoc.edu\/recursos\/ident-marca\/wp-content\/uploads\/sites\/21\/2017\/02\/20117_23.png\" alt=\"20117_23\" width=\"180\" height=\"174\" \/><\/div><div class='clear_column'><\/div><\/p>\n<\/div>\n<p>&nbsp;<\/p>\n<div class=\"fondo-fila\">\n<p><div class='content-column one_half'>Per tant, una marca d\u2019aigua mineral (Voss) que emuli els codis estil\u00edstics de les marques de perfum est\u00e0 tractant d\u2019assimilar els valors que hi van associats, \u00e9s a dir, luxe, eleg\u00e0ncia i glamur. Es tractaria, doncs, d\u2019una transgressi\u00f3 de l\u2019estil imperant en el sector de les aig\u00fces per a situar-se en un rang diferent.<\/div><div class='content-column one_half last_column'><img loading=\"lazy\" class=\"alignnone size-full wp-image-44 img-responsive\" src=\"http:\/\/disseny.recursos.uoc.edu\/recursos\/ident-marca\/wp-content\/uploads\/sites\/21\/2017\/02\/20117_24.png\" alt=\"20117_24\" width=\"300\" height=\"194\" \/><\/div><div class='clear_column'><\/div><\/p>\n<\/div>\n<p><img loading=\"lazy\" class=\"img-responsive alignnone wp-image-368 size-full\" src=\"http:\/\/disseny.recursos.uoc.edu\/recursos\/ident-marca\/wp-content\/uploads\/sites\/21\/2017\/02\/20117_25-1.png\" width=\"450\" height=\"296\" srcset=\"http:\/\/disseny.recursos.uoc.edu\/recursos\/ident-marca\/wp-content\/uploads\/sites\/21\/2017\/02\/20117_25-1.png 450w, http:\/\/disseny.recursos.uoc.edu\/recursos\/ident-marca\/wp-content\/uploads\/sites\/21\/2017\/02\/20117_25-1-300x197.png 300w\" sizes=\"(max-width: 450px) 100vw, 450px\" \/><\/p>\n<p class=\"normal\" style=\"margin-left: 7.1pt;\">Si fem l\u2019exercici d\u2019invertir les imatges corresponents als esquemes de diversos diaris, podem identificar f\u00e0cilment els estils de publicaci\u00f3 per la disposici\u00f3 del text i les imatges, les grand\u00e0ries de la tipografia i els colors utilitzats.<\/p>\n<p><\/p>","protected":false},"excerpt":{"rendered":"<p>2.3. Par\u00e0metres de qualitat de les marques 2.3.3. Correcci\u00f3 estil\u00edstica Tota empresa, instituci\u00f3 o producte se sol inscriure en un sector determinat. Hi ha sectors que s\u00f3n estil\u00edsticament m\u00e9s oberts i uns altres, m\u00e9s tancats, \u00e9s a dir, es regeixen per uns codis molt concrets que tots els productes comparteixen en major o menor mesura. [&hellip;]<\/p>\n","protected":false},"author":1,"featured_media":0,"parent":0,"menu_order":0,"comment_status":"closed","ping_status":"closed","template":"","meta":[],"acf":[],"_links":{"self":[{"href":"http:\/\/disseny.recursos.uoc.edu\/recursos\/ident-marca\/ca\/wp-json\/wp\/v2\/pages\/113"}],"collection":[{"href":"http:\/\/disseny.recursos.uoc.edu\/recursos\/ident-marca\/ca\/wp-json\/wp\/v2\/pages"}],"about":[{"href":"http:\/\/disseny.recursos.uoc.edu\/recursos\/ident-marca\/ca\/wp-json\/wp\/v2\/types\/page"}],"author":[{"embeddable":true,"href":"http:\/\/disseny.recursos.uoc.edu\/recursos\/ident-marca\/ca\/wp-json\/wp\/v2\/users\/1"}],"replies":[{"embeddable":true,"href":"http:\/\/disseny.recursos.uoc.edu\/recursos\/ident-marca\/ca\/wp-json\/wp\/v2\/comments?post=113"}],"version-history":[{"count":24,"href":"http:\/\/disseny.recursos.uoc.edu\/recursos\/ident-marca\/ca\/wp-json\/wp\/v2\/pages\/113\/revisions"}],"predecessor-version":[{"id":522,"href":"http:\/\/disseny.recursos.uoc.edu\/recursos\/ident-marca\/ca\/wp-json\/wp\/v2\/pages\/113\/revisions\/522"}],"wp:attachment":[{"href":"http:\/\/disseny.recursos.uoc.edu\/recursos\/ident-marca\/ca\/wp-json\/wp\/v2\/media?parent=113"}],"curies":[{"name":"wp","href":"https:\/\/api.w.org\/{rel}","templated":true}]}}