{"id":107,"date":"2017-02-06T11:16:50","date_gmt":"2017-02-06T11:16:50","guid":{"rendered":"http:\/\/disseny.recursos.uoc.edu\/recursos\/ident-marca\/?page_id=107"},"modified":"2017-02-27T09:58:16","modified_gmt":"2017-02-27T09:58:16","slug":"2-3-2-ajuste-tipologico","status":"publish","type":"page","link":"http:\/\/disseny.recursos.uoc.edu\/recursos\/ident-marca\/ca\/2-3-2-ajuste-tipologico\/","title":{"rendered":"2. Disseny de marques"},"content":{"rendered":"<p><\/p>\n<h3><strong>2.3. Par\u00e0metres de qualitat de les marques<\/strong><\/h3>\n<h3><strong>2.3.2. Ajust tipol\u00f2gic<\/strong><\/h3>\n<p>Com hem vist al comen\u00e7ament, hi ha diferents tipus de marca en funci\u00f3 dels seus components. D\u2019acord amb Belluccia, hi ha fonamentalment sis tipus de marques:<\/p>\n<p><strong>1) Logotip pur<\/strong><\/p>\n<div class=\"fondo-fila\">\n<div class='content-column one_half'>Format \u00fanicament per la tipografia que defineix la marca (el nom o <em>naming<\/em>). \u00c9s una tipologia que abunda, per exemple, en les marques de roba de grans magatzems (Zara, Mango, etc.). La tria de la tipografia i la seva composici\u00f3 aqu\u00ed \u00e9s fonamental, ja que transmeten al consumidor un missatge inequ\u00edvoc i directe.<br \/>\n<img loading=\"lazy\" class=\"alignnone size-full wp-image-26 img-responsive\" src=\"http:\/\/disseny.recursos.uoc.edu\/recursos\/ident-marca\/wp-content\/uploads\/sites\/21\/2017\/02\/20117_06.png\" alt=\"20117_06\" width=\"452\" height=\"48\" srcset=\"http:\/\/disseny.recursos.uoc.edu\/recursos\/ident-marca\/wp-content\/uploads\/sites\/21\/2017\/02\/20117_06.png 452w, http:\/\/disseny.recursos.uoc.edu\/recursos\/ident-marca\/wp-content\/uploads\/sites\/21\/2017\/02\/20117_06-300x32.png 300w\" sizes=\"(max-width: 452px) 100vw, 452px\" \/><br \/><\/div>\n<div class='content-column one_half last_column'><img loading=\"lazy\" class=\"alignnone size-full wp-image-27 img-responsive\" src=\"http:\/\/disseny.recursos.uoc.edu\/recursos\/ident-marca\/wp-content\/uploads\/sites\/21\/2017\/02\/20117_07.png\" alt=\"20117_07\" width=\"162\" height=\"150\" \/><\/div><div class='clear_column'><\/div>\n<\/div>\n<p><strong>2) Logotip amb fons<\/strong><\/p>\n<div class=\"fondo-fila\">\n<p><div class='content-column one_half'>Es tractaria d\u2019una variaci\u00f3 de la tipologia anterior, per\u00f2 que inclou un fons, requadre, marc o qualsevol altra forma que l\u2019acompanyi. En molts casos, es tracta que el logo est\u00e0 en blanc i per aquest motiu necessita la seva caixa; en d\u2019altres, la forma del fons \u00e9s tan definit\u00f2ria que de vegades pot funcionar sense el logo (\u00e9s el cas de Levi\u2019s o de Camper).<\/div><div class='content-column one_half last_column'><img loading=\"lazy\" class=\"alignnone size-full wp-image-28 img-responsive\" src=\"http:\/\/disseny.recursos.uoc.edu\/recursos\/ident-marca\/wp-content\/uploads\/sites\/21\/2017\/02\/20117_08.png\" alt=\"20117_08\" width=\"130\" height=\"64\" \/> <img loading=\"lazy\" class=\"alignnone size-full wp-image-29 img-responsive\" src=\"http:\/\/disseny.recursos.uoc.edu\/recursos\/ident-marca\/wp-content\/uploads\/sites\/21\/2017\/02\/20117_09.png\" alt=\"20117_09\" width=\"450\" height=\"94\" srcset=\"http:\/\/disseny.recursos.uoc.edu\/recursos\/ident-marca\/wp-content\/uploads\/sites\/21\/2017\/02\/20117_09.png 450w, http:\/\/disseny.recursos.uoc.edu\/recursos\/ident-marca\/wp-content\/uploads\/sites\/21\/2017\/02\/20117_09-300x63.png 300w\" sizes=\"(max-width: 450px) 100vw, 450px\" \/><\/div><div class='clear_column'><\/div><\/p>\n<\/div>\n<p><strong>3) Logotip amb complement<\/strong><\/p>\n<div class=\"fondo-fila\">\n<p><div class='content-column one_half'>S\u00f3n marques que, a m\u00e9s del logotip, inclouen algun element gr\u00e0fic que destaca o remarca la tipografia i crea un punt d\u2019atenci\u00f3. Aquest complement sempre \u00e9s dependent del logotip i, per tant, no t\u00e9 una autonomia simb\u00f2lica que li permeti funcionar de manera independent.<\/div><div class='content-column one_half last_column'><img loading=\"lazy\" class=\"alignnone size-full wp-image-30 img-responsive\" src=\"http:\/\/disseny.recursos.uoc.edu\/recursos\/ident-marca\/wp-content\/uploads\/sites\/21\/2017\/02\/20117_10.png\" alt=\"20117_10\" width=\"600\" height=\"62\" srcset=\"http:\/\/disseny.recursos.uoc.edu\/recursos\/ident-marca\/wp-content\/uploads\/sites\/21\/2017\/02\/20117_10.png 600w, http:\/\/disseny.recursos.uoc.edu\/recursos\/ident-marca\/wp-content\/uploads\/sites\/21\/2017\/02\/20117_10-300x31.png 300w\" sizes=\"(max-width: 600px) 100vw, 600px\" \/><\/div><div class='clear_column'><\/div><\/p>\n<\/div>\n<p><strong>4) Logotip amb s\u00edmbol<\/strong><\/p>\n<div class=\"fondo-fila\">\n<p><div class='content-column one_half'>\u00c9s un dels casos m\u00e9s comuns, on el logotip va acompanyat per un s\u00edmbol, que pot ser m\u00e9s figuratiu (ING) o m\u00e9s abstracte (Mitsubishi).<\/div><div class='content-column one_half last_column'><img loading=\"lazy\" class=\"alignnone size-full wp-image-31 img-responsive\" src=\"http:\/\/disseny.recursos.uoc.edu\/recursos\/ident-marca\/wp-content\/uploads\/sites\/21\/2017\/02\/20117_11.png\" alt=\"20117_11\" width=\"450\" height=\"92\" srcset=\"http:\/\/disseny.recursos.uoc.edu\/recursos\/ident-marca\/wp-content\/uploads\/sites\/21\/2017\/02\/20117_11.png 450w, http:\/\/disseny.recursos.uoc.edu\/recursos\/ident-marca\/wp-content\/uploads\/sites\/21\/2017\/02\/20117_11-300x61.png 300w\" sizes=\"(max-width: 450px) 100vw, 450px\" \/><\/div><div class='clear_column'><\/div><\/p>\n<\/div>\n<p><strong>5) Logos\u00edmbol<\/strong><\/p>\n<div class=\"fondo-fila\">\n<p><div class='content-column one_half'>En aquest cas, el s\u00edmbol queda integrat en el logotip i n\u2019\u00e9s una part indissociable. \u00c9s a dir, no poden funcionar per separat.<\/div><div class='content-column one_half last_column'><img loading=\"lazy\" class=\"alignnone size-full wp-image-32 img-responsive\" src=\"http:\/\/disseny.recursos.uoc.edu\/recursos\/ident-marca\/wp-content\/uploads\/sites\/21\/2017\/02\/20117_12.png\" alt=\"20117_12\" width=\"450\" height=\"85\" srcset=\"http:\/\/disseny.recursos.uoc.edu\/recursos\/ident-marca\/wp-content\/uploads\/sites\/21\/2017\/02\/20117_12.png 450w, http:\/\/disseny.recursos.uoc.edu\/recursos\/ident-marca\/wp-content\/uploads\/sites\/21\/2017\/02\/20117_12-300x57.png 300w\" sizes=\"(max-width: 450px) 100vw, 450px\" \/><\/div><div class='clear_column'><\/div><\/p>\n<\/div>\n<p><strong>6) S\u00edmbol<\/strong><\/p>\n<div class=\"fondo-fila\">\n<div class='content-column one_half'><p>Finalment, hi ha processos en els quals el s\u00edmbol es carrega de tota la significaci\u00f3 de la marca i no necessita el logotip per a comunicar-la. Nom\u00e9s queda, per tant, el s\u00edmbol com a emblema de la marca.<\/p>\n<p>Quant als s\u00edmbols, podem diferenciar-ne de diversos tipus:<\/p>\n<ol>\n<li>Logotips associatius, que al\u00b7ludeixen al nom (el cas de Shell o el llebrer de Greyhound).<\/li>\n<li>Logotips al\u00b7lusius, que presenten algun tipus de relaci\u00f3 (les ones de Philips) o purament abstractes (Nike).<\/div><div class='content-column one_half last_column'><img loading=\"lazy\" class=\"alignnone size-full wp-image-33 img-responsive\" src=\"http:\/\/disseny.recursos.uoc.edu\/recursos\/ident-marca\/wp-content\/uploads\/sites\/21\/2017\/02\/20117_13.png\" alt=\"20117_13\" width=\"230\" height=\"146\" \/><\/div><div class='clear_column'><\/div><\/li>\n<\/ol>\n<\/div>\n<p>&nbsp;<\/p>\n<div class=\"fondo-fila\">\n<p><div class='content-column one_half'><strong>Quina tipologia \u00e9s la m\u00e9s adequada?<\/strong><\/p>\n<p>\u00d2bviament, dependr\u00e0 de cada cas, per\u00f2 at\u00e8s que el logotip \u00e9s el component m\u00ednim i irrenunciable en qualsevol marca, la primera pregunta que ens hem de fer en el nostre enc\u00e0rrec \u00e9s si hi hem d\u2019incloure un s\u00edmbol o no.<\/div><div class='content-column one_half last_column'><img loading=\"lazy\" class=\"alignnone size-full wp-image-34 img-responsive\" src=\"http:\/\/disseny.recursos.uoc.edu\/recursos\/ident-marca\/wp-content\/uploads\/sites\/21\/2017\/02\/20117_14.png\" alt=\"20117_14\" width=\"171\" height=\"108\" \/><\/div><div class='clear_column'><\/div><\/p>\n<\/div>\n<p><strong>Algunes recomanacions<\/strong><\/p>\n<p>Una anotaci\u00f3 inicial \u00e9s no optar per incloure un s\u00edmbol si no suma o aporta m\u00e9s valor al logotip. \u00c9s a dir, en aquest cas caldria preguntar-se <strong>quin valor aporta el s\u00edmbol al logotip<\/strong>.<\/p>\n<div class=\"fondo-fila\">\n<p><div class='content-column one_half'>Si triem <strong>logotip<\/strong>, estem posant en un primer pla qui parla \u2013la marca\u2013 sense met\u00e0fores ni filtres. \u00c9s una tria apropiada quan el nom \u00e9s relativament breu i f\u00e0cil d\u2019utilitzar, i quan \u00e9s adaptable i relativament abstracte.<\/div><div class='content-column one_half last_column'><img loading=\"lazy\" class=\"img-responsive alignnone wp-image-366 size-full\" src=\"http:\/\/disseny.recursos.uoc.edu\/recursos\/ident-marca\/wp-content\/uploads\/sites\/21\/2017\/02\/20117_15-1.png\" width=\"650\" height=\"53\" srcset=\"http:\/\/disseny.recursos.uoc.edu\/recursos\/ident-marca\/wp-content\/uploads\/sites\/21\/2017\/02\/20117_15-1.png 650w, http:\/\/disseny.recursos.uoc.edu\/recursos\/ident-marca\/wp-content\/uploads\/sites\/21\/2017\/02\/20117_15-1-300x24.png 300w\" sizes=\"(max-width: 650px) 100vw, 650px\" \/><\/div><div class='clear_column'><\/div><\/p>\n<\/div>\n<p>&nbsp;<\/p>\n<div class=\"fondo-fila\">\n<p><div class='content-column one_half'>No obstant aix\u00f2, quan el <strong>s\u00edmbol suma al logo<\/strong> li traspassa el seu atractiu. El s\u00edmbol es converteix en emblema, ja que la imatge assumeix la representaci\u00f3.<\/div><div class='content-column one_half last_column'><img loading=\"lazy\" class=\"alignnone size-full wp-image-36 img-responsive\" src=\"http:\/\/disseny.recursos.uoc.edu\/recursos\/ident-marca\/wp-content\/uploads\/sites\/21\/2017\/02\/20117_16.png\" alt=\"20117_16\" width=\"367\" height=\"77\" srcset=\"http:\/\/disseny.recursos.uoc.edu\/recursos\/ident-marca\/wp-content\/uploads\/sites\/21\/2017\/02\/20117_16.png 367w, http:\/\/disseny.recursos.uoc.edu\/recursos\/ident-marca\/wp-content\/uploads\/sites\/21\/2017\/02\/20117_16-300x63.png 300w, http:\/\/disseny.recursos.uoc.edu\/recursos\/ident-marca\/wp-content\/uploads\/sites\/21\/2017\/02\/20117_16-360x77.png 360w\" sizes=\"(max-width: 367px) 100vw, 367px\" \/><\/div><div class='clear_column'><\/div><\/p>\n<\/div>\n<p class=\"normal\" style=\"margin-left: 7.1pt;\">\u00c9s convenient tenir en compte les convencions del sector on s\u2019inscriu la marca. \u00c9s a dir, si es tracta d\u2019un sector en el qual predomina el s\u00edmbol (per exemple, en les companyies a\u00e8ries), seria adequat incloure\u2019l si l\u2019objectiu \u00e9s que quedi integrat. D\u2019altra banda, seria m\u00e9s apropiat no incloure\u2019l si l\u2019estrat\u00e8gia \u00e9s de diferenciaci\u00f3 en comptes d\u2019integraci\u00f3 en el sector.<\/p>\n<div class=\"fondo-fila\">\n<p><div class='content-column one_half'>En el sector dels tel\u00e8fons m\u00f2bils funcionen tant el s\u00edmbol (Apple) com l\u2019emblema (Sony).<\/div><div class='content-column one_half last_column'><img loading=\"lazy\" class=\"alignnone size-full wp-image-367 img-responsive\" src=\"http:\/\/disseny.recursos.uoc.edu\/recursos\/ident-marca\/wp-content\/uploads\/sites\/21\/2017\/02\/20117_17-1.png\" alt=\"20117_17\" width=\"350\" height=\"160\" srcset=\"http:\/\/disseny.recursos.uoc.edu\/recursos\/ident-marca\/wp-content\/uploads\/sites\/21\/2017\/02\/20117_17-1.png 350w, http:\/\/disseny.recursos.uoc.edu\/recursos\/ident-marca\/wp-content\/uploads\/sites\/21\/2017\/02\/20117_17-1-300x137.png 300w\" sizes=\"(max-width: 350px) 100vw, 350px\" \/><\/div><div class='clear_column'><\/div><\/p>\n<\/div>\n<p>&nbsp;<\/p>\n<div class=\"fondo-fila\">\n<p><div class='content-column one_half'>En el cas que el perfil i el sector del nostre client admetessin una marca amb s\u00edmbol, la decisi\u00f3 es podria prendre per a compensar un nom llarg. Seria el cas de Motorola o Starbucks.<\/div><div class='content-column one_half last_column'><img loading=\"lazy\" class=\"alignnone size-full wp-image-38 img-responsive\" src=\"http:\/\/disseny.recursos.uoc.edu\/recursos\/ident-marca\/wp-content\/uploads\/sites\/21\/2017\/02\/20117_18.png\" alt=\"20117_18\" width=\"150\" height=\"101\" \/><\/div><div class='clear_column'><\/div><\/p>\n<\/div>\n<p>&nbsp;<\/p>\n<div class=\"fondo-fila\">\n<p><div class='content-column one_half'>En el cas de Starbucks, el s\u00edmbol ajuda, a m\u00e9s, a identificar la marca en contextos on es fa m\u00e9s dif\u00edcil la lectura; per exemple, en els edificis.<\/div><div class='content-column one_half last_column'><img loading=\"lazy\" class=\"alignnone size-full wp-image-39 img-responsive\" src=\"http:\/\/disseny.recursos.uoc.edu\/recursos\/ident-marca\/wp-content\/uploads\/sites\/21\/2017\/02\/20117_19.png\" alt=\"20117_19\" width=\"450\" height=\"292\" srcset=\"http:\/\/disseny.recursos.uoc.edu\/recursos\/ident-marca\/wp-content\/uploads\/sites\/21\/2017\/02\/20117_19.png 450w, http:\/\/disseny.recursos.uoc.edu\/recursos\/ident-marca\/wp-content\/uploads\/sites\/21\/2017\/02\/20117_19-300x195.png 300w\" sizes=\"(max-width: 450px) 100vw, 450px\" \/><\/div><div class='clear_column'><\/div><\/p>\n<\/div>\n<p>&nbsp;<\/p>\n<div class=\"fondo-fila\">\n<p><div class='content-column one_half'>En altres ocasions, el logotip mateix es converteix en s\u00edmbol. Seria el cas de sigles com ara IBM o 3M.<\/div><div class='content-column one_half last_column'><img loading=\"lazy\" class=\"alignnone size-full wp-image-40 img-responsive\" src=\"http:\/\/disseny.recursos.uoc.edu\/recursos\/ident-marca\/wp-content\/uploads\/sites\/21\/2017\/02\/20117_20.png\" alt=\"20117_20\" width=\"150\" height=\"79\" \/><\/div><div class='clear_column'><\/div><\/p>\n<\/div>\n<p><\/p>","protected":false},"excerpt":{"rendered":"<p>2.3. Par\u00e0metres de qualitat de les marques 2.3.2. Ajust tipol\u00f2gic Com hem vist al comen\u00e7ament, hi ha diferents tipus de marca en funci\u00f3 dels seus components. D\u2019acord amb Belluccia, hi ha fonamentalment sis tipus de marques: 1) Logotip pur 2) Logotip amb fons 3) Logotip amb complement 4) Logotip amb s\u00edmbol 5) Logos\u00edmbol 6) S\u00edmbol [&hellip;]<\/p>\n","protected":false},"author":1,"featured_media":0,"parent":0,"menu_order":0,"comment_status":"closed","ping_status":"closed","template":"","meta":[],"acf":[],"_links":{"self":[{"href":"http:\/\/disseny.recursos.uoc.edu\/recursos\/ident-marca\/ca\/wp-json\/wp\/v2\/pages\/107"}],"collection":[{"href":"http:\/\/disseny.recursos.uoc.edu\/recursos\/ident-marca\/ca\/wp-json\/wp\/v2\/pages"}],"about":[{"href":"http:\/\/disseny.recursos.uoc.edu\/recursos\/ident-marca\/ca\/wp-json\/wp\/v2\/types\/page"}],"author":[{"embeddable":true,"href":"http:\/\/disseny.recursos.uoc.edu\/recursos\/ident-marca\/ca\/wp-json\/wp\/v2\/users\/1"}],"replies":[{"embeddable":true,"href":"http:\/\/disseny.recursos.uoc.edu\/recursos\/ident-marca\/ca\/wp-json\/wp\/v2\/comments?post=107"}],"version-history":[{"count":39,"href":"http:\/\/disseny.recursos.uoc.edu\/recursos\/ident-marca\/ca\/wp-json\/wp\/v2\/pages\/107\/revisions"}],"predecessor-version":[{"id":553,"href":"http:\/\/disseny.recursos.uoc.edu\/recursos\/ident-marca\/ca\/wp-json\/wp\/v2\/pages\/107\/revisions\/553"}],"wp:attachment":[{"href":"http:\/\/disseny.recursos.uoc.edu\/recursos\/ident-marca\/ca\/wp-json\/wp\/v2\/media?parent=107"}],"curies":[{"name":"wp","href":"https:\/\/api.w.org\/{rel}","templated":true}]}}