{"id":998,"date":"2019-07-09T10:25:14","date_gmt":"2019-07-09T10:25:14","guid":{"rendered":"http:\/\/disseny.recursos.uoc.edu\/recursos\/dis-marca\/?page_id=998"},"modified":"2019-08-02T08:49:25","modified_gmt":"2019-08-02T08:49:25","slug":"9-tipus-de-publicacions-digitals-8","status":"publish","type":"page","link":"http:\/\/disseny.recursos.uoc.edu\/recursos\/dis-marca\/9-tipus-de-publicacions-digitals-8\/","title":{"rendered":"9. Tipos de publicaciones digitales"},"content":{"rendered":"<p><\/p>\n<h3 class=\"p1\">9.4. El dise\u00f1o digital centrado en el usuario: <i>User Experience<\/i> (UX)<\/h3>\n<p class=\"p1\">Cuando un dise\u00f1ador se enfrenta a un dise\u00f1o en soporte digital, hay que tener muy en cuenta la persona a la que va dirigido el producto que estamos dise\u00f1ando, el usuario que tendr\u00e1 que interpretar, entender y saber manejar de manera intuitiva nuestras interactividades. En numerosas ocasiones, las aplicaciones o las p\u00e1ginas de internet se dise\u00f1an teniendo en cuenta solo los objetivos de negocio del producto, pero no hay que perder de vista\u00a0<strong>quien<\/strong>\u00a0es la persona que va a usar este producto. Si no se tiene un conocimiento adecuado de ese usuario final, puede que lo que estemos dise\u00f1ando o bien no cumpla sus objetivos, o puede que dise\u00f1emos cosas que luego no sirvan y desperdiciemos tiempo y recursos haciendo algo que no cumpla su funci\u00f3n.<\/p>\n<p>Ejemplo: Podemos dise\u00f1ar una interfaz de una tienda\u00a0<em>online<\/em>\u00a0en la que el bot\u00f3n de compra no es percibido de manera natural y f\u00e1cilmente por el usuario, por lo que ser\u00e1 un dise\u00f1o fallido. Hemos dedicado tiempo y esfuerzo a dise\u00f1ar algo que no cumple su funci\u00f3n porque el usuario no interpreta ese bot\u00f3n. Por este motivo, surgi\u00f3 el an\u00e1lisis de la experiencia de usuario, conocido como UX.<\/p>\n<h3 class=\"p1\">9.4.1. Una definici\u00f3n de\u00a0UX<\/h3>\n<p>UX, siglas del t\u00e9rmino en ingl\u00e9s <em>User Experience<\/em>, hace referencia al an\u00e1lisis e interpretaci\u00f3n de todo el proceso de interactuaci\u00f3n entre un usuario con un producto o servicio digital. Se logra una buena\u00a0UX al dise\u00f1ar productos \u00fatiles, f\u00e1ciles de usar y que resultan interesantes para el usuario. Se puede lograr una buena UX, si tenemos un enfoque del dise\u00f1o que se centre en la persona y sus necesidades, y que, al mismo tiempo, cumpla con los objetivos de negocio, teniendo siempre en cuenta las limitaciones t\u00e9cnicas de las que se dispone.<\/p>\n<p>Donald Norman (2016), en \u00abThe Future of Design: When you come to a fork in the road, take it\u00bb (<a href=\"https:\/\/jnd.org\" target=\"_blank\">https:\/\/jnd.org<\/a>), define la experiencia del usuario como un proceso que requiere una comprensi\u00f3n profunda de las personas. Determina que tiene que dar comienzo con la observaci\u00f3n de los sujetos y, a partir de ah\u00ed, determinar los problemas y las necesidades, que dar\u00e1n lugar a una serie de pruebas, creaci\u00f3n de prototipos y test de usuarios que tendr\u00e1n, al fin, una realizaci\u00f3n lo m\u00e1s efectiva posible del proyecto.<\/p>","protected":false},"excerpt":{"rendered":"<p>9.4. El dise\u00f1o digital centrado en el usuario: User Experience (UX) Cuando un dise\u00f1ador se enfrenta a un dise\u00f1o en soporte digital, hay que tener muy en cuenta la persona a la que va dirigido el producto que estamos dise\u00f1ando, el usuario que tendr\u00e1 que interpretar, entender y saber manejar de manera intuitiva nuestras interactividades. [&hellip;]<\/p>\n","protected":false},"author":1,"featured_media":0,"parent":0,"menu_order":0,"comment_status":"closed","ping_status":"closed","template":"","meta":[],"acf":[],"_links":{"self":[{"href":"http:\/\/disseny.recursos.uoc.edu\/recursos\/dis-marca\/wp-json\/wp\/v2\/pages\/998"}],"collection":[{"href":"http:\/\/disseny.recursos.uoc.edu\/recursos\/dis-marca\/wp-json\/wp\/v2\/pages"}],"about":[{"href":"http:\/\/disseny.recursos.uoc.edu\/recursos\/dis-marca\/wp-json\/wp\/v2\/types\/page"}],"author":[{"embeddable":true,"href":"http:\/\/disseny.recursos.uoc.edu\/recursos\/dis-marca\/wp-json\/wp\/v2\/users\/1"}],"replies":[{"embeddable":true,"href":"http:\/\/disseny.recursos.uoc.edu\/recursos\/dis-marca\/wp-json\/wp\/v2\/comments?post=998"}],"version-history":[{"count":18,"href":"http:\/\/disseny.recursos.uoc.edu\/recursos\/dis-marca\/wp-json\/wp\/v2\/pages\/998\/revisions"}],"predecessor-version":[{"id":1196,"href":"http:\/\/disseny.recursos.uoc.edu\/recursos\/dis-marca\/wp-json\/wp\/v2\/pages\/998\/revisions\/1196"}],"wp:attachment":[{"href":"http:\/\/disseny.recursos.uoc.edu\/recursos\/dis-marca\/wp-json\/wp\/v2\/media?parent=998"}],"curies":[{"name":"wp","href":"https:\/\/api.w.org\/{rel}","templated":true}]}}