{"id":984,"date":"2019-07-09T10:21:20","date_gmt":"2019-07-09T10:21:20","guid":{"rendered":"http:\/\/disseny.recursos.uoc.edu\/recursos\/dis-marca\/?page_id=984"},"modified":"2019-08-02T08:48:52","modified_gmt":"2019-08-02T08:48:52","slug":"9-tipus-de-publicacions-digitals-6","status":"publish","type":"page","link":"http:\/\/disseny.recursos.uoc.edu\/recursos\/dis-marca\/9-tipus-de-publicacions-digitals-6\/","title":{"rendered":"9. Tipos de publicaciones digitales"},"content":{"rendered":"<p><\/p>\n<h3 class=\"p1\">9.3. Tipos de publicaciones digitales<\/h3>\n<h3>9.3.5. Revistas digitales<\/h3>\n<p>Las revistas digitales son la respuesta digital a una revista impresa tradicional. Est\u00e1n disponibles en la red o por suscripci\u00f3n, pueden ser gratis o requerir alg\u00fan pago. A diferencia de los formatos vistos, las revistas digitales suelen presentarse por medio de una <em>app<\/em> que ofrece una experiencia de usuario completa y adaptada al dispositivo a trav\u00e9s del cual se est\u00e9 visualizando. A la hora de crear una revista en este formato, hay que tener en cuenta todos los principios editoriales que son necesarios e imprescindibles para crear un producto editorial, pero hay que trascender el papel y entender el nuevo formato para poder ofrecer un dise\u00f1o c\u00f3modo y atractivo para el lector.<\/p>\n<div id=\"attachment_985\" style=\"width: 319px\" class=\"wp-caption alignnone\"><img aria-describedby=\"caption-attachment-985\" loading=\"lazy\" class=\"img-responsive wp-image-985 size-full\" src=\"http:\/\/disseny.recursos.uoc.edu\/recursos\/dis-marca\/wp-content\/uploads\/sites\/22\/2019\/07\/01-NG.jpg\" alt=\"\" width=\"309\" height=\"242\" srcset=\"http:\/\/disseny.recursos.uoc.edu\/recursos\/dis-marca\/wp-content\/uploads\/sites\/22\/2019\/07\/01-NG.jpg 309w, http:\/\/disseny.recursos.uoc.edu\/recursos\/dis-marca\/wp-content\/uploads\/sites\/22\/2019\/07\/01-NG-300x235.jpg 300w\" sizes=\"(max-width: 309px) 100vw, 309px\" \/><p id=\"caption-attachment-985\" class=\"wp-caption-text\">Por ejemplo, la revista <em>Historia<\/em> de National Geographic cuenta con una versi\u00f3n para dispositivos m\u00f3viles excepcional, que permite navegar de manera intuitiva e interactuar con los contenidos de manera f\u00e1cil y entretenida.<\/p><\/div>\n<div class=\"definicio\">\n<p>Es muy importante comprender que la versi\u00f3n digital de una revista impresa no sustituye a esta, sino que la complementa, genera un producto distinto e independiente.<\/p>\n<\/div>\n<p>Para poder crear revistas digitales, tenemos que conocer la funcionalidad de interactividad en InDesign, as\u00ed como tener conocimientos de experiencia de usuario (v\u00e9ase el apartado de UX).<\/p>\n<p>En este grupo, se ha avanzado mucho en muy poco tiempo. Se ha pasado de que las revistas fueran un PDF simple descargable a que sea una app la que te permite visualizar cada n\u00famero. Las aplicaciones permiten la navegaci\u00f3n en dispositivos m\u00f3viles, aprovechan todas las peculiares de los terminales y ofrecen una experiencia de usuario m\u00e1s completa y adaptada al usuario. Adem\u00e1s, permiten incorporar m\u00faltiples contenidos: v\u00eddeos, audios, formularios, <em>sliders<\/em> de im\u00e1genes\u2026 su dise\u00f1o est\u00e1 pensado para atraer la atenci\u00f3n de los lectores, para que el usuario se implique e interact\u00fae con su contenido a trav\u00e9s de botones, <em>scrolls<\/em>, ventanas emergentes, juegos\u2026 se puede dise\u00f1ar una portada en movimiento, dise\u00f1os cambiantes, etc.<\/p>\n<p>La creaci\u00f3n de las <em>apps<\/em> suele quedar en manos del departamento inform\u00e1tico que en funci\u00f3n de sus necesidades podr\u00e1 pedir requisitos espec\u00edficos en el dise\u00f1o. Su trabajo consistir\u00e1 en dar vida al dise\u00f1o que hayamos construido de manera que pueda visualizarse como un todo independiente.<\/p>","protected":false},"excerpt":{"rendered":"<p>9.3. Tipos de publicaciones digitales 9.3.5. Revistas digitales Las revistas digitales son la respuesta digital a una revista impresa tradicional. Est\u00e1n disponibles en la red o por suscripci\u00f3n, pueden ser gratis o requerir alg\u00fan pago. A diferencia de los formatos vistos, las revistas digitales suelen presentarse por medio de una app que ofrece una experiencia [&hellip;]<\/p>\n","protected":false},"author":1,"featured_media":0,"parent":0,"menu_order":0,"comment_status":"closed","ping_status":"closed","template":"","meta":[],"acf":[],"_links":{"self":[{"href":"http:\/\/disseny.recursos.uoc.edu\/recursos\/dis-marca\/wp-json\/wp\/v2\/pages\/984"}],"collection":[{"href":"http:\/\/disseny.recursos.uoc.edu\/recursos\/dis-marca\/wp-json\/wp\/v2\/pages"}],"about":[{"href":"http:\/\/disseny.recursos.uoc.edu\/recursos\/dis-marca\/wp-json\/wp\/v2\/types\/page"}],"author":[{"embeddable":true,"href":"http:\/\/disseny.recursos.uoc.edu\/recursos\/dis-marca\/wp-json\/wp\/v2\/users\/1"}],"replies":[{"embeddable":true,"href":"http:\/\/disseny.recursos.uoc.edu\/recursos\/dis-marca\/wp-json\/wp\/v2\/comments?post=984"}],"version-history":[{"count":16,"href":"http:\/\/disseny.recursos.uoc.edu\/recursos\/dis-marca\/wp-json\/wp\/v2\/pages\/984\/revisions"}],"predecessor-version":[{"id":1195,"href":"http:\/\/disseny.recursos.uoc.edu\/recursos\/dis-marca\/wp-json\/wp\/v2\/pages\/984\/revisions\/1195"}],"wp:attachment":[{"href":"http:\/\/disseny.recursos.uoc.edu\/recursos\/dis-marca\/wp-json\/wp\/v2\/media?parent=984"}],"curies":[{"name":"wp","href":"https:\/\/api.w.org\/{rel}","templated":true}]}}