{"id":980,"date":"2019-07-09T09:12:53","date_gmt":"2019-07-09T09:12:53","guid":{"rendered":"http:\/\/disseny.recursos.uoc.edu\/recursos\/dis-marca\/?page_id=980"},"modified":"2019-08-02T09:00:19","modified_gmt":"2019-08-02T09:00:19","slug":"9-tipus-de-publicacions-digitals-5","status":"publish","type":"page","link":"http:\/\/disseny.recursos.uoc.edu\/recursos\/dis-marca\/9-tipus-de-publicacions-digitals-5\/","title":{"rendered":"9. Tipos de publicaciones digitales"},"content":{"rendered":"<p><\/p>\n<h3 class=\"p1\">9.3. Tipos de publicaciones digitales<\/h3>\n<h3>9.3.4. Folletos digitales<\/h3>\n<p>En esta nueva era digital, las compa\u00f1\u00edas y empresas incluyen en sus p\u00e1ginas web la opci\u00f3n de descarga directa de folletos digitales en formato PDF, cuyo dise\u00f1o ser\u00e1 exactamente igual a uno en papel. Solo hay que tener en cuenta que el archivo no pese demasiado para que no sea problem\u00e1tica su descarga. Para el consumidor es c\u00f3modo; para la empresa en cuesti\u00f3n es m\u00e1s barato. El PDF podr\u00eda incluir alg\u00fan tipo de interactividad simple.<\/p>","protected":false},"excerpt":{"rendered":"<p>9.3. Tipos de publicaciones digitales 9.3.4. Folletos digitales En esta nueva era digital, las compa\u00f1\u00edas y empresas incluyen en sus p\u00e1ginas web la opci\u00f3n de descarga directa de folletos digitales en formato PDF, cuyo dise\u00f1o ser\u00e1 exactamente igual a uno en papel. Solo hay que tener en cuenta que el archivo no pese demasiado para [&hellip;]<\/p>\n","protected":false},"author":1,"featured_media":0,"parent":0,"menu_order":0,"comment_status":"closed","ping_status":"closed","template":"","meta":[],"acf":[],"_links":{"self":[{"href":"http:\/\/disseny.recursos.uoc.edu\/recursos\/dis-marca\/wp-json\/wp\/v2\/pages\/980"}],"collection":[{"href":"http:\/\/disseny.recursos.uoc.edu\/recursos\/dis-marca\/wp-json\/wp\/v2\/pages"}],"about":[{"href":"http:\/\/disseny.recursos.uoc.edu\/recursos\/dis-marca\/wp-json\/wp\/v2\/types\/page"}],"author":[{"embeddable":true,"href":"http:\/\/disseny.recursos.uoc.edu\/recursos\/dis-marca\/wp-json\/wp\/v2\/users\/1"}],"replies":[{"embeddable":true,"href":"http:\/\/disseny.recursos.uoc.edu\/recursos\/dis-marca\/wp-json\/wp\/v2\/comments?post=980"}],"version-history":[{"count":7,"href":"http:\/\/disseny.recursos.uoc.edu\/recursos\/dis-marca\/wp-json\/wp\/v2\/pages\/980\/revisions"}],"predecessor-version":[{"id":1202,"href":"http:\/\/disseny.recursos.uoc.edu\/recursos\/dis-marca\/wp-json\/wp\/v2\/pages\/980\/revisions\/1202"}],"wp:attachment":[{"href":"http:\/\/disseny.recursos.uoc.edu\/recursos\/dis-marca\/wp-json\/wp\/v2\/media?parent=980"}],"curies":[{"name":"wp","href":"https:\/\/api.w.org\/{rel}","templated":true}]}}