{"id":959,"date":"2019-07-09T08:47:21","date_gmt":"2019-07-09T08:47:21","guid":{"rendered":"http:\/\/disseny.recursos.uoc.edu\/recursos\/dis-marca\/?page_id=959"},"modified":"2019-07-09T13:51:21","modified_gmt":"2019-07-09T13:51:21","slug":"9-tipus-de-publicacions-digitals-3","status":"publish","type":"page","link":"http:\/\/disseny.recursos.uoc.edu\/recursos\/dis-marca\/9-tipus-de-publicacions-digitals-3\/","title":{"rendered":"9. Tipos de publicaciones digitales"},"content":{"rendered":"<p><\/p>\n<h3>9.2. Ventajas e inconvenientes de las publicaciones digitales<\/h3>\n<h3>9.2.2. Inconvenientes<\/h3>\n<ul>\n<li>En la creaci\u00f3n de publicaciones digitales, se requiere una colaboraci\u00f3n estrecha con profesionales de la inform\u00e1tica que no sol\u00edan estar vinculados a los procesos tradicionales de edici\u00f3n y dise\u00f1o, pero que ahora deben estar presentes para poder llevar el producto a buen puerto. Dise\u00f1adores y programadores tienen que trabajar en el desarrollo de un mismo entorno. El \u00e1rea de dise\u00f1o se encargar\u00e1 de crear la interfaz de la publicaci\u00f3n y la interacci\u00f3n que tendr\u00e1 con el usuario y el \u00e1rea de programaci\u00f3n generar\u00e1 los elementos necesarios para la integraci\u00f3n y funcionalidad de las diferentes partes de la publicaci\u00f3n.<\/li>\n<li>La tecnolog\u00eda envejece hoy en d\u00eda a gran velocidad y eso hace que sea necesario el desarrollo continuo de sistemas de dise\u00f1o y programaci\u00f3n. Los distintos dispositivos tambi\u00e9n cambian r\u00e1pido y el dise\u00f1ador debe estar preparado para entender qu\u00e9 cambios son necesarios y tener la mente abierta para adaptarse a nuevos formatos.<\/li>\n<li>Existe una preocupaci\u00f3n real sobre el destino de toda la producci\u00f3n de contenido que solo se almacena en soporte digital. Puede que este sea uno de los puntos por los que, en nuestros d\u00edas, las publicaciones digitales, a pesar de sus incuestionables ventajas, a\u00fan no han destronado por completo al papel. Se abre el debate de d\u00f3nde quedar\u00e1 almacenado todo lo que se genera de manera digital.<\/li>\n<\/ul>\n<p><\/p>","protected":false},"excerpt":{"rendered":"<p>9.2. Ventajas e inconvenientes de las publicaciones digitales 9.2.2. Inconvenientes En la creaci\u00f3n de publicaciones digitales, se requiere una colaboraci\u00f3n estrecha con profesionales de la inform\u00e1tica que no sol\u00edan estar vinculados a los procesos tradicionales de edici\u00f3n y dise\u00f1o, pero que ahora deben estar presentes para poder llevar el producto a buen puerto. Dise\u00f1adores y [&hellip;]<\/p>\n","protected":false},"author":1,"featured_media":0,"parent":0,"menu_order":0,"comment_status":"closed","ping_status":"closed","template":"","meta":[],"acf":[],"_links":{"self":[{"href":"http:\/\/disseny.recursos.uoc.edu\/recursos\/dis-marca\/wp-json\/wp\/v2\/pages\/959"}],"collection":[{"href":"http:\/\/disseny.recursos.uoc.edu\/recursos\/dis-marca\/wp-json\/wp\/v2\/pages"}],"about":[{"href":"http:\/\/disseny.recursos.uoc.edu\/recursos\/dis-marca\/wp-json\/wp\/v2\/types\/page"}],"author":[{"embeddable":true,"href":"http:\/\/disseny.recursos.uoc.edu\/recursos\/dis-marca\/wp-json\/wp\/v2\/users\/1"}],"replies":[{"embeddable":true,"href":"http:\/\/disseny.recursos.uoc.edu\/recursos\/dis-marca\/wp-json\/wp\/v2\/comments?post=959"}],"version-history":[{"count":3,"href":"http:\/\/disseny.recursos.uoc.edu\/recursos\/dis-marca\/wp-json\/wp\/v2\/pages\/959\/revisions"}],"predecessor-version":[{"id":1088,"href":"http:\/\/disseny.recursos.uoc.edu\/recursos\/dis-marca\/wp-json\/wp\/v2\/pages\/959\/revisions\/1088"}],"wp:attachment":[{"href":"http:\/\/disseny.recursos.uoc.edu\/recursos\/dis-marca\/wp-json\/wp\/v2\/media?parent=959"}],"curies":[{"name":"wp","href":"https:\/\/api.w.org\/{rel}","templated":true}]}}