{"id":954,"date":"2019-07-09T08:45:02","date_gmt":"2019-07-09T08:45:02","guid":{"rendered":"http:\/\/disseny.recursos.uoc.edu\/recursos\/dis-marca\/?page_id=954"},"modified":"2019-08-02T08:40:59","modified_gmt":"2019-08-02T08:40:59","slug":"9-tipus-de-publicacions-digitals-2","status":"publish","type":"page","link":"http:\/\/disseny.recursos.uoc.edu\/recursos\/dis-marca\/9-tipus-de-publicacions-digitals-2\/","title":{"rendered":"9. Tipos de publicaciones digitales"},"content":{"rendered":"<p><\/p>\n<h3>9.2. Ventajas e inconvenientes de las publicaciones digitales<\/h3>\n<h3>9.2.1. Ventajas<\/h3>\n<ul>\n<li>Las publicaciones digitales son de f\u00e1cil acceso. Uno puede acceder a una publicaci\u00f3n digital independientemente del lugar en el que fue creada de manera inmediata, siempre y cuando est\u00e9 disponible de manera <em>online<\/em>.<\/li>\n<li>Los costes de producci\u00f3n de una publicaci\u00f3n digital son mucho menores a los necesarios para producir un producto en soporte f\u00edsico. El coste de producci\u00f3n se limitar\u00eda a las tarifas de servidores o plataformas para poder colocar el producto de manera accesible para su descarga y la mano de obra. Hay que tener en cuenta que las distintas librer\u00edas y quioscos digitales, ya sean de Apple, Android, Amazon o Windows, cobran una cantidad de dinero por poner las revistas o productos editoriales en circulaci\u00f3n, as\u00ed como un porcentaje sobre las ventas.<\/li>\n<li>Desde el punto de vista creativo se rompen las barreras de lo est\u00e1tico que marcaba el soporte en papel. Un dise\u00f1ador ya no crea en un espacio acotado y pensando en un sentido de la lectura \u00fanico, sino que se multiplican las posibilidades. El dise\u00f1ador debe ir guiando al lector a trav\u00e9s de un entramado accesible que tiene que llamar la atenci\u00f3n y fascinar al interlocutor. El dise\u00f1ador debe pensar no solo en t\u00e9rminos de \u00abtexto y foto\u00bb e incorporar movimiento, ya sea en los elementos b\u00e1sicos de dise\u00f1o o con inserciones de audio y video.<\/li>\n<li>Permiten cuantificar f\u00e1cilmente su impacto ya que se puede rastrear su recorrido, contabilizando visitas o clics en los contenidos, e incluso llevar un control del tiempo que el lector invierte en cada punto.<\/li>\n<\/ul>\n<p><\/p>","protected":false},"excerpt":{"rendered":"<p>9.2. Ventajas e inconvenientes de las publicaciones digitales 9.2.1. Ventajas Las publicaciones digitales son de f\u00e1cil acceso. Uno puede acceder a una publicaci\u00f3n digital independientemente del lugar en el que fue creada de manera inmediata, siempre y cuando est\u00e9 disponible de manera online. Los costes de producci\u00f3n de una publicaci\u00f3n digital son mucho menores a [&hellip;]<\/p>\n","protected":false},"author":1,"featured_media":0,"parent":0,"menu_order":0,"comment_status":"closed","ping_status":"closed","template":"","meta":[],"acf":[],"_links":{"self":[{"href":"http:\/\/disseny.recursos.uoc.edu\/recursos\/dis-marca\/wp-json\/wp\/v2\/pages\/954"}],"collection":[{"href":"http:\/\/disseny.recursos.uoc.edu\/recursos\/dis-marca\/wp-json\/wp\/v2\/pages"}],"about":[{"href":"http:\/\/disseny.recursos.uoc.edu\/recursos\/dis-marca\/wp-json\/wp\/v2\/types\/page"}],"author":[{"embeddable":true,"href":"http:\/\/disseny.recursos.uoc.edu\/recursos\/dis-marca\/wp-json\/wp\/v2\/users\/1"}],"replies":[{"embeddable":true,"href":"http:\/\/disseny.recursos.uoc.edu\/recursos\/dis-marca\/wp-json\/wp\/v2\/comments?post=954"}],"version-history":[{"count":12,"href":"http:\/\/disseny.recursos.uoc.edu\/recursos\/dis-marca\/wp-json\/wp\/v2\/pages\/954\/revisions"}],"predecessor-version":[{"id":1191,"href":"http:\/\/disseny.recursos.uoc.edu\/recursos\/dis-marca\/wp-json\/wp\/v2\/pages\/954\/revisions\/1191"}],"wp:attachment":[{"href":"http:\/\/disseny.recursos.uoc.edu\/recursos\/dis-marca\/wp-json\/wp\/v2\/media?parent=954"}],"curies":[{"name":"wp","href":"https:\/\/api.w.org\/{rel}","templated":true}]}}