{"id":944,"date":"2019-07-09T08:34:10","date_gmt":"2019-07-09T08:34:10","guid":{"rendered":"http:\/\/disseny.recursos.uoc.edu\/recursos\/dis-marca\/?page_id=944"},"modified":"2019-08-02T08:23:06","modified_gmt":"2019-08-02T08:23:06","slug":"9-tipus-de-publicacions-digitals","status":"publish","type":"page","link":"http:\/\/disseny.recursos.uoc.edu\/recursos\/dis-marca\/9-tipus-de-publicacions-digitals\/","title":{"rendered":"9. Tipos de publicaciones digitales"},"content":{"rendered":"<p><\/p>\n<h3>9.1. Una definici\u00f3n de publicaci\u00f3n digital<\/h3>\n<div class=\"definicio\">\n<p>Una publicaci\u00f3n digital es aquella\u00a0que se visualiza en un soporte digital, es decir, que se accede a ella mediante un ordenador u otro dispositivo electr\u00f3nico y que, adem\u00e1s de textos, puede reproducir im\u00e1genes, audio y video o contener enlaces u opciones que permiten un juego de interactividad con el receptor.<\/p>\n<\/div>\n<p>Es un hecho indiscutible que cada vez consumimos m\u00e1s contenidos en nuestros dispositivos m\u00f3viles. Estamos acostumbrados a leer el peri\u00f3dico en la tableta, a hacer la compra o a reservar entradas desde nuestro <em>smartphone<\/em>, etc. Las publicaciones digitales interactivas est\u00e1n optimizadas para poder ser visualizadas correctamente en cualquier dispositivo digital y aprovechan, en gran medida, las peculiaridades de estos medios. Los usuarios deben poder moverse por las publicaciones desde cualquier navegador y tendr\u00e1n la opci\u00f3n de descargarse la <em>app<\/em>, si est\u00e1 disponible, en su dispositivo. Para ello, habr\u00e1 que tener en cuenta una serie de premisas t\u00e9cnicas que hagan factible la perfecta navegaci\u00f3n y su completa interactividad.<\/p>\n<p>Desde que las publicaciones digitales comenzaron a despuntar, la discusi\u00f3n acerca de si estas acabar\u00edan sustituyendo a las de papel ha estado en el aire. Esto no tiene visos de suceder, si bien es cierto que lo digital se ha abierto un amplio hueco en un mercado que cada vez se muestra m\u00e1s competitivo. Con el desarrollo de las nuevas tecnolog\u00edas de la informaci\u00f3n, las publicaciones en formato digital han ido ganando terreno, propiciado principalmente por su f\u00e1cil acceso, lo que las convierte en un medio de comunicaci\u00f3n directo y eficiente, y por el abaratamiento de los costes de producci\u00f3n que supone.<\/p>","protected":false},"excerpt":{"rendered":"<p>9.1. Una definici\u00f3n de publicaci\u00f3n digital Una publicaci\u00f3n digital es aquella\u00a0que se visualiza en un soporte digital, es decir, que se accede a ella mediante un ordenador u otro dispositivo electr\u00f3nico y que, adem\u00e1s de textos, puede reproducir im\u00e1genes, audio y video o contener enlaces u opciones que permiten un juego de interactividad con el [&hellip;]<\/p>\n","protected":false},"author":1,"featured_media":0,"parent":0,"menu_order":0,"comment_status":"closed","ping_status":"closed","template":"","meta":[],"acf":[],"_links":{"self":[{"href":"http:\/\/disseny.recursos.uoc.edu\/recursos\/dis-marca\/wp-json\/wp\/v2\/pages\/944"}],"collection":[{"href":"http:\/\/disseny.recursos.uoc.edu\/recursos\/dis-marca\/wp-json\/wp\/v2\/pages"}],"about":[{"href":"http:\/\/disseny.recursos.uoc.edu\/recursos\/dis-marca\/wp-json\/wp\/v2\/types\/page"}],"author":[{"embeddable":true,"href":"http:\/\/disseny.recursos.uoc.edu\/recursos\/dis-marca\/wp-json\/wp\/v2\/users\/1"}],"replies":[{"embeddable":true,"href":"http:\/\/disseny.recursos.uoc.edu\/recursos\/dis-marca\/wp-json\/wp\/v2\/comments?post=944"}],"version-history":[{"count":10,"href":"http:\/\/disseny.recursos.uoc.edu\/recursos\/dis-marca\/wp-json\/wp\/v2\/pages\/944\/revisions"}],"predecessor-version":[{"id":1177,"href":"http:\/\/disseny.recursos.uoc.edu\/recursos\/dis-marca\/wp-json\/wp\/v2\/pages\/944\/revisions\/1177"}],"wp:attachment":[{"href":"http:\/\/disseny.recursos.uoc.edu\/recursos\/dis-marca\/wp-json\/wp\/v2\/media?parent=944"}],"curies":[{"name":"wp","href":"https:\/\/api.w.org\/{rel}","templated":true}]}}