{"id":78,"date":"2017-06-21T06:57:05","date_gmt":"2017-06-21T06:57:05","guid":{"rendered":"http:\/\/disseny.recursos.uoc.edu\/recursos\/dis-marca\/?page_id=78"},"modified":"2017-06-29T06:46:37","modified_gmt":"2017-06-29T06:46:37","slug":"1-introduccion-al-proceso-de-diseno-editorial-7","status":"publish","type":"page","link":"http:\/\/disseny.recursos.uoc.edu\/recursos\/dis-marca\/1-introduccion-al-proceso-de-diseno-editorial-7\/","title":{"rendered":"1. Introducci\u00f3n al proceso de dise\u00f1o editorial"},"content":{"rendered":"<p><\/p>\n<h3>1.3. Mandamientos del dise\u00f1o de revistas<\/h3>\n<p>Una vez que ya tenemos bastante claro cu\u00e1l es el panorama editorial en el que debemos movernos, considero interesante repasar un contenido que pueda resultar algo t\u00f3pico, pero muy aclaratorio a la hora de enfrentar un proyecto desde cero: son los conocidos \u00abmandamientos del dise\u00f1o de revistas\u00bb, elaborados por el famoso dise\u00f1ador <a href=\"#\" class=\"pop\" data-html=\"true\" data-toggle=\"popover\" data-content=\"Roger Black es un dise\u00f1ador de revistas con una larga trayectoria en el mundo editorial. Ha sido director de arte y consultor de dise\u00f1o para las m\u00e1s importantes publicaciones en todo el mundo, como <em>Rolling Stone<\/em>, <em>The New York Times<\/em>, <em>Newsweek<\/em>, <em>Esquire<\/em>, <em>Reader\u00b4s Digest<\/em> y un largo etc\u00e9tera.\" data-placement=\"top\">Roger Black<\/a>.<\/p>\n<p>Black elabora un listado de consejos que pueden ayudar a sentar las bases de un dise\u00f1o. Como casi todo en dise\u00f1o, no son unos enunciados ni exclusivos ni excluyentes, son recomendaciones sencillas y b\u00e1sicas que preparan el terreno y alimentan un buen punto de partida.<\/p>\n<div class=\"cita\">\n<p><strong>1. Pon el contenido en todas las p\u00e1ginas<\/strong>. El dise\u00f1o no es mero adorno, debe proporcionar informaci\u00f3n o entretenimiento en todas las p\u00e1ginas. El contenido siempre debe aparecer en la superficie. Nadie lo lee todo. La \u00fanica persona que leer\u00e1 cada palabra que has escrito es tu madre. El resto, hojear\u00e1n la revista por encima. As\u00ed que aseg\u00farate de incluir contenido en cada una de las p\u00e1ginas.<\/p>\n<p><img loading=\"lazy\" class=\"alignnone size-full wp-image-86 img-responsive\" src=\"http:\/\/disseny.recursos.uoc.edu\/recursos\/dis-marca\/wp-content\/uploads\/sites\/22\/2017\/06\/20118_a1_018.jpg\" alt=\"\" width=\"640\" height=\"386\" srcset=\"http:\/\/disseny.recursos.uoc.edu\/recursos\/dis-marca\/wp-content\/uploads\/sites\/22\/2017\/06\/20118_a1_018.jpg 640w, http:\/\/disseny.recursos.uoc.edu\/recursos\/dis-marca\/wp-content\/uploads\/sites\/22\/2017\/06\/20118_a1_018-300x181.jpg 300w\" sizes=\"(max-width: 640px) 100vw, 640px\" \/><\/p>\n<p><strong>2, 3 y 4. El primer color es el blanco, el segundo el negro y el tercero, el rojo<\/strong>. Cal\u00edgrafos e impresores lo aprendieron hace ya 500 a\u00f1os. Blanco para los fondos, negro para el texto, rojo para subrayar y crear emociones. S\u00e9 extremadamente cuidadoso con el resto de los colores.<\/p>\n<p><img loading=\"lazy\" class=\"alignnone size-full wp-image-87 img-responsive\" src=\"http:\/\/disseny.recursos.uoc.edu\/recursos\/dis-marca\/wp-content\/uploads\/sites\/22\/2017\/06\/20118_a1_019.jpg\" alt=\"\" width=\"640\" height=\"390\" srcset=\"http:\/\/disseny.recursos.uoc.edu\/recursos\/dis-marca\/wp-content\/uploads\/sites\/22\/2017\/06\/20118_a1_019.jpg 640w, http:\/\/disseny.recursos.uoc.edu\/recursos\/dis-marca\/wp-content\/uploads\/sites\/22\/2017\/06\/20118_a1_019-300x183.jpg 300w, http:\/\/disseny.recursos.uoc.edu\/recursos\/dis-marca\/wp-content\/uploads\/sites\/22\/2017\/06\/20118_a1_019-360x220.jpg 360w\" sizes=\"(max-width: 640px) 100vw, 640px\" \/><\/p>\n<p><strong>5. Nunca aumentes el espacio entre las letras<\/strong> en min\u00fasculas \u2013interletraje\u2013, puede parecer elegante y a la moda, pero luce muy mal y cansa. No te dejes arrastrar por el soplo de la moda como el envoltorio de un perrito caliente al viento. No sigas la moda como una veleta.<\/p>\n<p><strong>6. Nunca insertes un texto muy extenso en may\u00fasculas<\/strong>. Al poco de comenzar, su lectura se hace muy dif\u00edcil. El prop\u00f3sito debe ser que nos lean.<\/p>\n<p><strong>7. Una portada tiene que ser un cartel<\/strong>. Una \u00fanica imagen de un ser humano vender\u00e1 m\u00e1s revistas que m\u00faltiples im\u00e1genes de otro tipo. Siempre ha sido as\u00ed, preg\u00fantate el porqu\u00e9.<\/p>\n<p><img loading=\"lazy\" class=\"alignnone size-full wp-image-88 img-responsive\" src=\"http:\/\/disseny.recursos.uoc.edu\/recursos\/dis-marca\/wp-content\/uploads\/sites\/22\/2017\/06\/20118_a1_020.jpg\" alt=\"\" width=\"450\" height=\"574\" srcset=\"http:\/\/disseny.recursos.uoc.edu\/recursos\/dis-marca\/wp-content\/uploads\/sites\/22\/2017\/06\/20118_a1_020.jpg 450w, http:\/\/disseny.recursos.uoc.edu\/recursos\/dis-marca\/wp-content\/uploads\/sites\/22\/2017\/06\/20118_a1_020-235x300.jpg 235w\" sizes=\"(max-width: 450px) 100vw, 450px\" \/><\/p>\n<p><strong>8. Usa solo una o dos familias tipogr\u00e1ficas<\/strong>. El dise\u00f1o italiano es un buen modelo, una idea clara de elementos en armon\u00eda. Evita los galimat\u00edas de fuentes y colores.<\/p>\n<p><img loading=\"lazy\" class=\"alignnone size-full wp-image-89 img-responsive\" src=\"http:\/\/disseny.recursos.uoc.edu\/recursos\/dis-marca\/wp-content\/uploads\/sites\/22\/2017\/06\/20118_a1_021.jpg\" alt=\"\" width=\"640\" height=\"434\" srcset=\"http:\/\/disseny.recursos.uoc.edu\/recursos\/dis-marca\/wp-content\/uploads\/sites\/22\/2017\/06\/20118_a1_021.jpg 640w, http:\/\/disseny.recursos.uoc.edu\/recursos\/dis-marca\/wp-content\/uploads\/sites\/22\/2017\/06\/20118_a1_021-300x203.jpg 300w\" sizes=\"(max-width: 640px) 100vw, 640px\" \/><\/p>\n<p><strong>9. Todo lo m\u00e1s grande que puedas<\/strong>. Las tipograf\u00edas lucen mucho, destacan los detalles de sus caracteres y una mala foto siempre parece mejor.<\/p>\n<p><img loading=\"lazy\" class=\"alignnone size-full wp-image-90 img-responsive\" src=\"http:\/\/disseny.recursos.uoc.edu\/recursos\/dis-marca\/wp-content\/uploads\/sites\/22\/2017\/06\/20118_a1_022.jpg\" alt=\"\" width=\"450\" height=\"583\" srcset=\"http:\/\/disseny.recursos.uoc.edu\/recursos\/dis-marca\/wp-content\/uploads\/sites\/22\/2017\/06\/20118_a1_022.jpg 450w, http:\/\/disseny.recursos.uoc.edu\/recursos\/dis-marca\/wp-content\/uploads\/sites\/22\/2017\/06\/20118_a1_022-232x300.jpg 232w\" sizes=\"(max-width: 450px) 100vw, 450px\" \/><\/p>\n<p><strong>10. Sorprende<\/strong>. El problema de muchos dise\u00f1adores es que no introducen ninguna sorpresa. Si quieres que se preste atenci\u00f3n, tienes que alterar el ritmo de tu presentaci\u00f3n. Si quieres que las personas normales te presten atenci\u00f3n, distintos ritmos en tus dise\u00f1os. La letan\u00eda de foto, titular, texto, anuncio, etc. es como un huevo sin sal.<\/p>\n<p><img loading=\"lazy\" class=\"alignnone size-full wp-image-91 img-responsive\" src=\"http:\/\/disseny.recursos.uoc.edu\/recursos\/dis-marca\/wp-content\/uploads\/sites\/22\/2017\/06\/20118_a1_023.jpg\" alt=\"\" width=\"450\" height=\"570\" srcset=\"http:\/\/disseny.recursos.uoc.edu\/recursos\/dis-marca\/wp-content\/uploads\/sites\/22\/2017\/06\/20118_a1_023.jpg 450w, http:\/\/disseny.recursos.uoc.edu\/recursos\/dis-marca\/wp-content\/uploads\/sites\/22\/2017\/06\/20118_a1_023-237x300.jpg 237w\" sizes=\"(max-width: 450px) 100vw, 450px\" \/><\/p>\n<\/div>\n<p><\/p>","protected":false},"excerpt":{"rendered":"<p>1.3. Mandamientos del dise\u00f1o de revistas Una vez que ya tenemos bastante claro cu\u00e1l es el panorama editorial en el que debemos movernos, considero interesante repasar un contenido que pueda resultar algo t\u00f3pico, pero muy aclaratorio a la hora de enfrentar un proyecto desde cero: son los conocidos \u00abmandamientos del dise\u00f1o de revistas\u00bb, elaborados por [&hellip;]<\/p>\n","protected":false},"author":1,"featured_media":0,"parent":0,"menu_order":0,"comment_status":"closed","ping_status":"closed","template":"","meta":[],"acf":[],"_links":{"self":[{"href":"http:\/\/disseny.recursos.uoc.edu\/recursos\/dis-marca\/wp-json\/wp\/v2\/pages\/78"}],"collection":[{"href":"http:\/\/disseny.recursos.uoc.edu\/recursos\/dis-marca\/wp-json\/wp\/v2\/pages"}],"about":[{"href":"http:\/\/disseny.recursos.uoc.edu\/recursos\/dis-marca\/wp-json\/wp\/v2\/types\/page"}],"author":[{"embeddable":true,"href":"http:\/\/disseny.recursos.uoc.edu\/recursos\/dis-marca\/wp-json\/wp\/v2\/users\/1"}],"replies":[{"embeddable":true,"href":"http:\/\/disseny.recursos.uoc.edu\/recursos\/dis-marca\/wp-json\/wp\/v2\/comments?post=78"}],"version-history":[{"count":7,"href":"http:\/\/disseny.recursos.uoc.edu\/recursos\/dis-marca\/wp-json\/wp\/v2\/pages\/78\/revisions"}],"predecessor-version":[{"id":531,"href":"http:\/\/disseny.recursos.uoc.edu\/recursos\/dis-marca\/wp-json\/wp\/v2\/pages\/78\/revisions\/531"}],"wp:attachment":[{"href":"http:\/\/disseny.recursos.uoc.edu\/recursos\/dis-marca\/wp-json\/wp\/v2\/media?parent=78"}],"curies":[{"name":"wp","href":"https:\/\/api.w.org\/{rel}","templated":true}]}}