{"id":496,"date":"2017-06-22T07:05:12","date_gmt":"2017-06-22T07:05:12","guid":{"rendered":"http:\/\/disseny.recursos.uoc.edu\/recursos\/dis-marca\/?page_id=496"},"modified":"2017-06-29T10:56:48","modified_gmt":"2017-06-29T10:56:48","slug":"referencias","status":"publish","type":"page","link":"http:\/\/disseny.recursos.uoc.edu\/recursos\/dis-marca\/referencias\/","title":{"rendered":"Referencias"},"content":{"rendered":"<p><strong>Albers, J.<\/strong> (2010). <em>Interacci\u00f3n del color<\/em>. Alianza Editorial.<\/p>\n<p><strong>Angeletti, N; Oliva, A.<\/strong> (2002). <em>Revistas que hacen e hicieron historia<\/em>. Ed. Sol 90.<\/p>\n<p><strong>Blasco, L.<\/strong> (2017). <em>Sobreimpresi\u00f3n. De la pantalla al papel y viceversa<\/em>. Indexbook.<\/p>\n<p><strong>Eskilson, S. J.<\/strong> (2007). <em>Graphic Design, a new History<\/em>. Lawrence King Publishing.<\/p>\n<p><strong>Felton, P.<\/strong> (2006). <em>The Ten Commandments of Typography<\/em>. Merrell.<\/p>\n<p><strong>Fern\u00e1ndez, L; Herrera, E.<\/strong> (2016). <em>Dise\u00f1o de cubiertas de libros<\/em>. S\u00edntesis.<\/p>\n<p><strong>Fraser, T.; Banks, A.<\/strong> (2004). <em>Color, la gu\u00eda m\u00e1s completa<\/em>. Evergreen.<\/p>\n<p><strong>Graham, L.<\/strong> (2005). <em>Basic of Design: layout &amp; typography<\/em>. Delmar<\/p>\n<p><strong>Harris, A.<\/strong> (2008). <em>Ret\u00edculas<\/em>. Parram\u00f3n.<\/p>\n<p><strong>Haslam, A.<\/strong> (2007). <em>Creaci\u00f3n, dise\u00f1o y producci\u00f3n de libros<\/em>. Blume.<\/p>\n<p><strong>Jard\u00ed, E.<\/strong> (2007). <em>Veintid\u00f3s consejos sobre tipograf\u00eda (que algunos dise\u00f1adores jam\u00e1s revelar\u00e1n) y veintid\u00f3s cosas que nunca debes hacer con las letras (que algunos tip\u00f3grafos nunca te dir\u00e1n)<\/em>. Actar.<\/p>\n<p><strong>Jard\u00ed, E.<\/strong> (2012). <em>Pensar con im\u00e1genes<\/em>. Gustavo Gili.<\/p>\n<p><strong>Kane, J.<\/strong> (2012). <em>Manual de tipograf\u00eda<\/em>. Gustavo Gili.<\/p>\n<p><strong>Kane, J.<\/strong> (2012). <em>Tipograf\u00eda: funci\u00f3n, forma y dise\u00f1o<\/em>. Gustavo Gili.<\/p>\n<p><strong>Lee, J.<\/strong> (2011). <em>World as image<\/em>. Versi\u00f3n digital disponible en iTunes.<\/p>\n<p><strong>Leslie, J.<\/strong> (2000). <em>Nuevo dise\u00f1o de revistas<\/em>. Gustavo Gili.<\/p>\n<p><strong>Leslie, J.<\/strong> (2003). <em>Nuevo dise\u00f1o de revistas II<\/em>. Gustavo Gili.<\/p>\n<p><strong>Losowsky, A.<\/strong> (2007). <em>We love magazines<\/em>. Mike Koedinger.<\/p>\n<p><strong>Lupton, E. <\/strong>(2016). <em>Dise\u00f1o Gr\u00e1fico<\/em>. Nuevos Fundamentos. Gustavo Gili.<\/p>\n<p><strong>M\u00fcller-Brockmann, J.<\/strong> (2012). <em>Grid Systems in graphic design<\/em>. Gustavo Gili.<\/p>\n<p><strong>Poynor, R.<\/strong> (2003). <em>No m\u00e1s normas. Dise\u00f1o gr\u00e1fico postmoderno<\/em>. Gustavo Gili.<\/p>\n<p><strong>Samara, T.<\/strong> (2004). <em>Dise\u00f1ar con y sin ret\u00edcula<\/em>. Gustavo Gili.<\/p>\n<p><strong>Taylor, S; Brody, N.<\/strong> (2006). <em>100 years of magazine covers<\/em>. Black Dog Publising.<\/p>\n<p><strong>Zappatera, Y. <\/strong>(2007). <em>Art direction + editorial Design<\/em>. Abrams Studio.<\/p>","protected":false},"excerpt":{"rendered":"<p>Albers, J. (2010). Interacci\u00f3n del color. Alianza Editorial. Angeletti, N; Oliva, A. (2002). Revistas que hacen e hicieron historia. Ed. Sol 90. Blasco, L. (2017). Sobreimpresi\u00f3n. De la pantalla al papel y viceversa. Indexbook. Eskilson, S. J. (2007). Graphic Design, a new History. Lawrence King Publishing. Felton, P. (2006). The Ten Commandments of Typography. Merrell. [&hellip;]<\/p>\n","protected":false},"author":1,"featured_media":0,"parent":0,"menu_order":0,"comment_status":"closed","ping_status":"closed","template":"","meta":[],"acf":[],"_links":{"self":[{"href":"http:\/\/disseny.recursos.uoc.edu\/recursos\/dis-marca\/wp-json\/wp\/v2\/pages\/496"}],"collection":[{"href":"http:\/\/disseny.recursos.uoc.edu\/recursos\/dis-marca\/wp-json\/wp\/v2\/pages"}],"about":[{"href":"http:\/\/disseny.recursos.uoc.edu\/recursos\/dis-marca\/wp-json\/wp\/v2\/types\/page"}],"author":[{"embeddable":true,"href":"http:\/\/disseny.recursos.uoc.edu\/recursos\/dis-marca\/wp-json\/wp\/v2\/users\/1"}],"replies":[{"embeddable":true,"href":"http:\/\/disseny.recursos.uoc.edu\/recursos\/dis-marca\/wp-json\/wp\/v2\/comments?post=496"}],"version-history":[{"count":2,"href":"http:\/\/disseny.recursos.uoc.edu\/recursos\/dis-marca\/wp-json\/wp\/v2\/pages\/496\/revisions"}],"predecessor-version":[{"id":610,"href":"http:\/\/disseny.recursos.uoc.edu\/recursos\/dis-marca\/wp-json\/wp\/v2\/pages\/496\/revisions\/610"}],"wp:attachment":[{"href":"http:\/\/disseny.recursos.uoc.edu\/recursos\/dis-marca\/wp-json\/wp\/v2\/media?parent=496"}],"curies":[{"name":"wp","href":"https:\/\/api.w.org\/{rel}","templated":true}]}}