{"id":48,"date":"2017-06-20T12:56:42","date_gmt":"2017-06-20T12:56:42","guid":{"rendered":"http:\/\/disseny.recursos.uoc.edu\/recursos\/dis-marca\/?page_id=48"},"modified":"2017-09-07T08:16:11","modified_gmt":"2017-09-07T08:16:11","slug":"1-introduccion-al-proceso-de-diseno-editorial-4","status":"publish","type":"page","link":"http:\/\/disseny.recursos.uoc.edu\/recursos\/dis-marca\/1-introduccion-al-proceso-de-diseno-editorial-4\/","title":{"rendered":"1. Introducci\u00f3n al proceso de dise\u00f1o editorial"},"content":{"rendered":"<p><\/p>\n<h3>1.2. Introducci\u00f3n a los distintos formatos<\/h3>\n<h3>1.2.3. Revistas<\/h3>\n<h4>1.2.3.1. Definici\u00f3n<\/h4>\n<p>LA RAE define <em>revista<\/em> como \u00abuna publicaci\u00f3n peri\u00f3dica con textos e im\u00e1genes sobre varias materias, o sobre una especialmente\u00bb. En un \u00e1mbito editorial, es uno de los productos m\u00e1s completos que existen.<\/p>\n<p>Cada revista suele tener su propia personalidad, a lo que ha de contribuir la imagen gr\u00e1fica que se construya y desarrolle para ella.<\/p>\n<h4>1.2.3.2. Estructura<\/h4>\n<p>A grandes rasgos, todas las revistas suelen tener puntos comunes en su estructura:<\/p>\n<p>La portada es lo primero que el lector ve de la publicaci\u00f3n, por lo que ha de comunicar de manera directa c\u00f3mo es el contenido. Este primer impacto que recibe el lector es fundamental, y determinar\u00e1 su intenci\u00f3n de compra. El objetivo principal de una revista es vender ejemplares, por lo que la portada ha de captar la atenci\u00f3n de los lectores de manera efectiva. El dise\u00f1o debe ser cuidado y vistoso, y los contenidos tienen que resultar interesantes. En ella encontraremos la marca propia de la revista o cabecera, la cual ha de ser reconocible, n\u00famero tras n\u00famero. Conseguir una imagen de marca definida solo puede lograrse con la repetici\u00f3n de elementos y recursos, hasta que estos acaben convirti\u00e9ndose en algo identificativo de la publicaci\u00f3n. Es lo que se denomina <em>branding<\/em>, algo imprescindible en la comercializaci\u00f3n del producto.<\/p>\n<div id=\"attachment_54\" style=\"width: 650px\" class=\"wp-caption alignnone\"><img aria-describedby=\"caption-attachment-54\" loading=\"lazy\" class=\"img-responsive wp-image-54 size-full\" src=\"http:\/\/disseny.recursos.uoc.edu\/recursos\/dis-marca\/wp-content\/uploads\/sites\/22\/2017\/06\/20118_a1_007.jpg\" alt=\"\" width=\"640\" height=\"308\" srcset=\"http:\/\/disseny.recursos.uoc.edu\/recursos\/dis-marca\/wp-content\/uploads\/sites\/22\/2017\/06\/20118_a1_007.jpg 640w, http:\/\/disseny.recursos.uoc.edu\/recursos\/dis-marca\/wp-content\/uploads\/sites\/22\/2017\/06\/20118_a1_007-300x144.jpg 300w\" sizes=\"(max-width: 640px) 100vw, 640px\" \/><p id=\"caption-attachment-54\" class=\"wp-caption-text\">Hay una serie de elementos que son los que construyen la personalidad del producto, la cual queda instaurada en el tiempo a partir de la repetici\u00f3n. En la imagen, vemos tres portadas diferentes de la revista <em>National Geographic<\/em>, en las que lo que m\u00e1s resalta es el marco amarillo que caracteriza a la revista. Las dos primeras pertenecen a la edici\u00f3n espa\u00f1ola de la revista, y la \u00faltima, a la edici\u00f3n americana, pero se puede ver claramente que la identidad de marca se mantiene en todas.<\/p><\/div>\n<p><img loading=\"lazy\" class=\"alignnone size-full wp-image-937 img-responsive\" src=\"http:\/\/disseny.recursos.uoc.edu\/recursos\/dis-marca\/wp-content\/uploads\/sites\/22\/2017\/06\/vanity.jpg\" alt=\"\" width=\"2892\" height=\"840\" srcset=\"http:\/\/disseny.recursos.uoc.edu\/recursos\/dis-marca\/wp-content\/uploads\/sites\/22\/2017\/06\/vanity.jpg 2892w, http:\/\/disseny.recursos.uoc.edu\/recursos\/dis-marca\/wp-content\/uploads\/sites\/22\/2017\/06\/vanity-300x87.jpg 300w, http:\/\/disseny.recursos.uoc.edu\/recursos\/dis-marca\/wp-content\/uploads\/sites\/22\/2017\/06\/vanity-768x223.jpg 768w, http:\/\/disseny.recursos.uoc.edu\/recursos\/dis-marca\/wp-content\/uploads\/sites\/22\/2017\/06\/vanity-1024x297.jpg 1024w\" sizes=\"(max-width: 2892px) 100vw, 2892px\" \/><img loading=\"lazy\" class=\"alignnone size-full wp-image-936 img-responsive\" src=\"http:\/\/disseny.recursos.uoc.edu\/recursos\/dis-marca\/wp-content\/uploads\/sites\/22\/2017\/06\/mariclaire.jpg\" alt=\"\" width=\"3792\" height=\"1041\" srcset=\"http:\/\/disseny.recursos.uoc.edu\/recursos\/dis-marca\/wp-content\/uploads\/sites\/22\/2017\/06\/mariclaire.jpg 3792w, http:\/\/disseny.recursos.uoc.edu\/recursos\/dis-marca\/wp-content\/uploads\/sites\/22\/2017\/06\/mariclaire-300x82.jpg 300w, http:\/\/disseny.recursos.uoc.edu\/recursos\/dis-marca\/wp-content\/uploads\/sites\/22\/2017\/06\/mariclaire-768x211.jpg 768w, http:\/\/disseny.recursos.uoc.edu\/recursos\/dis-marca\/wp-content\/uploads\/sites\/22\/2017\/06\/mariclaire-1024x281.jpg 1024w\" sizes=\"(max-width: 3792px) 100vw, 3792px\" \/><\/p>\n<div id=\"attachment_938\" style=\"width: 2610px\" class=\"wp-caption alignnone\"><img aria-describedby=\"caption-attachment-938\" loading=\"lazy\" class=\"img-responsive wp-image-938 size-full\" src=\"http:\/\/disseny.recursos.uoc.edu\/recursos\/dis-marca\/wp-content\/uploads\/sites\/22\/2017\/06\/woman.jpg\" alt=\"\" width=\"2600\" height=\"1529\" srcset=\"http:\/\/disseny.recursos.uoc.edu\/recursos\/dis-marca\/wp-content\/uploads\/sites\/22\/2017\/06\/woman.jpg 2600w, http:\/\/disseny.recursos.uoc.edu\/recursos\/dis-marca\/wp-content\/uploads\/sites\/22\/2017\/06\/woman-300x176.jpg 300w, http:\/\/disseny.recursos.uoc.edu\/recursos\/dis-marca\/wp-content\/uploads\/sites\/22\/2017\/06\/woman-768x452.jpg 768w, http:\/\/disseny.recursos.uoc.edu\/recursos\/dis-marca\/wp-content\/uploads\/sites\/22\/2017\/06\/woman-1024x602.jpg 1024w\" sizes=\"(max-width: 2600px) 100vw, 2600px\" \/><p id=\"caption-attachment-938\" class=\"wp-caption-text\">Es un ejercicio imprescindible aprender a observar las portadas de las distintas publicaciones y reconocer los elementos que les van otorgando su personalidad: la imagen de marca.<\/p><\/div>\n<p>Las \u00abtripas\u00bb de la revista suelen estar divididas en grandes bloques. Se suelen encontrar grandes reportajes, art\u00edculos m\u00e1s peque\u00f1os y secciones fijas (el \u00edndice, consultorios, novedades, etc.). El dise\u00f1o de la revista ha de ser un todo arm\u00f3nico, pero cada bloque debe tener su peque\u00f1a distinci\u00f3n gr\u00e1fica.<\/p>\n<h4>1.2.3.3. Tipos de revistas<\/h4>\n<p>En un \u00e1mbito editorial, todas las revistas pueden englobarse dentro de cuatro categor\u00edas: revistas informativas, especializadas, cient\u00edficas y de entretenimiento. Pueden estar destinadas a diferentes p\u00fablicos (adultos, infantiles, femeninas, masculinas, etc.) pero, a grandes rasgos, su tem\u00e1tica puede ser categorizada dentro de uno de estos grupos. Los recursos gr\u00e1ficos usados han de ser acordes al tipo de revista que estamos haciendo y a c\u00f3mo los contenidos quieren ser difundidos.<\/p>\n<ol>\n<li>Revistas informativas. Su funci\u00f3n es informar o comunicar informaci\u00f3n de actualidad, normalmente temas relacionados con econom\u00eda, pol\u00edtica, sociedad, etc. Pueden definirse como la \u00abversi\u00f3n no diaria de los peri\u00f3dicos\u00bb.<\/li>\n<li>Revistas de divulgaci\u00f3n cient\u00edfica. Su contenido se estructura en torno a la comunicaci\u00f3n de avances, descubrimientos o investigaciones llevadas a cabo en materia de ciencia. Solo publican informaciones contrastadas, por lo que cuentan con un alto grado de credibilidad.<\/li>\n<\/ol>\n<div id=\"attachment_56\" style=\"width: 650px\" class=\"wp-caption alignnone\"><img aria-describedby=\"caption-attachment-56\" loading=\"lazy\" class=\"img-responsive wp-image-56 size-full\" src=\"http:\/\/disseny.recursos.uoc.edu\/recursos\/dis-marca\/wp-content\/uploads\/sites\/22\/2017\/06\/20118_a1_009.jpg\" alt=\"\" width=\"640\" height=\"264\" srcset=\"http:\/\/disseny.recursos.uoc.edu\/recursos\/dis-marca\/wp-content\/uploads\/sites\/22\/2017\/06\/20118_a1_009.jpg 640w, http:\/\/disseny.recursos.uoc.edu\/recursos\/dis-marca\/wp-content\/uploads\/sites\/22\/2017\/06\/20118_a1_009-300x124.jpg 300w\" sizes=\"(max-width: 640px) 100vw, 640px\" \/><p id=\"caption-attachment-56\" class=\"wp-caption-text\">Ejemplos de cabeceras cient\u00edficas de gran importancia a nivel mundial.<\/p><\/div>\n<ol start=\"3\">\n<li>Revistas especializadas. Son revistas que giran en torno a un tema en particular, por lo que suelen estar orientadas a un p\u00fablico con intereses en estos sectores, de modo que no suelen ser masivas.<\/li>\n<\/ol>\n<div id=\"attachment_57\" style=\"width: 650px\" class=\"wp-caption alignnone\"><img aria-describedby=\"caption-attachment-57\" loading=\"lazy\" class=\"img-responsive wp-image-57 size-full\" src=\"http:\/\/disseny.recursos.uoc.edu\/recursos\/dis-marca\/wp-content\/uploads\/sites\/22\/2017\/06\/20118_a1_010.jpg\" alt=\"\" width=\"640\" height=\"265\" srcset=\"http:\/\/disseny.recursos.uoc.edu\/recursos\/dis-marca\/wp-content\/uploads\/sites\/22\/2017\/06\/20118_a1_010.jpg 640w, http:\/\/disseny.recursos.uoc.edu\/recursos\/dis-marca\/wp-content\/uploads\/sites\/22\/2017\/06\/20118_a1_010-300x124.jpg 300w\" sizes=\"(max-width: 640px) 100vw, 640px\" \/><p id=\"caption-attachment-57\" class=\"wp-caption-text\">Ejemplos de revistas especializadas en diferentes \u00e1reas.<\/p><\/div>\n<ol start=\"4\">\n<li>Revistas de ocio. Revistas cuyo fin es entretener a la audiencia. Sus contenidos pueden ser informativos, pero est\u00e1n tratados de forma amena y con menor profundidad. En este bloque se incluye la mayor parte de las revistas generalistas, las m\u00e1s conocidas, porque son las que mayor difusi\u00f3n tienen (pueden ser de moda, de coraz\u00f3n, de m\u00fasica, cine, etc.).<\/li>\n<\/ol>\n<div id=\"attachment_58\" style=\"width: 760px\" class=\"wp-caption alignnone\"><img aria-describedby=\"caption-attachment-58\" loading=\"lazy\" class=\"img-responsive wp-image-58 size-full\" src=\"http:\/\/disseny.recursos.uoc.edu\/recursos\/dis-marca\/wp-content\/uploads\/sites\/22\/2017\/06\/20118_a1_011.jpg\" alt=\"\" width=\"750\" height=\"149\" srcset=\"http:\/\/disseny.recursos.uoc.edu\/recursos\/dis-marca\/wp-content\/uploads\/sites\/22\/2017\/06\/20118_a1_011.jpg 750w, http:\/\/disseny.recursos.uoc.edu\/recursos\/dis-marca\/wp-content\/uploads\/sites\/22\/2017\/06\/20118_a1_011-300x60.jpg 300w\" sizes=\"(max-width: 750px) 100vw, 750px\" \/><p id=\"caption-attachment-58\" class=\"wp-caption-text\">Ejemplos de revistas que actualmente se editan en Espa\u00f1a.<\/p><\/div>\n<p>En la actualidad, el formato de revista digital ha ido cobrando forma. En ocasiones, estas son una trasposici\u00f3n a la web de la revista en papel. En otras, son revistas ya creadas para este formato. Todav\u00eda estamos en proceso de implantaci\u00f3n de este tipo de publicaciones, y las grandes editoriales a\u00fan se muestran reacias. Los costes de realizaci\u00f3n son mucho m\u00e1s baratos, su difusi\u00f3n m\u00e1s inmediata, pero son menos rentables, ya que deben tener un precio muy asequible o ser gratuitas (el lector todav\u00eda tiene prejuicios en lo que respecta a pagar por contenidos digitales). Tambi\u00e9n la publicidad entra dif\u00edcilmente en este sector y, si lo hace, nunca a las tarifas que se manejan en los medios impresos.<\/p>\n<p>Queda mucho camino que recorrer en este \u00e1mbito. Las posibilidades en dise\u00f1o se multiplican, y la introducci\u00f3n de contenidos enriquecidos (enlaces a sitios web, v\u00eddeos, archivos de audio, galer\u00edas en movimiento, etc.) en las p\u00e1ginas, manteniendo un estilo editorial, abre todo un nuevo panorama creativo.<\/p>\n<div id=\"attachment_59\" style=\"width: 650px\" class=\"wp-caption alignnone\"><img aria-describedby=\"caption-attachment-59\" loading=\"lazy\" class=\"img-responsive wp-image-59 size-full\" src=\"http:\/\/disseny.recursos.uoc.edu\/recursos\/dis-marca\/wp-content\/uploads\/sites\/22\/2017\/06\/20118_a1_012.jpg\" alt=\"\" width=\"640\" height=\"276\" srcset=\"http:\/\/disseny.recursos.uoc.edu\/recursos\/dis-marca\/wp-content\/uploads\/sites\/22\/2017\/06\/20118_a1_012.jpg 640w, http:\/\/disseny.recursos.uoc.edu\/recursos\/dis-marca\/wp-content\/uploads\/sites\/22\/2017\/06\/20118_a1_012-300x129.jpg 300w\" sizes=\"(max-width: 640px) 100vw, 640px\" \/><p id=\"caption-attachment-59\" class=\"wp-caption-text\">Un ejemplo de revista creada espec\u00edficamente para soporte digital es <em>Don<\/em>. Con un dise\u00f1o moderno y cargado de interactividad, es un interesante modelo para hacerse una idea de todas las posibilidades que se pueden desarrollar en estos nuevos formatos.<\/p><\/div>\n<h4>1.2.3.4. Los pliegos<\/h4>\n<p>Cuando una revista se imprime en una rotativa o imprenta, no se hace p\u00e1gina a p\u00e1gina sino que se imprimen unas hojas de gran tama\u00f1o denominadas <em>pliegos<\/em> que, al ser dobladas un n\u00famero concreto de veces, conforman un bloque de la revista en el orden correcto. Para que una publicaci\u00f3n cuadre con el sistema de impresi\u00f3n, habr\u00e1 que tener claros tanto el tama\u00f1o tanto de la revista (para que encaje en el pliego), como el n\u00famero de p\u00e1ginas totales necesarias.<\/p>\n<p>El tama\u00f1o de los pliegos ha de ser facilitado por el impresor (o el departamento de producci\u00f3n, si se trata de una editorial). Ellos calcular\u00e1n con las bobinas de papel que se van a utilizar en la impresi\u00f3n qu\u00e9 tipos de pliegos son los m\u00e1s rentables.<\/p>\n<p>Lo que el dise\u00f1ador ha de tener en cuenta con este proceso es que, a la hora de decidir el n\u00famero de p\u00e1ginas totales de la revista, no puede hacerse de manera aleatoria, y que siempre han de ser m\u00faltiplo de cuatro. En un \u00e1mbito de dise\u00f1o, no afectar\u00e1 para nada el hecho de que ese n\u00famero de p\u00e1ginas se impriman en pliegos de 8, 32 o 72 p\u00e1ginas.<\/p>\n<h4>1.2.3.5. El planillo o alzado<\/h4>\n<p>Lo que en el mundo editorial se conoce como \u00abplanillo\u00bb es la soluci\u00f3n que surge a la necesidad de poder controlar el contenido \u00edntegro de una revista. Un planillo es un esquema de todas las p\u00e1ginas, en el que se marcan los pliegos que componen la publicaci\u00f3n y todos los contenidos que hay en la misma. Con este, se puede llevar un control extremo acerca del orden de los temas, la extensi\u00f3n o el estado dentro del flujo de trabajo.<\/p>\n<div id=\"attachment_63\" style=\"width: 650px\" class=\"wp-caption alignnone\"><img aria-describedby=\"caption-attachment-63\" loading=\"lazy\" class=\"img-responsive wp-image-63 size-full\" src=\"http:\/\/disseny.recursos.uoc.edu\/recursos\/dis-marca\/wp-content\/uploads\/sites\/22\/2017\/06\/20118_a1_013.jpg\" alt=\"\" width=\"640\" height=\"479\" srcset=\"http:\/\/disseny.recursos.uoc.edu\/recursos\/dis-marca\/wp-content\/uploads\/sites\/22\/2017\/06\/20118_a1_013.jpg 640w, http:\/\/disseny.recursos.uoc.edu\/recursos\/dis-marca\/wp-content\/uploads\/sites\/22\/2017\/06\/20118_a1_013-300x225.jpg 300w\" sizes=\"(max-width: 640px) 100vw, 640px\" \/><p id=\"caption-attachment-63\" class=\"wp-caption-text\">En la imagen podemos ver un planillo visual colocado en la pared. Este tipo de planillos son ideales para poder observar de un vistazo el ritmo que tendr\u00e1 la revista, la extensi\u00f3n de los distintos bloques o la variedad de las maquetas en el flujo de la revista.<\/p><\/div>\n<p><div id=\"attachment_661\" style=\"width: 1210px\" class=\"wp-caption alignnone\"><img aria-describedby=\"caption-attachment-661\" loading=\"lazy\" class=\"img-responsive wp-image-661 size-full\" src=\"http:\/\/disseny.recursos.uoc.edu\/recursos\/dis-marca\/wp-content\/uploads\/sites\/22\/2017\/06\/20118_a1_014-1.jpg\" alt=\"\" width=\"1200\" height=\"2412\" srcset=\"http:\/\/disseny.recursos.uoc.edu\/recursos\/dis-marca\/wp-content\/uploads\/sites\/22\/2017\/06\/20118_a1_014-1.jpg 1200w, http:\/\/disseny.recursos.uoc.edu\/recursos\/dis-marca\/wp-content\/uploads\/sites\/22\/2017\/06\/20118_a1_014-1-149x300.jpg 149w, http:\/\/disseny.recursos.uoc.edu\/recursos\/dis-marca\/wp-content\/uploads\/sites\/22\/2017\/06\/20118_a1_014-1-768x1544.jpg 768w, http:\/\/disseny.recursos.uoc.edu\/recursos\/dis-marca\/wp-content\/uploads\/sites\/22\/2017\/06\/20118_a1_014-1-509x1024.jpg 509w\" sizes=\"(max-width: 1200px) 100vw, 1200px\" \/><p id=\"caption-attachment-661\" class=\"wp-caption-text\">En la imagen podemos ver un ejemplo de planillo de un n\u00famero de la revista <em>Woman<\/em>.<\/p><\/div><\/p>","protected":false},"excerpt":{"rendered":"<p>1.2. Introducci\u00f3n a los distintos formatos 1.2.3. Revistas 1.2.3.1. Definici\u00f3n LA RAE define revista como \u00abuna publicaci\u00f3n peri\u00f3dica con textos e im\u00e1genes sobre varias materias, o sobre una especialmente\u00bb. En un \u00e1mbito editorial, es uno de los productos m\u00e1s completos que existen. Cada revista suele tener su propia personalidad, a lo que ha de contribuir [&hellip;]<\/p>\n","protected":false},"author":1,"featured_media":0,"parent":0,"menu_order":0,"comment_status":"closed","ping_status":"closed","template":"","meta":[],"acf":[],"_links":{"self":[{"href":"http:\/\/disseny.recursos.uoc.edu\/recursos\/dis-marca\/wp-json\/wp\/v2\/pages\/48"}],"collection":[{"href":"http:\/\/disseny.recursos.uoc.edu\/recursos\/dis-marca\/wp-json\/wp\/v2\/pages"}],"about":[{"href":"http:\/\/disseny.recursos.uoc.edu\/recursos\/dis-marca\/wp-json\/wp\/v2\/types\/page"}],"author":[{"embeddable":true,"href":"http:\/\/disseny.recursos.uoc.edu\/recursos\/dis-marca\/wp-json\/wp\/v2\/users\/1"}],"replies":[{"embeddable":true,"href":"http:\/\/disseny.recursos.uoc.edu\/recursos\/dis-marca\/wp-json\/wp\/v2\/comments?post=48"}],"version-history":[{"count":30,"href":"http:\/\/disseny.recursos.uoc.edu\/recursos\/dis-marca\/wp-json\/wp\/v2\/pages\/48\/revisions"}],"predecessor-version":[{"id":942,"href":"http:\/\/disseny.recursos.uoc.edu\/recursos\/dis-marca\/wp-json\/wp\/v2\/pages\/48\/revisions\/942"}],"wp:attachment":[{"href":"http:\/\/disseny.recursos.uoc.edu\/recursos\/dis-marca\/wp-json\/wp\/v2\/media?parent=48"}],"curies":[{"name":"wp","href":"https:\/\/api.w.org\/{rel}","templated":true}]}}