{"id":471,"date":"2017-06-22T06:37:25","date_gmt":"2017-06-22T06:37:25","guid":{"rendered":"http:\/\/disseny.recursos.uoc.edu\/recursos\/dis-marca\/?page_id=471"},"modified":"2017-07-21T07:21:18","modified_gmt":"2017-07-21T07:21:18","slug":"8-el-arte-final-3","status":"publish","type":"page","link":"http:\/\/disseny.recursos.uoc.edu\/recursos\/dis-marca\/8-el-arte-final-3\/","title":{"rendered":"8. El arte final"},"content":{"rendered":"<p><\/p>\n<h3>8.2. Archivos listos para imprenta. Formato PDF<\/h3>\n<h3>8.2.2. Resoluci\u00f3n de las im\u00e1genes<\/h3>\n<p>La resoluci\u00f3n necesaria para que las im\u00e1genes se impriman correctamente ha de ser 300 PPI (pixeles por pulgada). En peri\u00f3dicos, el rango suele bajar a 250 PPI, y en impresiones de gran formato puede bajar hasta 150 PPI. Como vimos en el apartado dedicado a las im\u00e1genes, es muy importante que las fotos tengan la resoluci\u00f3n correcta porque, si no, a la hora de imprimir quedar\u00e1n pixeladas. Al generar el archivo PDF final, tambi\u00e9n tenemos que asegurarnos de que las opciones de resoluci\u00f3n est\u00e9n a 300 PPI. Del mismo modo, hay que evitar que las im\u00e1genes tengan una ampliaci\u00f3n superior al 130 %, porque esto tambi\u00e9n influir\u00eda en su mala impresi\u00f3n.<\/p>\n<p><div id=\"attachment_812\" style=\"width: 910px\" class=\"wp-caption alignnone\"><a href=\"http:\/\/disseny.recursos.uoc.edu\/recursos\/dis-marca\/wp-content\/uploads\/sites\/22\/2017\/06\/20118_a8_002z-1.jpg\"><img aria-describedby=\"caption-attachment-812\" loading=\"lazy\" class=\"img-responsive wp-image-812 size-full\" src=\"http:\/\/disseny.recursos.uoc.edu\/recursos\/dis-marca\/wp-content\/uploads\/sites\/22\/2017\/06\/20118_a8_002z-1.jpg\" alt=\"\" width=\"900\" height=\"623\" srcset=\"http:\/\/disseny.recursos.uoc.edu\/recursos\/dis-marca\/wp-content\/uploads\/sites\/22\/2017\/06\/20118_a8_002z-1.jpg 900w, http:\/\/disseny.recursos.uoc.edu\/recursos\/dis-marca\/wp-content\/uploads\/sites\/22\/2017\/06\/20118_a8_002z-1-300x208.jpg 300w, http:\/\/disseny.recursos.uoc.edu\/recursos\/dis-marca\/wp-content\/uploads\/sites\/22\/2017\/06\/20118_a8_002z-1-768x532.jpg 768w\" sizes=\"(max-width: 900px) 100vw, 900px\" \/><\/a><p id=\"caption-attachment-812\" class=\"wp-caption-text\">Las im\u00e1genes deben tener una resoluci\u00f3n de 300 PPI si queremos que la impresi\u00f3n sea correcta.<\/p><\/div><\/p>","protected":false},"excerpt":{"rendered":"<p>8.2. Archivos listos para imprenta. Formato PDF 8.2.2. Resoluci\u00f3n de las im\u00e1genes La resoluci\u00f3n necesaria para que las im\u00e1genes se impriman correctamente ha de ser 300 PPI (pixeles por pulgada). En peri\u00f3dicos, el rango suele bajar a 250 PPI, y en impresiones de gran formato puede bajar hasta 150 PPI. Como vimos en el apartado [&hellip;]<\/p>\n","protected":false},"author":1,"featured_media":0,"parent":0,"menu_order":0,"comment_status":"closed","ping_status":"closed","template":"","meta":[],"acf":[],"_links":{"self":[{"href":"http:\/\/disseny.recursos.uoc.edu\/recursos\/dis-marca\/wp-json\/wp\/v2\/pages\/471"}],"collection":[{"href":"http:\/\/disseny.recursos.uoc.edu\/recursos\/dis-marca\/wp-json\/wp\/v2\/pages"}],"about":[{"href":"http:\/\/disseny.recursos.uoc.edu\/recursos\/dis-marca\/wp-json\/wp\/v2\/types\/page"}],"author":[{"embeddable":true,"href":"http:\/\/disseny.recursos.uoc.edu\/recursos\/dis-marca\/wp-json\/wp\/v2\/users\/1"}],"replies":[{"embeddable":true,"href":"http:\/\/disseny.recursos.uoc.edu\/recursos\/dis-marca\/wp-json\/wp\/v2\/comments?post=471"}],"version-history":[{"count":4,"href":"http:\/\/disseny.recursos.uoc.edu\/recursos\/dis-marca\/wp-json\/wp\/v2\/pages\/471\/revisions"}],"predecessor-version":[{"id":813,"href":"http:\/\/disseny.recursos.uoc.edu\/recursos\/dis-marca\/wp-json\/wp\/v2\/pages\/471\/revisions\/813"}],"wp:attachment":[{"href":"http:\/\/disseny.recursos.uoc.edu\/recursos\/dis-marca\/wp-json\/wp\/v2\/media?parent=471"}],"curies":[{"name":"wp","href":"https:\/\/api.w.org\/{rel}","templated":true}]}}