{"id":463,"date":"2017-06-22T06:31:52","date_gmt":"2017-06-22T06:31:52","guid":{"rendered":"http:\/\/disseny.recursos.uoc.edu\/recursos\/dis-marca\/?page_id=463"},"modified":"2017-07-12T13:25:02","modified_gmt":"2017-07-12T13:25:02","slug":"8-el-arte-final","status":"publish","type":"page","link":"http:\/\/disseny.recursos.uoc.edu\/recursos\/dis-marca\/8-el-arte-final\/","title":{"rendered":"8. El arte final"},"content":{"rendered":"<p><\/p>\n<h3>8.1. Importancia del arte final<\/h3>\n<p>Tan importante como controlar el proceso de creaci\u00f3n de los documentos, es tener conocimiento de c\u00f3mo hay que enviarlos a la imprenta para que el resultado final impreso corresponda con lo que hemos dise\u00f1ado. De nada sirve un buen dise\u00f1o si no controlamos los procesos de impresi\u00f3n y la calidad del resultado. Es importante ser conscientes de esto para no llevarnos sorpresas con el resultado impreso: colores que no corresponden, sobreimpresiones con las que no cont\u00e1bamos, etc. Por ello, debemos conocer las caracter\u00edsticas de un documento y c\u00f3mo ha de ser mandado a imprenta para que no surjan problemas en el resultado final.<\/p>\n<p>Se conoce por el nombre de <em>arte final<\/em> el material que ya est\u00e1 completamente preparado para pasar a fotolitos, mediante t\u00e9cnicas de reproducci\u00f3n adecuadas. Es el material ya listo para enviar a imprenta, completamente terminado y que no precisar\u00e1 de retoques posteriores. El proceso de trasladar el arte final a los fotolitos de impresi\u00f3n se denomina \u00abdirecto a plancha\u00bb (o CtP). Antiguamente, este proceso era m\u00e1s complicado y ten\u00eda que hacerse por medio de pel\u00edculas fotogr\u00e1ficas.<\/p>\n<p>El uso de archivos en formato PDF que permiten crear un arte final con im\u00e1genes y fuentes insertadas ha simplificado mucho los procesos. Un PDF es un documento cerrado, lo que nos asegura que no ser\u00e1 alterado una vez enviado, ya que se trata de un archivo no manipulable. Los documentos tambi\u00e9n pueden ser enviados a imprenta \u00aben abierto\u00bb, es decir: el documento original en InDesign o Quark-XPress con sus im\u00e1genes y fuentes aparte. Esto no es aconsejable (a no ser que no haya m\u00e1s remedio), ya que toda manipulaci\u00f3n ajena del documento puede suponer un error accidental.<\/p>\n<p>Cada proyecto tendr\u00e1 sus propias especificaciones a la hora de imprimir, si bien es cierto que hay una serie de normas comunes para todos los archivos que se mandan a imprenta, por lo que es importante repasar cu\u00e1les son las caracter\u00edsticas necesarias en un documento antes de crear el PDF final.<\/p>","protected":false},"excerpt":{"rendered":"<p>8.1. Importancia del arte final Tan importante como controlar el proceso de creaci\u00f3n de los documentos, es tener conocimiento de c\u00f3mo hay que enviarlos a la imprenta para que el resultado final impreso corresponda con lo que hemos dise\u00f1ado. De nada sirve un buen dise\u00f1o si no controlamos los procesos de impresi\u00f3n y la calidad [&hellip;]<\/p>\n","protected":false},"author":1,"featured_media":0,"parent":0,"menu_order":0,"comment_status":"closed","ping_status":"closed","template":"","meta":[],"acf":[],"_links":{"self":[{"href":"http:\/\/disseny.recursos.uoc.edu\/recursos\/dis-marca\/wp-json\/wp\/v2\/pages\/463"}],"collection":[{"href":"http:\/\/disseny.recursos.uoc.edu\/recursos\/dis-marca\/wp-json\/wp\/v2\/pages"}],"about":[{"href":"http:\/\/disseny.recursos.uoc.edu\/recursos\/dis-marca\/wp-json\/wp\/v2\/types\/page"}],"author":[{"embeddable":true,"href":"http:\/\/disseny.recursos.uoc.edu\/recursos\/dis-marca\/wp-json\/wp\/v2\/users\/1"}],"replies":[{"embeddable":true,"href":"http:\/\/disseny.recursos.uoc.edu\/recursos\/dis-marca\/wp-json\/wp\/v2\/comments?post=463"}],"version-history":[{"count":3,"href":"http:\/\/disseny.recursos.uoc.edu\/recursos\/dis-marca\/wp-json\/wp\/v2\/pages\/463\/revisions"}],"predecessor-version":[{"id":656,"href":"http:\/\/disseny.recursos.uoc.edu\/recursos\/dis-marca\/wp-json\/wp\/v2\/pages\/463\/revisions\/656"}],"wp:attachment":[{"href":"http:\/\/disseny.recursos.uoc.edu\/recursos\/dis-marca\/wp-json\/wp\/v2\/media?parent=463"}],"curies":[{"name":"wp","href":"https:\/\/api.w.org\/{rel}","templated":true}]}}