{"id":459,"date":"2017-06-22T06:28:46","date_gmt":"2017-06-22T06:28:46","guid":{"rendered":"http:\/\/disseny.recursos.uoc.edu\/recursos\/dis-marca\/?page_id=459"},"modified":"2017-07-12T13:24:22","modified_gmt":"2017-07-12T13:24:22","slug":"7-la-portada-9","status":"publish","type":"page","link":"http:\/\/disseny.recursos.uoc.edu\/recursos\/dis-marca\/7-la-portada-9\/","title":{"rendered":"7. La portada"},"content":{"rendered":"<p><\/p>\n<h3>7.4. Consejos para hacer una buena portada<\/h3>\n<ul>\n<li><strong>La cabecera ha de ser reconocible y f\u00e1cil de leer<\/strong>. El nombre de la publicaci\u00f3n debe ser llamativo y atractivo, ya que ser\u00e1 la se\u00f1a de identidad de la publicaci\u00f3n, aquello que se encuentren las personas cada vez que den con ella, lo que se expondr\u00e1 en el quiosco. La tipograf\u00eda debe ser legible y el color puede ser fijo o ir variando en cada edici\u00f3n. Es aconsejable comprobar el dise\u00f1o de la cabecera en distintos tama\u00f1os, para asegurar que no vayan a surgir problemas posteriores con el uso del logo.<\/li>\n<li><strong>Hay que ser ordenado en las combinaciones de tipograf\u00edas<\/strong>. No es aconsejable usar m\u00e1s de dos tipograf\u00edas, ni es adecuado combinar textos completamente en may\u00fasculas con min\u00fasculas, salvo que se tenga una intenci\u00f3n.<\/li>\n<li><strong>Elegir los colores a conciencia<\/strong>. A veces, el uso de un solo color se convierte en un recurso muy efectivo para llamar la atenci\u00f3n. El uso del color ha de ser intencionado y est\u00e9tico, y hay que evitar combinaciones de colores que no quedan bien juntos o que solo aporten ruido al dise\u00f1o. En una buena portada, se debe tener siempre claro que \u00abmenos es m\u00e1s\u00bb.<\/li>\n<li><strong>Bocetar<\/strong> y probar distintas maneras de combinar o distribuir elementos nos ayudar\u00e1 a encontrar soluciones efectivas.<\/li>\n<li><strong>Buscar siempre el contacto visual<\/strong> entre la imagen de portada y el lector. Si nuestra portada es figurativa, hay que intentar siempre que el personaje de la imagen nos mire. El mensaje llegar\u00e1 m\u00e1s directo y con m\u00e1s impacto.<\/li>\n<li>Intentar <strong>repetir el modelo de portada<\/strong> sin que resulte mon\u00f3tona: todas las portadas han de tener un mismo estilo, pero las distintas ediciones tienen que diferenciarse entre s\u00ed.<\/li>\n<\/ul>\n<p><\/p>","protected":false},"excerpt":{"rendered":"<p>7.4. Consejos para hacer una buena portada La cabecera ha de ser reconocible y f\u00e1cil de leer. El nombre de la publicaci\u00f3n debe ser llamativo y atractivo, ya que ser\u00e1 la se\u00f1a de identidad de la publicaci\u00f3n, aquello que se encuentren las personas cada vez que den con ella, lo que se expondr\u00e1 en el [&hellip;]<\/p>\n","protected":false},"author":1,"featured_media":0,"parent":0,"menu_order":0,"comment_status":"closed","ping_status":"closed","template":"","meta":[],"acf":[],"_links":{"self":[{"href":"http:\/\/disseny.recursos.uoc.edu\/recursos\/dis-marca\/wp-json\/wp\/v2\/pages\/459"}],"collection":[{"href":"http:\/\/disseny.recursos.uoc.edu\/recursos\/dis-marca\/wp-json\/wp\/v2\/pages"}],"about":[{"href":"http:\/\/disseny.recursos.uoc.edu\/recursos\/dis-marca\/wp-json\/wp\/v2\/types\/page"}],"author":[{"embeddable":true,"href":"http:\/\/disseny.recursos.uoc.edu\/recursos\/dis-marca\/wp-json\/wp\/v2\/users\/1"}],"replies":[{"embeddable":true,"href":"http:\/\/disseny.recursos.uoc.edu\/recursos\/dis-marca\/wp-json\/wp\/v2\/comments?post=459"}],"version-history":[{"count":3,"href":"http:\/\/disseny.recursos.uoc.edu\/recursos\/dis-marca\/wp-json\/wp\/v2\/pages\/459\/revisions"}],"predecessor-version":[{"id":655,"href":"http:\/\/disseny.recursos.uoc.edu\/recursos\/dis-marca\/wp-json\/wp\/v2\/pages\/459\/revisions\/655"}],"wp:attachment":[{"href":"http:\/\/disseny.recursos.uoc.edu\/recursos\/dis-marca\/wp-json\/wp\/v2\/media?parent=459"}],"curies":[{"name":"wp","href":"https:\/\/api.w.org\/{rel}","templated":true}]}}