{"id":447,"date":"2017-06-22T06:21:40","date_gmt":"2017-06-22T06:21:40","guid":{"rendered":"http:\/\/disseny.recursos.uoc.edu\/recursos\/dis-marca\/?page_id=447"},"modified":"2017-06-29T10:27:34","modified_gmt":"2017-06-29T10:27:34","slug":"7-la-portada-6","status":"publish","type":"page","link":"http:\/\/disseny.recursos.uoc.edu\/recursos\/dis-marca\/7-la-portada-6\/","title":{"rendered":"7. La portada"},"content":{"rendered":"<p><\/p>\n<h3>7.3. Tipos de portadas<\/h3>\n<p>En dise\u00f1o editorial, existen tres tipos b\u00e1sicos de portadas:<\/p>\n<h3>7.3.1. Portadas figurativas<\/h3>\n<p>Las portadas figurativas son las m\u00e1s habituales. Cuentan con una fotograf\u00eda como elemento visual principal. Se le pueden a\u00f1adir elementos originales propios del dise\u00f1o de la publicaci\u00f3n. Su funci\u00f3n es invitar al lector a sumergirse de lleno en el producto.<\/p>\n<p><div id=\"attachment_448\" style=\"width: 760px\" class=\"wp-caption alignnone\"><img aria-describedby=\"caption-attachment-448\" loading=\"lazy\" class=\"img-responsive wp-image-448 size-full\" src=\"http:\/\/disseny.recursos.uoc.edu\/recursos\/dis-marca\/wp-content\/uploads\/sites\/22\/2017\/06\/20118_a7_006.jpg\" alt=\"\" width=\"750\" height=\"226\" srcset=\"http:\/\/disseny.recursos.uoc.edu\/recursos\/dis-marca\/wp-content\/uploads\/sites\/22\/2017\/06\/20118_a7_006.jpg 750w, http:\/\/disseny.recursos.uoc.edu\/recursos\/dis-marca\/wp-content\/uploads\/sites\/22\/2017\/06\/20118_a7_006-300x90.jpg 300w\" sizes=\"(max-width: 750px) 100vw, 750px\" \/><p id=\"caption-attachment-448\" class=\"wp-caption-text\">Ejemplos de portadas figurativas, con una imagen como elemento principal.<\/p><\/div><\/p>","protected":false},"excerpt":{"rendered":"<p>7.3. Tipos de portadas En dise\u00f1o editorial, existen tres tipos b\u00e1sicos de portadas: 7.3.1. Portadas figurativas Las portadas figurativas son las m\u00e1s habituales. Cuentan con una fotograf\u00eda como elemento visual principal. Se le pueden a\u00f1adir elementos originales propios del dise\u00f1o de la publicaci\u00f3n. Su funci\u00f3n es invitar al lector a sumergirse de lleno en el [&hellip;]<\/p>\n","protected":false},"author":1,"featured_media":0,"parent":0,"menu_order":0,"comment_status":"closed","ping_status":"closed","template":"","meta":[],"acf":[],"_links":{"self":[{"href":"http:\/\/disseny.recursos.uoc.edu\/recursos\/dis-marca\/wp-json\/wp\/v2\/pages\/447"}],"collection":[{"href":"http:\/\/disseny.recursos.uoc.edu\/recursos\/dis-marca\/wp-json\/wp\/v2\/pages"}],"about":[{"href":"http:\/\/disseny.recursos.uoc.edu\/recursos\/dis-marca\/wp-json\/wp\/v2\/types\/page"}],"author":[{"embeddable":true,"href":"http:\/\/disseny.recursos.uoc.edu\/recursos\/dis-marca\/wp-json\/wp\/v2\/users\/1"}],"replies":[{"embeddable":true,"href":"http:\/\/disseny.recursos.uoc.edu\/recursos\/dis-marca\/wp-json\/wp\/v2\/comments?post=447"}],"version-history":[{"count":2,"href":"http:\/\/disseny.recursos.uoc.edu\/recursos\/dis-marca\/wp-json\/wp\/v2\/pages\/447\/revisions"}],"predecessor-version":[{"id":597,"href":"http:\/\/disseny.recursos.uoc.edu\/recursos\/dis-marca\/wp-json\/wp\/v2\/pages\/447\/revisions\/597"}],"wp:attachment":[{"href":"http:\/\/disseny.recursos.uoc.edu\/recursos\/dis-marca\/wp-json\/wp\/v2\/media?parent=447"}],"curies":[{"name":"wp","href":"https:\/\/api.w.org\/{rel}","templated":true}]}}