{"id":440,"date":"2017-06-22T06:16:08","date_gmt":"2017-06-22T06:16:08","guid":{"rendered":"http:\/\/disseny.recursos.uoc.edu\/recursos\/dis-marca\/?page_id=440"},"modified":"2017-06-29T10:24:02","modified_gmt":"2017-06-29T10:24:02","slug":"7-la-portada-4","status":"publish","type":"page","link":"http:\/\/disseny.recursos.uoc.edu\/recursos\/dis-marca\/7-la-portada-4\/","title":{"rendered":"7. La portada"},"content":{"rendered":"<p><\/p>\n<h3>7.2. Elementos de una portada<\/h3>\n<h3>7.2.4. Elementos editoriales fijos<\/h3>\n<p>Estos son la informaci\u00f3n corporativa referente a la editorial, el c\u00f3digo de barras de la publicaci\u00f3n o el n\u00famero y la fecha. Suelen aparecer en una peque\u00f1a l\u00ednea de texto, y a veces est\u00e1n acompa\u00f1ados por el logo de la editorial.<\/p>","protected":false},"excerpt":{"rendered":"<p>7.2. Elementos de una portada 7.2.4. Elementos editoriales fijos Estos son la informaci\u00f3n corporativa referente a la editorial, el c\u00f3digo de barras de la publicaci\u00f3n o el n\u00famero y la fecha. Suelen aparecer en una peque\u00f1a l\u00ednea de texto, y a veces est\u00e1n acompa\u00f1ados por el logo de la editorial.<\/p>\n","protected":false},"author":1,"featured_media":0,"parent":0,"menu_order":0,"comment_status":"closed","ping_status":"closed","template":"","meta":[],"acf":[],"_links":{"self":[{"href":"http:\/\/disseny.recursos.uoc.edu\/recursos\/dis-marca\/wp-json\/wp\/v2\/pages\/440"}],"collection":[{"href":"http:\/\/disseny.recursos.uoc.edu\/recursos\/dis-marca\/wp-json\/wp\/v2\/pages"}],"about":[{"href":"http:\/\/disseny.recursos.uoc.edu\/recursos\/dis-marca\/wp-json\/wp\/v2\/types\/page"}],"author":[{"embeddable":true,"href":"http:\/\/disseny.recursos.uoc.edu\/recursos\/dis-marca\/wp-json\/wp\/v2\/users\/1"}],"replies":[{"embeddable":true,"href":"http:\/\/disseny.recursos.uoc.edu\/recursos\/dis-marca\/wp-json\/wp\/v2\/comments?post=440"}],"version-history":[{"count":2,"href":"http:\/\/disseny.recursos.uoc.edu\/recursos\/dis-marca\/wp-json\/wp\/v2\/pages\/440\/revisions"}],"predecessor-version":[{"id":595,"href":"http:\/\/disseny.recursos.uoc.edu\/recursos\/dis-marca\/wp-json\/wp\/v2\/pages\/440\/revisions\/595"}],"wp:attachment":[{"href":"http:\/\/disseny.recursos.uoc.edu\/recursos\/dis-marca\/wp-json\/wp\/v2\/media?parent=440"}],"curies":[{"name":"wp","href":"https:\/\/api.w.org\/{rel}","templated":true}]}}