{"id":436,"date":"2017-06-22T06:14:07","date_gmt":"2017-06-22T06:14:07","guid":{"rendered":"http:\/\/disseny.recursos.uoc.edu\/recursos\/dis-marca\/?page_id=436"},"modified":"2017-06-29T10:07:11","modified_gmt":"2017-06-29T10:07:11","slug":"7-la-portada-3","status":"publish","type":"page","link":"http:\/\/disseny.recursos.uoc.edu\/recursos\/dis-marca\/7-la-portada-3\/","title":{"rendered":"7. La portada"},"content":{"rendered":"<p><\/p>\n<h3>7.2. Elementos de una portada<\/h3>\n<h3>7.2.3. Titulares<\/h3>\n<p>Los titulares que se coloquen en la portada deben cumplir una funci\u00f3n de potencial llamador de atenci\u00f3n frente a los posibles consumidores. Han de ser f\u00e1cilmente inteligibles, y deben atrapar al lector y despertar su curiosidad. El uso de las tipograf\u00edas debe ser coherente con las fuentes usadas en el interior de la publicaci\u00f3n. Se pueden usar tama\u00f1os uniformes, o se pueden hacer grandes contrastes, cubrir la imagen o expresar \u00e9nfasis, etc.<\/p>","protected":false},"excerpt":{"rendered":"<p>7.2. Elementos de una portada 7.2.3. Titulares Los titulares que se coloquen en la portada deben cumplir una funci\u00f3n de potencial llamador de atenci\u00f3n frente a los posibles consumidores. Han de ser f\u00e1cilmente inteligibles, y deben atrapar al lector y despertar su curiosidad. El uso de las tipograf\u00edas debe ser coherente con las fuentes usadas [&hellip;]<\/p>\n","protected":false},"author":1,"featured_media":0,"parent":0,"menu_order":0,"comment_status":"closed","ping_status":"closed","template":"","meta":[],"acf":[],"_links":{"self":[{"href":"http:\/\/disseny.recursos.uoc.edu\/recursos\/dis-marca\/wp-json\/wp\/v2\/pages\/436"}],"collection":[{"href":"http:\/\/disseny.recursos.uoc.edu\/recursos\/dis-marca\/wp-json\/wp\/v2\/pages"}],"about":[{"href":"http:\/\/disseny.recursos.uoc.edu\/recursos\/dis-marca\/wp-json\/wp\/v2\/types\/page"}],"author":[{"embeddable":true,"href":"http:\/\/disseny.recursos.uoc.edu\/recursos\/dis-marca\/wp-json\/wp\/v2\/users\/1"}],"replies":[{"embeddable":true,"href":"http:\/\/disseny.recursos.uoc.edu\/recursos\/dis-marca\/wp-json\/wp\/v2\/comments?post=436"}],"version-history":[{"count":3,"href":"http:\/\/disseny.recursos.uoc.edu\/recursos\/dis-marca\/wp-json\/wp\/v2\/pages\/436\/revisions"}],"predecessor-version":[{"id":594,"href":"http:\/\/disseny.recursos.uoc.edu\/recursos\/dis-marca\/wp-json\/wp\/v2\/pages\/436\/revisions\/594"}],"wp:attachment":[{"href":"http:\/\/disseny.recursos.uoc.edu\/recursos\/dis-marca\/wp-json\/wp\/v2\/media?parent=436"}],"curies":[{"name":"wp","href":"https:\/\/api.w.org\/{rel}","templated":true}]}}