{"id":431,"date":"2017-06-22T06:10:37","date_gmt":"2017-06-22T06:10:37","guid":{"rendered":"http:\/\/disseny.recursos.uoc.edu\/recursos\/dis-marca\/?page_id=431"},"modified":"2017-06-29T10:05:55","modified_gmt":"2017-06-29T10:05:55","slug":"7-2-elementos-de-una-portada","status":"publish","type":"page","link":"http:\/\/disseny.recursos.uoc.edu\/recursos\/dis-marca\/7-2-elementos-de-una-portada\/","title":{"rendered":"7. La portada"},"content":{"rendered":"<p><\/p>\n<h3>7.2. Elementos de una portada<\/h3>\n<h3>7.2.2. La imagen principal de portada<\/h3>\n<p>El tipo de ilustraci\u00f3n que usemos en portada vendr\u00e1 determinado por el tipo de publicaci\u00f3n que estemos construyendo. Cada revista coloca en su portada una imagen muy cuidada y rigurosamente escogida que resume su personalidad, y que tiene en com\u00fan una serie de caracter\u00edsticas formales que hacen que estas im\u00e1genes sean coherentes entre s\u00ed, y contribuyan a definir el producto. La foto puede ir a sangre, puede ir enmarcada, puede haber varias im\u00e1genes creando distintos puntos de atenci\u00f3n, etc. Todo ello se repetir\u00e1 n\u00famero tras n\u00famero, de manera que el estilo sea reconocible.<\/p>\n<div class=\"cita\">\n<p>\u00abLa imagen capta la atenci\u00f3n del comprador, pero los titulares venden la revista.\u00bb Jan V. White, <em>Editing by design<\/em>.<\/p>\n<\/div>\n<p><\/p>","protected":false},"excerpt":{"rendered":"<p>7.2. Elementos de una portada 7.2.2. La imagen principal de portada El tipo de ilustraci\u00f3n que usemos en portada vendr\u00e1 determinado por el tipo de publicaci\u00f3n que estemos construyendo. Cada revista coloca en su portada una imagen muy cuidada y rigurosamente escogida que resume su personalidad, y que tiene en com\u00fan una serie de caracter\u00edsticas [&hellip;]<\/p>\n","protected":false},"author":1,"featured_media":0,"parent":0,"menu_order":0,"comment_status":"closed","ping_status":"closed","template":"","meta":[],"acf":[],"_links":{"self":[{"href":"http:\/\/disseny.recursos.uoc.edu\/recursos\/dis-marca\/wp-json\/wp\/v2\/pages\/431"}],"collection":[{"href":"http:\/\/disseny.recursos.uoc.edu\/recursos\/dis-marca\/wp-json\/wp\/v2\/pages"}],"about":[{"href":"http:\/\/disseny.recursos.uoc.edu\/recursos\/dis-marca\/wp-json\/wp\/v2\/types\/page"}],"author":[{"embeddable":true,"href":"http:\/\/disseny.recursos.uoc.edu\/recursos\/dis-marca\/wp-json\/wp\/v2\/users\/1"}],"replies":[{"embeddable":true,"href":"http:\/\/disseny.recursos.uoc.edu\/recursos\/dis-marca\/wp-json\/wp\/v2\/comments?post=431"}],"version-history":[{"count":4,"href":"http:\/\/disseny.recursos.uoc.edu\/recursos\/dis-marca\/wp-json\/wp\/v2\/pages\/431\/revisions"}],"predecessor-version":[{"id":593,"href":"http:\/\/disseny.recursos.uoc.edu\/recursos\/dis-marca\/wp-json\/wp\/v2\/pages\/431\/revisions\/593"}],"wp:attachment":[{"href":"http:\/\/disseny.recursos.uoc.edu\/recursos\/dis-marca\/wp-json\/wp\/v2\/media?parent=431"}],"curies":[{"name":"wp","href":"https:\/\/api.w.org\/{rel}","templated":true}]}}