{"id":424,"date":"2017-06-21T14:02:21","date_gmt":"2017-06-21T14:02:21","guid":{"rendered":"http:\/\/disseny.recursos.uoc.edu\/recursos\/dis-marca\/?page_id=424"},"modified":"2017-07-21T07:50:05","modified_gmt":"2017-07-21T07:50:05","slug":"7-la-portada-2","status":"publish","type":"page","link":"http:\/\/disseny.recursos.uoc.edu\/recursos\/dis-marca\/7-la-portada-2\/","title":{"rendered":"7. La portada"},"content":{"rendered":"<p><\/p>\n<h3>7.2. Elementos de una portada<\/h3>\n<p>Hay una serie de elementos comunes en todas las portadas, que suelen aparecer siempre. Decimos \u00absuelen\u00bb porque cada publicaci\u00f3n es un mundo, y su propia naturaleza da lugar a una serie de maneras diferentes de puesta en p\u00e1gina.<\/p>\n<div id=\"attachment_808\" style=\"width: 910px\" class=\"wp-caption alignnone\"><img aria-describedby=\"caption-attachment-808\" loading=\"lazy\" class=\"img-responsive wp-image-808 size-full\" src=\"http:\/\/disseny.recursos.uoc.edu\/recursos\/dis-marca\/wp-content\/uploads\/sites\/22\/2017\/06\/20118_a7_003z-1.jpg\" alt=\"\" width=\"900\" height=\"998\" srcset=\"http:\/\/disseny.recursos.uoc.edu\/recursos\/dis-marca\/wp-content\/uploads\/sites\/22\/2017\/06\/20118_a7_003z-1.jpg 900w, http:\/\/disseny.recursos.uoc.edu\/recursos\/dis-marca\/wp-content\/uploads\/sites\/22\/2017\/06\/20118_a7_003z-1-271x300.jpg 271w, http:\/\/disseny.recursos.uoc.edu\/recursos\/dis-marca\/wp-content\/uploads\/sites\/22\/2017\/06\/20118_a7_003z-1-768x852.jpg 768w\" sizes=\"(max-width: 900px) 100vw, 900px\" \/><p id=\"caption-attachment-808\" class=\"wp-caption-text\">En la imagen, tomando una portada de la revista <em>Woman<\/em> como ejemplo, podemos ver algunos de los elementos que acostumbran a aparecer en todas las portadas. Si nos fijamos en el quiosco, en otras portadas deber\u00edamos poder identificarlos.<\/p><\/div>\n<h3>7.2.1. Cabecera<\/h3>\n<p>El elemento principal en toda portada es la cabecera: es su nombre propio, su imagen y contiene las l\u00edneas distintivas de su personalidad. Un buen logo es determinante para el \u00e9xito de una publicaci\u00f3n. Cuando hablamos de identidad corporativa, nos estamos refiriendo al conjunto de elementos propios de una publicaci\u00f3n (tambi\u00e9n aplicable a una empresa, una marca o una compa\u00f1\u00eda), los cuales sirven para que se distinga de otros, y le otorga unas caracter\u00edsticas especificas. El logotipo, la \u00abcabecera\u00bb en una publicaci\u00f3n, es el elemento esencial de la imagen del producto. Cada publicaci\u00f3n debe tener su propia cabecera, de manera que el p\u00fablico la asocie inmediatamente con la misma.<\/p>\n<p>El proceso de creaci\u00f3n de la cabecera es complejo: debemos tener un buen nombre que contribuya al reconocimiento del producto entre la competencia, que se asocie con un concepto que sea adecuado a lo que estamos creando, que se recuerde f\u00e1cilmente\u2026 El proceso de creaci\u00f3n de la cabecera ha de culminar en un logotipo que despierte un proceso mental en el observador que le trasmita lo que el producto contiene (elegancia, diversi\u00f3n, jovialidad, seriedad, etc.). Nuestro logo ha de hacer resaltar la publicaci\u00f3n entre la competencia, debe otorgarle unas caracter\u00edsticas propias que despierten el inter\u00e9s del potencial lector y afiancen su confianza en \u00e9l. Su lugar usual es arriba a la izquierda, aunque hay publicaciones que modifican esta ubicaci\u00f3n como una maniobra de identidad.<\/p>\n<div id=\"attachment_428\" style=\"width: 650px\" class=\"wp-caption alignnone\"><img aria-describedby=\"caption-attachment-428\" loading=\"lazy\" class=\"img-responsive wp-image-428 size-full\" src=\"http:\/\/disseny.recursos.uoc.edu\/recursos\/dis-marca\/wp-content\/uploads\/sites\/22\/2017\/06\/20118_a7_004.jpg\" alt=\"\" width=\"640\" height=\"453\" srcset=\"http:\/\/disseny.recursos.uoc.edu\/recursos\/dis-marca\/wp-content\/uploads\/sites\/22\/2017\/06\/20118_a7_004.jpg 640w, http:\/\/disseny.recursos.uoc.edu\/recursos\/dis-marca\/wp-content\/uploads\/sites\/22\/2017\/06\/20118_a7_004-300x212.jpg 300w\" sizes=\"(max-width: 640px) 100vw, 640px\" \/><p id=\"caption-attachment-428\" class=\"wp-caption-text\">En la imagen, podemos ver diferentes cabeceras de conocidas revistas. El logo en s\u00ed mismo, descontextualizado de cualquier imagen, ya nos recuerda a qu\u00e9 publicaci\u00f3n pertenece. Son cabeceras que est\u00e1n \u00edntimamente relacionadas con el producto al que representan.<\/p><\/div>\n<p><div id=\"attachment_429\" style=\"width: 760px\" class=\"wp-caption alignnone\"><img aria-describedby=\"caption-attachment-429\" loading=\"lazy\" class=\"img-responsive wp-image-429 size-full\" src=\"http:\/\/disseny.recursos.uoc.edu\/recursos\/dis-marca\/wp-content\/uploads\/sites\/22\/2017\/06\/20118_a7_005.jpg\" alt=\"\" width=\"750\" height=\"225\" srcset=\"http:\/\/disseny.recursos.uoc.edu\/recursos\/dis-marca\/wp-content\/uploads\/sites\/22\/2017\/06\/20118_a7_005.jpg 750w, http:\/\/disseny.recursos.uoc.edu\/recursos\/dis-marca\/wp-content\/uploads\/sites\/22\/2017\/06\/20118_a7_005-300x90.jpg 300w\" sizes=\"(max-width: 750px) 100vw, 750px\" \/><p id=\"caption-attachment-429\" class=\"wp-caption-text\">A veces, pueden introducirse variaciones en el logo por motivos meramente est\u00e9ticos. En el ejemplo, podemos ver c\u00f3mo en la revista <em>Smoda<\/em> la cabecera ha sido alterada para hacer un gui\u00f1o al contenido de la publicaci\u00f3n. A pesar de que la est\u00e9tica del logo ha variado, podemos observar c\u00f3mo este sigue siendo igualmente reconocible.<\/p><\/div><\/p>","protected":false},"excerpt":{"rendered":"<p>7.2. Elementos de una portada Hay una serie de elementos comunes en todas las portadas, que suelen aparecer siempre. Decimos \u00absuelen\u00bb porque cada publicaci\u00f3n es un mundo, y su propia naturaleza da lugar a una serie de maneras diferentes de puesta en p\u00e1gina. 7.2.1. Cabecera El elemento principal en toda portada es la cabecera: es [&hellip;]<\/p>\n","protected":false},"author":1,"featured_media":0,"parent":0,"menu_order":0,"comment_status":"closed","ping_status":"closed","template":"","meta":[],"acf":[],"_links":{"self":[{"href":"http:\/\/disseny.recursos.uoc.edu\/recursos\/dis-marca\/wp-json\/wp\/v2\/pages\/424"}],"collection":[{"href":"http:\/\/disseny.recursos.uoc.edu\/recursos\/dis-marca\/wp-json\/wp\/v2\/pages"}],"about":[{"href":"http:\/\/disseny.recursos.uoc.edu\/recursos\/dis-marca\/wp-json\/wp\/v2\/types\/page"}],"author":[{"embeddable":true,"href":"http:\/\/disseny.recursos.uoc.edu\/recursos\/dis-marca\/wp-json\/wp\/v2\/users\/1"}],"replies":[{"embeddable":true,"href":"http:\/\/disseny.recursos.uoc.edu\/recursos\/dis-marca\/wp-json\/wp\/v2\/comments?post=424"}],"version-history":[{"count":7,"href":"http:\/\/disseny.recursos.uoc.edu\/recursos\/dis-marca\/wp-json\/wp\/v2\/pages\/424\/revisions"}],"predecessor-version":[{"id":820,"href":"http:\/\/disseny.recursos.uoc.edu\/recursos\/dis-marca\/wp-json\/wp\/v2\/pages\/424\/revisions\/820"}],"wp:attachment":[{"href":"http:\/\/disseny.recursos.uoc.edu\/recursos\/dis-marca\/wp-json\/wp\/v2\/media?parent=424"}],"curies":[{"name":"wp","href":"https:\/\/api.w.org\/{rel}","templated":true}]}}