{"id":411,"date":"2017-06-21T13:49:15","date_gmt":"2017-06-21T13:49:15","guid":{"rendered":"http:\/\/disseny.recursos.uoc.edu\/recursos\/dis-marca\/?page_id=411"},"modified":"2017-07-26T11:57:38","modified_gmt":"2017-07-26T11:57:38","slug":"6-composicion-y-puesta-en-pagina-9","status":"publish","type":"page","link":"http:\/\/disseny.recursos.uoc.edu\/recursos\/dis-marca\/6-composicion-y-puesta-en-pagina-9\/","title":{"rendered":"6. Composici\u00f3n y puesta en p\u00e1gina"},"content":{"rendered":"<p><\/p>\n<h3>6.6. Plantillas y creaci\u00f3n de bibliotecas de recursos y estilos<\/h3>\n<p>El camino hasta crear una revista es largo. Madurar un proyecto requiere tiempo y dedicaci\u00f3n, y ser\u00e1 necesario hacer muchas pruebas hasta conseguir un n\u00famero completo que sirva de gu\u00eda a la futura publicaci\u00f3n. Como hablamos en el apartado 1, la manera de trabajar es crear un primer boceto del proyecto editorial (lo que llamamos \u00abmonstruo\u00bb o n\u00famero cero), para testear y usarlo de base para definirlo. Una vez que sobre este se hayan llevado a cabo todos los cambios pertinentes, el dise\u00f1ador construir\u00e1 lo que acabar\u00e1 siendo el esqueleto de la publicaci\u00f3n, un libro de estilo: una serie de maquetas base para comenzar el trabajo en cada secci\u00f3n, y unas paletas de estilos tipogr\u00e1ficos que lo hagan m\u00e1s \u00e1gil.<\/p>\n<div id=\"attachment_883\" style=\"width: 2910px\" class=\"wp-caption alignnone\"><img aria-describedby=\"caption-attachment-883\" loading=\"lazy\" class=\"img-responsive wp-image-883 size-full\" src=\"http:\/\/disseny.recursos.uoc.edu\/recursos\/dis-marca\/wp-content\/uploads\/sites\/22\/2017\/06\/13-plantillas-lecturas.jpg\" alt=\"\" width=\"2900\" height=\"3793\" srcset=\"http:\/\/disseny.recursos.uoc.edu\/recursos\/dis-marca\/wp-content\/uploads\/sites\/22\/2017\/06\/13-plantillas-lecturas.jpg 2900w, http:\/\/disseny.recursos.uoc.edu\/recursos\/dis-marca\/wp-content\/uploads\/sites\/22\/2017\/06\/13-plantillas-lecturas-229x300.jpg 229w, http:\/\/disseny.recursos.uoc.edu\/recursos\/dis-marca\/wp-content\/uploads\/sites\/22\/2017\/06\/13-plantillas-lecturas-768x1004.jpg 768w, http:\/\/disseny.recursos.uoc.edu\/recursos\/dis-marca\/wp-content\/uploads\/sites\/22\/2017\/06\/13-plantillas-lecturas-783x1024.jpg 783w\" sizes=\"(max-width: 2900px) 100vw, 2900px\" \/><p id=\"caption-attachment-883\" class=\"wp-caption-text\">Las plantillas se utilizan como punto de partida de cada tema, para agilizar y facilitar el trabajo de composici\u00f3n.<\/p><\/div>\n<p>Una plantilla es un documento que se utiliza de modelo para construir temas. Esta plantilla contiene los colores adecuados, hojas de estilo, las p\u00e1ginas maestras ajustadas con su ret\u00edcula, etc. Las p\u00e1ginas maestras pueden contener elementos comunes de todo el dise\u00f1o (cintillos, folios, etc., seg\u00fan secciones). Hay que tenerlas en cuenta, pues permiten al dise\u00f1ador hacer cambios que afectan a todo el dise\u00f1o de manera r\u00e1pida. Por ejemplo, si queremos hacer una variaci\u00f3n en la foliaci\u00f3n y este elemento est\u00e1 incrustado en la maqueta base, bastar\u00eda con modificarlo ah\u00ed para que se aplique a todo el documento.<\/p>\n<p>Tambi\u00e9n se pueden crear bibliotecas de m\u00f3dulos ya construidos, que se pueden arrastrar a la p\u00e1gina, agilizan el trabajo y contribuyen al orden en los elementos de trabajo. Dependiendo del dise\u00f1o en cuesti\u00f3n de la publicaci\u00f3n, el libro de estilo ser\u00e1 m\u00e1s o menos flexible.<\/p>\n<p>Como ya hemos dicho varias veces, en dise\u00f1o las normas est\u00e1n para servirnos de gu\u00eda, y romperlas de manera creativa y justificada est\u00e1 permitido, pero hay que intentar respetar al m\u00e1ximo los elementos configurados, para no convertir nuestra publicaci\u00f3n en un caos.<\/p>","protected":false},"excerpt":{"rendered":"<p>6.6. Plantillas y creaci\u00f3n de bibliotecas de recursos y estilos El camino hasta crear una revista es largo. Madurar un proyecto requiere tiempo y dedicaci\u00f3n, y ser\u00e1 necesario hacer muchas pruebas hasta conseguir un n\u00famero completo que sirva de gu\u00eda a la futura publicaci\u00f3n. Como hablamos en el apartado 1, la manera de trabajar es [&hellip;]<\/p>\n","protected":false},"author":1,"featured_media":0,"parent":0,"menu_order":0,"comment_status":"closed","ping_status":"closed","template":"","meta":[],"acf":[],"_links":{"self":[{"href":"http:\/\/disseny.recursos.uoc.edu\/recursos\/dis-marca\/wp-json\/wp\/v2\/pages\/411"}],"collection":[{"href":"http:\/\/disseny.recursos.uoc.edu\/recursos\/dis-marca\/wp-json\/wp\/v2\/pages"}],"about":[{"href":"http:\/\/disseny.recursos.uoc.edu\/recursos\/dis-marca\/wp-json\/wp\/v2\/types\/page"}],"author":[{"embeddable":true,"href":"http:\/\/disseny.recursos.uoc.edu\/recursos\/dis-marca\/wp-json\/wp\/v2\/users\/1"}],"replies":[{"embeddable":true,"href":"http:\/\/disseny.recursos.uoc.edu\/recursos\/dis-marca\/wp-json\/wp\/v2\/comments?post=411"}],"version-history":[{"count":5,"href":"http:\/\/disseny.recursos.uoc.edu\/recursos\/dis-marca\/wp-json\/wp\/v2\/pages\/411\/revisions"}],"predecessor-version":[{"id":885,"href":"http:\/\/disseny.recursos.uoc.edu\/recursos\/dis-marca\/wp-json\/wp\/v2\/pages\/411\/revisions\/885"}],"wp:attachment":[{"href":"http:\/\/disseny.recursos.uoc.edu\/recursos\/dis-marca\/wp-json\/wp\/v2\/media?parent=411"}],"curies":[{"name":"wp","href":"https:\/\/api.w.org\/{rel}","templated":true}]}}