{"id":406,"date":"2017-06-21T13:46:46","date_gmt":"2017-06-21T13:46:46","guid":{"rendered":"http:\/\/disseny.recursos.uoc.edu\/recursos\/dis-marca\/?page_id=406"},"modified":"2017-07-21T07:33:09","modified_gmt":"2017-07-21T07:33:09","slug":"6-composicion-y-puesta-en-pagina-8","status":"publish","type":"page","link":"http:\/\/disseny.recursos.uoc.edu\/recursos\/dis-marca\/6-composicion-y-puesta-en-pagina-8\/","title":{"rendered":"6. Composici\u00f3n y puesta en p\u00e1gina"},"content":{"rendered":"<p><\/p>\n<h3>6.5. L\u00ednea de dise\u00f1o y marca: continuidad y equilibrio<\/h3>\n<p>Una vez que tenemos todos los elementos que determinar\u00e1n nuestro dise\u00f1o, solo queda meterlos en la \u00abbatidora\u00bb creativa y construir. Tenemos un encargo, hemos creado una plantilla base con una ret\u00edcula flexible que se adecue a nuestro proyecto y que nos permita trabajar con facilidad, tipograf\u00edas adecuadas, una idea de colores que usar y unos principios b\u00e1sicos sobre la distribuci\u00f3n de elementos en la composici\u00f3n, que nos ayudar\u00e1n a guiar al lector hacia los puntos de inter\u00e9s. Podemos ponernos manos a la obra.<\/p>\n<p>Conforme vayamos construyendo temas y enriqueciendo nuestro dise\u00f1o, a medida que el proyecto vaya tomando forma, podremos ir hablando de lo que en el mundo editorial se conoce como \u00abl\u00ednea de dise\u00f1o\u00bb, y que estar\u00e1 formada por todas esas normas visuales, formas de distribuci\u00f3n de elementos y estilos que, si se construyen de forma coherente, dar\u00e1n lugar a una imagen de marca reconocible y culminar\u00e1n con un dise\u00f1o bien hecho.<\/p>\n<p><div id=\"attachment_806\" style=\"width: 910px\" class=\"wp-caption alignnone\"><img aria-describedby=\"caption-attachment-806\" loading=\"lazy\" class=\"img-responsive wp-image-806 size-full\" src=\"http:\/\/disseny.recursos.uoc.edu\/recursos\/dis-marca\/wp-content\/uploads\/sites\/22\/2017\/06\/20118_a6_013z-1.jpg\" alt=\"\" width=\"900\" height=\"439\" srcset=\"http:\/\/disseny.recursos.uoc.edu\/recursos\/dis-marca\/wp-content\/uploads\/sites\/22\/2017\/06\/20118_a6_013z-1.jpg 900w, http:\/\/disseny.recursos.uoc.edu\/recursos\/dis-marca\/wp-content\/uploads\/sites\/22\/2017\/06\/20118_a6_013z-1-300x146.jpg 300w, http:\/\/disseny.recursos.uoc.edu\/recursos\/dis-marca\/wp-content\/uploads\/sites\/22\/2017\/06\/20118_a6_013z-1-768x375.jpg 768w\" sizes=\"(max-width: 900px) 100vw, 900px\" \/><p id=\"caption-attachment-806\" class=\"wp-caption-text\">Aqu\u00ed podemos ver un ejemplo de la gu\u00eda de dise\u00f1o de <em>Glamour<\/em> M\u00e9xico. Una explicaci\u00f3n clara del estilo, con muestras de maquetas base, plantillas y una explicaci\u00f3n del uso de recursos y elementos garantizar\u00e1 el adecuado desarrollo del dise\u00f1o.<\/p><\/div><\/p>","protected":false},"excerpt":{"rendered":"<p>6.5. L\u00ednea de dise\u00f1o y marca: continuidad y equilibrio Una vez que tenemos todos los elementos que determinar\u00e1n nuestro dise\u00f1o, solo queda meterlos en la \u00abbatidora\u00bb creativa y construir. Tenemos un encargo, hemos creado una plantilla base con una ret\u00edcula flexible que se adecue a nuestro proyecto y que nos permita trabajar con facilidad, tipograf\u00edas [&hellip;]<\/p>\n","protected":false},"author":1,"featured_media":0,"parent":0,"menu_order":0,"comment_status":"closed","ping_status":"closed","template":"","meta":[],"acf":[],"_links":{"self":[{"href":"http:\/\/disseny.recursos.uoc.edu\/recursos\/dis-marca\/wp-json\/wp\/v2\/pages\/406"}],"collection":[{"href":"http:\/\/disseny.recursos.uoc.edu\/recursos\/dis-marca\/wp-json\/wp\/v2\/pages"}],"about":[{"href":"http:\/\/disseny.recursos.uoc.edu\/recursos\/dis-marca\/wp-json\/wp\/v2\/types\/page"}],"author":[{"embeddable":true,"href":"http:\/\/disseny.recursos.uoc.edu\/recursos\/dis-marca\/wp-json\/wp\/v2\/users\/1"}],"replies":[{"embeddable":true,"href":"http:\/\/disseny.recursos.uoc.edu\/recursos\/dis-marca\/wp-json\/wp\/v2\/comments?post=406"}],"version-history":[{"count":6,"href":"http:\/\/disseny.recursos.uoc.edu\/recursos\/dis-marca\/wp-json\/wp\/v2\/pages\/406\/revisions"}],"predecessor-version":[{"id":819,"href":"http:\/\/disseny.recursos.uoc.edu\/recursos\/dis-marca\/wp-json\/wp\/v2\/pages\/406\/revisions\/819"}],"wp:attachment":[{"href":"http:\/\/disseny.recursos.uoc.edu\/recursos\/dis-marca\/wp-json\/wp\/v2\/media?parent=406"}],"curies":[{"name":"wp","href":"https:\/\/api.w.org\/{rel}","templated":true}]}}