{"id":39,"date":"2017-06-20T12:38:00","date_gmt":"2017-06-20T12:38:00","guid":{"rendered":"http:\/\/disseny.recursos.uoc.edu\/recursos\/dis-marca\/?page_id=39"},"modified":"2017-07-11T12:37:09","modified_gmt":"2017-07-11T12:37:09","slug":"1-introduccion-al-proceso-de-diseno-editorial-3","status":"publish","type":"page","link":"http:\/\/disseny.recursos.uoc.edu\/recursos\/dis-marca\/1-introduccion-al-proceso-de-diseno-editorial-3\/","title":{"rendered":"1. Introducci\u00f3n al proceso de dise\u00f1o editorial"},"content":{"rendered":"<p><\/p>\n<h3>1.2. Introducci\u00f3n a los distintos formatos<\/h3>\n<h3>1.2.2. Libros<\/h3>\n<p>El libro es considerado como el primer medio impreso ya que su nacimiento est\u00e1 \u00edntimamente relacionado con la invenci\u00f3n de la imprenta por Gutemberg. Son publicaciones m\u00e1s extensas y sin una periodicidad establecida. Suelen ser de varios tipos: novelas, manuales, libros de arte, divulgativos, etc. Su formato y su aspecto depender\u00e1n del contenido as\u00ed como de la l\u00ednea gr\u00e1fica de la colecci\u00f3n a la que pertenezcan. Hay distintos tipos de encuadernaci\u00f3n, y puede llevar tapas duras en distintos acabados que contribuyen a otorgarle un mayor grado de resistencia, ya que es un objeto que tiene como fin perdurar en el tiempo.<\/p>\n<div id=\"attachment_44\" style=\"width: 419px\" class=\"wp-caption alignnone\"><img aria-describedby=\"caption-attachment-44\" loading=\"lazy\" class=\"img-responsive wp-image-44 size-full\" src=\"http:\/\/disseny.recursos.uoc.edu\/recursos\/dis-marca\/wp-content\/uploads\/sites\/22\/2017\/06\/20118_a1_004.jpg\" alt=\"\" width=\"409\" height=\"640\" srcset=\"http:\/\/disseny.recursos.uoc.edu\/recursos\/dis-marca\/wp-content\/uploads\/sites\/22\/2017\/06\/20118_a1_004.jpg 409w, http:\/\/disseny.recursos.uoc.edu\/recursos\/dis-marca\/wp-content\/uploads\/sites\/22\/2017\/06\/20118_a1_004-192x300.jpg 192w\" sizes=\"(max-width: 409px) 100vw, 409px\" \/><p id=\"caption-attachment-44\" class=\"wp-caption-text\">Ejemplos de libros en los que la l\u00ednea gr\u00e1fica la establece la colecci\u00f3n a la que pertenecen.<\/p><\/div>\n<p>Hay libros altamente complejos en un \u00e1mbito gr\u00e1fico, ricos visualmente y que ofrecen muchas posibilidades a la hora de dise\u00f1ar, y otros en los que solo predomina el texto, ya que su finalidad es la lectura. En un \u00e1mbito editorial, hay todo un arte en la composici\u00f3n de portadas, en la que se implican ingredientes m\u00e1s relacionados con la parte m\u00e1s art\u00edstica.<\/p>\n<div id=\"attachment_45\" style=\"width: 237px\" class=\"wp-caption alignnone\"><img aria-describedby=\"caption-attachment-45\" loading=\"lazy\" class=\"img-responsive wp-image-45 size-full\" src=\"http:\/\/disseny.recursos.uoc.edu\/recursos\/dis-marca\/wp-content\/uploads\/sites\/22\/2017\/06\/20118_a1_005.jpg\" alt=\"\" width=\"227\" height=\"640\" srcset=\"http:\/\/disseny.recursos.uoc.edu\/recursos\/dis-marca\/wp-content\/uploads\/sites\/22\/2017\/06\/20118_a1_005.jpg 227w, http:\/\/disseny.recursos.uoc.edu\/recursos\/dis-marca\/wp-content\/uploads\/sites\/22\/2017\/06\/20118_a1_005-106x300.jpg 106w\" sizes=\"(max-width: 227px) 100vw, 227px\" \/><p id=\"caption-attachment-45\" class=\"wp-caption-text\">The <em>Wes Anderson Collection<\/em>, por Matt Zoller (ed. Abrams, 2015), un ejemplo de libro de dise\u00f1o cuidado y sorprendente que cumple plenamente su misi\u00f3n de plasmar en papel el universo del cineasta Wes Anderson.<\/p><\/div>\n<p><div id=\"attachment_46\" style=\"width: 460px\" class=\"wp-caption alignnone\"><img aria-describedby=\"caption-attachment-46\" loading=\"lazy\" class=\"img-responsive wp-image-46 size-full\" src=\"http:\/\/disseny.recursos.uoc.edu\/recursos\/dis-marca\/wp-content\/uploads\/sites\/22\/2017\/06\/20118_a1_006.jpg\" alt=\"\" width=\"450\" height=\"626\" srcset=\"http:\/\/disseny.recursos.uoc.edu\/recursos\/dis-marca\/wp-content\/uploads\/sites\/22\/2017\/06\/20118_a1_006.jpg 450w, http:\/\/disseny.recursos.uoc.edu\/recursos\/dis-marca\/wp-content\/uploads\/sites\/22\/2017\/06\/20118_a1_006-216x300.jpg 216w\" sizes=\"(max-width: 450px) 100vw, 450px\" \/><p id=\"caption-attachment-46\" class=\"wp-caption-text\">Ejemplo de libro de arte: <em>Japan: season by season<\/em>, de Sandrine Bailly.<\/p><\/div><\/p>","protected":false},"excerpt":{"rendered":"<p>1.2. Introducci\u00f3n a los distintos formatos 1.2.2. Libros El libro es considerado como el primer medio impreso ya que su nacimiento est\u00e1 \u00edntimamente relacionado con la invenci\u00f3n de la imprenta por Gutemberg. Son publicaciones m\u00e1s extensas y sin una periodicidad establecida. Suelen ser de varios tipos: novelas, manuales, libros de arte, divulgativos, etc. Su formato [&hellip;]<\/p>\n","protected":false},"author":1,"featured_media":0,"parent":0,"menu_order":0,"comment_status":"closed","ping_status":"closed","template":"","meta":[],"acf":[],"_links":{"self":[{"href":"http:\/\/disseny.recursos.uoc.edu\/recursos\/dis-marca\/wp-json\/wp\/v2\/pages\/39"}],"collection":[{"href":"http:\/\/disseny.recursos.uoc.edu\/recursos\/dis-marca\/wp-json\/wp\/v2\/pages"}],"about":[{"href":"http:\/\/disseny.recursos.uoc.edu\/recursos\/dis-marca\/wp-json\/wp\/v2\/types\/page"}],"author":[{"embeddable":true,"href":"http:\/\/disseny.recursos.uoc.edu\/recursos\/dis-marca\/wp-json\/wp\/v2\/users\/1"}],"replies":[{"embeddable":true,"href":"http:\/\/disseny.recursos.uoc.edu\/recursos\/dis-marca\/wp-json\/wp\/v2\/comments?post=39"}],"version-history":[{"count":4,"href":"http:\/\/disseny.recursos.uoc.edu\/recursos\/dis-marca\/wp-json\/wp\/v2\/pages\/39\/revisions"}],"predecessor-version":[{"id":627,"href":"http:\/\/disseny.recursos.uoc.edu\/recursos\/dis-marca\/wp-json\/wp\/v2\/pages\/39\/revisions\/627"}],"wp:attachment":[{"href":"http:\/\/disseny.recursos.uoc.edu\/recursos\/dis-marca\/wp-json\/wp\/v2\/media?parent=39"}],"curies":[{"name":"wp","href":"https:\/\/api.w.org\/{rel}","templated":true}]}}