{"id":388,"date":"2017-06-21T13:36:23","date_gmt":"2017-06-21T13:36:23","guid":{"rendered":"http:\/\/disseny.recursos.uoc.edu\/recursos\/dis-marca\/?page_id=388"},"modified":"2017-06-29T09:51:42","modified_gmt":"2017-06-29T09:51:42","slug":"6-composicion-y-puesta-en-pagina-5","status":"publish","type":"page","link":"http:\/\/disseny.recursos.uoc.edu\/recursos\/dis-marca\/6-composicion-y-puesta-en-pagina-5\/","title":{"rendered":"6. Composici\u00f3n y puesta en p\u00e1gina"},"content":{"rendered":"<p><\/p>\n<h3>6.4. C\u00f3mo crear una jerarqu\u00eda visual<\/h3>\n<h3>6.4.2. Color y contrastes<\/h3>\n<p>El color es, sin duda, una de las maneras m\u00e1s poderosas de captar la atenci\u00f3n de los lectores. Ha de usarse con precauci\u00f3n, y teniendo siempre en cuenta tanto la gama de colores en la que se mueve nuestro producto (o la marca), como el p\u00fablico al que va destinado. Un mal uso del color puede hacer que nuestro dise\u00f1o sea estridente, o llevar la atenci\u00f3n del observador hacia donde no queremos. Colores intensos har\u00e1n m\u00e1s visibles los elementos m\u00e1s importantes.<\/p>\n<p><div id=\"attachment_391\" style=\"width: 448px\" class=\"wp-caption alignnone\"><img aria-describedby=\"caption-attachment-391\" loading=\"lazy\" class=\"img-responsive wp-image-391 size-full\" src=\"http:\/\/disseny.recursos.uoc.edu\/recursos\/dis-marca\/wp-content\/uploads\/sites\/22\/2017\/06\/20118_a6_009.jpg\" alt=\"\" width=\"438\" height=\"640\" srcset=\"http:\/\/disseny.recursos.uoc.edu\/recursos\/dis-marca\/wp-content\/uploads\/sites\/22\/2017\/06\/20118_a6_009.jpg 438w, http:\/\/disseny.recursos.uoc.edu\/recursos\/dis-marca\/wp-content\/uploads\/sites\/22\/2017\/06\/20118_a6_009-205x300.jpg 205w\" sizes=\"(max-width: 438px) 100vw, 438px\" \/><p id=\"caption-attachment-391\" class=\"wp-caption-text\">Color<\/p><\/div><\/p>","protected":false},"excerpt":{"rendered":"<p>6.4. C\u00f3mo crear una jerarqu\u00eda visual 6.4.2. Color y contrastes El color es, sin duda, una de las maneras m\u00e1s poderosas de captar la atenci\u00f3n de los lectores. Ha de usarse con precauci\u00f3n, y teniendo siempre en cuenta tanto la gama de colores en la que se mueve nuestro producto (o la marca), como el [&hellip;]<\/p>\n","protected":false},"author":1,"featured_media":0,"parent":0,"menu_order":0,"comment_status":"closed","ping_status":"closed","template":"","meta":[],"acf":[],"_links":{"self":[{"href":"http:\/\/disseny.recursos.uoc.edu\/recursos\/dis-marca\/wp-json\/wp\/v2\/pages\/388"}],"collection":[{"href":"http:\/\/disseny.recursos.uoc.edu\/recursos\/dis-marca\/wp-json\/wp\/v2\/pages"}],"about":[{"href":"http:\/\/disseny.recursos.uoc.edu\/recursos\/dis-marca\/wp-json\/wp\/v2\/types\/page"}],"author":[{"embeddable":true,"href":"http:\/\/disseny.recursos.uoc.edu\/recursos\/dis-marca\/wp-json\/wp\/v2\/users\/1"}],"replies":[{"embeddable":true,"href":"http:\/\/disseny.recursos.uoc.edu\/recursos\/dis-marca\/wp-json\/wp\/v2\/comments?post=388"}],"version-history":[{"count":4,"href":"http:\/\/disseny.recursos.uoc.edu\/recursos\/dis-marca\/wp-json\/wp\/v2\/pages\/388\/revisions"}],"predecessor-version":[{"id":586,"href":"http:\/\/disseny.recursos.uoc.edu\/recursos\/dis-marca\/wp-json\/wp\/v2\/pages\/388\/revisions\/586"}],"wp:attachment":[{"href":"http:\/\/disseny.recursos.uoc.edu\/recursos\/dis-marca\/wp-json\/wp\/v2\/media?parent=388"}],"curies":[{"name":"wp","href":"https:\/\/api.w.org\/{rel}","templated":true}]}}