{"id":376,"date":"2017-06-21T12:28:48","date_gmt":"2017-06-21T12:28:48","guid":{"rendered":"http:\/\/disseny.recursos.uoc.edu\/recursos\/dis-marca\/?page_id=376"},"modified":"2017-07-26T08:48:20","modified_gmt":"2017-07-26T08:48:20","slug":"6-composicion-y-puesta-en-pagina-3","status":"publish","type":"page","link":"http:\/\/disseny.recursos.uoc.edu\/recursos\/dis-marca\/6-composicion-y-puesta-en-pagina-3\/","title":{"rendered":"6. Composici\u00f3n y puesta en p\u00e1gina"},"content":{"rendered":"<p><\/p>\n<h3>6.3. Jerarqu\u00eda visual y ritmo en los elementos gr\u00e1ficos<\/h3>\n<p>Para entender el principio de jerarqu\u00eda deber\u00edamos remitirnos a las leyes de la Gestalt, que dicen que la visi\u00f3n establece un orden jer\u00e1rquico por el cual el primer punto captado es el m\u00e1s importante. Podemos decir que \u00abjerarquizar\u00bb es ordenar todos los elementos en funci\u00f3n de una serie de par\u00e1metros que, en el caso del dise\u00f1o, son visuales. As\u00ed pues, cuando hablamos de jerarqu\u00eda en la composici\u00f3n, a lo que nos estamos refiriendo es al orden de importancia que establecemos entre los distintos elementos gr\u00e1ficos en la puesta en p\u00e1gina. Cuando le damos m\u00e1s tama\u00f1o a un elemento, este gana considerablemente en importancia. La jerarqu\u00eda es importante en un \u00e1mbito compositivo, sobre todo porque ayuda al observador a procesar la informaci\u00f3n presentada en el orden correcto. La jerarqu\u00eda guiar\u00e1 la lectura de la informaci\u00f3n que se est\u00e1 presentando.<\/p>\n<div class=\"definicio\">\n<p>En dise\u00f1o editorial, siempre se ha de tener en cuenta que las p\u00e1ginas no se trabajan de manera individual, sino que la doble p\u00e1gina ha de concebirse como una unidad.<\/p>\n<\/div>\n<p><div id=\"attachment_837\" style=\"width: 810px\" class=\"wp-caption alignnone\"><img aria-describedby=\"caption-attachment-837\" loading=\"lazy\" class=\"img-responsive wp-image-837 size-full\" src=\"http:\/\/disseny.recursos.uoc.edu\/recursos\/dis-marca\/wp-content\/uploads\/sites\/22\/2017\/06\/20118_a6_007-3.jpg\" alt=\"\" width=\"800\" height=\"1648\" srcset=\"http:\/\/disseny.recursos.uoc.edu\/recursos\/dis-marca\/wp-content\/uploads\/sites\/22\/2017\/06\/20118_a6_007-3.jpg 800w, http:\/\/disseny.recursos.uoc.edu\/recursos\/dis-marca\/wp-content\/uploads\/sites\/22\/2017\/06\/20118_a6_007-3-146x300.jpg 146w, http:\/\/disseny.recursos.uoc.edu\/recursos\/dis-marca\/wp-content\/uploads\/sites\/22\/2017\/06\/20118_a6_007-3-768x1582.jpg 768w, http:\/\/disseny.recursos.uoc.edu\/recursos\/dis-marca\/wp-content\/uploads\/sites\/22\/2017\/06\/20118_a6_007-3-497x1024.jpg 497w\" sizes=\"(max-width: 800px) 100vw, 800px\" \/><p id=\"caption-attachment-837\" class=\"wp-caption-text\">En la imagen, podemos ver un reportaje sobre Jap\u00f3n de la revista <em>Woman<\/em>. La distribuci\u00f3n de los elementos se ha llevado a cabo de forma din\u00e1mica y ordenada, repartiendo el peso de los elementos gr\u00e1ficos. Todo el reportaje tiene una misma l\u00ednea porque se ha trabajado como una unidad, y es importante que esto se note.<\/p><\/div><\/p>","protected":false},"excerpt":{"rendered":"<p>6.3. Jerarqu\u00eda visual y ritmo en los elementos gr\u00e1ficos Para entender el principio de jerarqu\u00eda deber\u00edamos remitirnos a las leyes de la Gestalt, que dicen que la visi\u00f3n establece un orden jer\u00e1rquico por el cual el primer punto captado es el m\u00e1s importante. Podemos decir que \u00abjerarquizar\u00bb es ordenar todos los elementos en funci\u00f3n de [&hellip;]<\/p>\n","protected":false},"author":1,"featured_media":0,"parent":0,"menu_order":0,"comment_status":"closed","ping_status":"closed","template":"","meta":[],"acf":[],"_links":{"self":[{"href":"http:\/\/disseny.recursos.uoc.edu\/recursos\/dis-marca\/wp-json\/wp\/v2\/pages\/376"}],"collection":[{"href":"http:\/\/disseny.recursos.uoc.edu\/recursos\/dis-marca\/wp-json\/wp\/v2\/pages"}],"about":[{"href":"http:\/\/disseny.recursos.uoc.edu\/recursos\/dis-marca\/wp-json\/wp\/v2\/types\/page"}],"author":[{"embeddable":true,"href":"http:\/\/disseny.recursos.uoc.edu\/recursos\/dis-marca\/wp-json\/wp\/v2\/users\/1"}],"replies":[{"embeddable":true,"href":"http:\/\/disseny.recursos.uoc.edu\/recursos\/dis-marca\/wp-json\/wp\/v2\/comments?post=376"}],"version-history":[{"count":10,"href":"http:\/\/disseny.recursos.uoc.edu\/recursos\/dis-marca\/wp-json\/wp\/v2\/pages\/376\/revisions"}],"predecessor-version":[{"id":854,"href":"http:\/\/disseny.recursos.uoc.edu\/recursos\/dis-marca\/wp-json\/wp\/v2\/pages\/376\/revisions\/854"}],"wp:attachment":[{"href":"http:\/\/disseny.recursos.uoc.edu\/recursos\/dis-marca\/wp-json\/wp\/v2\/media?parent=376"}],"curies":[{"name":"wp","href":"https:\/\/api.w.org\/{rel}","templated":true}]}}