{"id":340,"date":"2017-06-21T12:05:15","date_gmt":"2017-06-21T12:05:15","guid":{"rendered":"http:\/\/disseny.recursos.uoc.edu\/recursos\/dis-marca\/?page_id=340"},"modified":"2017-07-13T11:06:22","modified_gmt":"2017-07-13T11:06:22","slug":"5-trabajar-con-la-reticula-2","status":"publish","type":"page","link":"http:\/\/disseny.recursos.uoc.edu\/recursos\/dis-marca\/5-trabajar-con-la-reticula-2\/","title":{"rendered":"5. Trabajar con la ret\u00edcula"},"content":{"rendered":"<p><\/p>\n<h3>5.2. Claves para el dise\u00f1o de la ret\u00edcula<\/h3>\n<p>La ret\u00edcula nos permite dividir la superficie de la p\u00e1gina en lo que se denominan <em>campos reticulares<\/em>, una serie de espacios m\u00e1s reducidos a modo de \u00abrejilla\u00bb que pueden (o no) tener las mismas medidas. La altura de los campos corresponde a un determinado n\u00famero de l\u00edneas de texto, y su anchura corresponde a la suma de las columnas. Los campos reticulares y las columnas se separan por medio de espacios (denominados <em>calles<\/em>). La finalidad \u00faltima de esta repartici\u00f3n del espacio es ayudar a la hora de ordenar los distintos elementos que vamos a usar en la composici\u00f3n de nuestro dise\u00f1o. Todos los elementos de nuestro dise\u00f1o deber\u00e1n ajustarse a las dimensiones de los campos, de manera que se establezca una jerarqu\u00eda en los elementos de la p\u00e1gina. La ret\u00edcula es algo que lleva toda publicaci\u00f3n por detr\u00e1s y, una vez finalizado nuestro trabajo, lo \u00fanico que quedar\u00e1 de ella ser\u00e1 una percepci\u00f3n arm\u00f3nica en la distribuci\u00f3n de todos los elementos, lo que dar\u00e1 lugar a un buen dise\u00f1o que lograr\u00e1 un impacto positivo sobre el observador.<\/p>\n<p><a href=\"http:\/\/disseny.recursos.uoc.edu\/recursos\/dis-marca\/wp-content\/uploads\/sites\/22\/2017\/06\/20118_a5_002-1.jpg\"><img loading=\"lazy\" class=\"img-responsive alignnone wp-image-669 size-full\" src=\"http:\/\/disseny.recursos.uoc.edu\/recursos\/dis-marca\/wp-content\/uploads\/sites\/22\/2017\/06\/20118_a5_002-1.jpg\" alt=\"\" width=\"800\" height=\"1095\" srcset=\"http:\/\/disseny.recursos.uoc.edu\/recursos\/dis-marca\/wp-content\/uploads\/sites\/22\/2017\/06\/20118_a5_002-1.jpg 800w, http:\/\/disseny.recursos.uoc.edu\/recursos\/dis-marca\/wp-content\/uploads\/sites\/22\/2017\/06\/20118_a5_002-1-219x300.jpg 219w, http:\/\/disseny.recursos.uoc.edu\/recursos\/dis-marca\/wp-content\/uploads\/sites\/22\/2017\/06\/20118_a5_002-1-768x1051.jpg 768w, http:\/\/disseny.recursos.uoc.edu\/recursos\/dis-marca\/wp-content\/uploads\/sites\/22\/2017\/06\/20118_a5_002-1-748x1024.jpg 748w\" sizes=\"(max-width: 800px) 100vw, 800px\" \/><\/a><\/p>\n<p>El n\u00famero de divisiones reticulares es ilimitado. Deberemos estudiar qu\u00e9 tipo de dise\u00f1o queremos desarrollar y definir el tipo de ordenaci\u00f3n que m\u00e1s nos conviene. Si los elementos del dise\u00f1o se subordinan a la ret\u00edcula, se lograr\u00e1 una impresi\u00f3n general de armon\u00eda, de orden, de transparencia, etc. El orden en el dise\u00f1o contribuye a crear confianza en el dise\u00f1o y credibilidad en el mensaje que se presenta. Una adecuada ret\u00edcula en un dise\u00f1o dar\u00e1 lugar a una disposici\u00f3n l\u00f3gica y est\u00e9tica de textos e im\u00e1genes, de manera que la puesta en p\u00e1gina sea inteligible y despierte el inter\u00e9s del observador. El uso de la ret\u00edcula nos permite resolver problemas de manera r\u00e1pida y efectiva.<\/p>\n<p>A la hora de determinar el ancho de columna m\u00e1s adecuado, tenemos que volver sobre un tema que ya mencionamos anteriormente: la legibilidad de los textos. Un ancho de columna normal se establece en unas 7 a 10 palabras por l\u00ednea (recordemos que l\u00edneas demasiado largas o demasiado cortas dificultan la lectura). Tambi\u00e9n deberemos cuidar la rejilla base, que nos marcar\u00e1 el interlineado del texto para que este sea le\u00eddo correctamente.<\/p>\n<p>Lo ideal es dividir la p\u00e1gina en un n\u00famero l\u00f3gico de columnas en funci\u00f3n del tama\u00f1o del documento. \u00abLa mancha\u00bb (el \u00e1rea en la que se dispone nuestro dise\u00f1o) estar\u00e1 delimitada por un espacio en blanco, los m\u00e1rgenes. Este espacio en blanco es importante en dos \u00e1mbitos:<\/p>\n<ol>\n<li><strong>En un \u00e1mbito t\u00e9cnico<\/strong>: hay que dejar un espacio de seguridad de entre 2 a 5 mm por el corte de las p\u00e1ginas.<\/li>\n<li><strong>En un \u00e1mbito est\u00e9tico<\/strong>: unos blancos bien equilibrados en torno a la composici\u00f3n no solo facilitar\u00e1n la lectura sino que tambi\u00e9n aportar\u00e1n una sensaci\u00f3n est\u00e9tica interesante. Si este margen blanco es demasiado peque\u00f1o, puede dar la sensaci\u00f3n de saturaci\u00f3n en la p\u00e1gina y provocar rechazo ante el dise\u00f1o.<\/li>\n<\/ol>\n<p>Por todo ello, podemos concluir que la ret\u00edcula es la que marca el n\u00famero de columnas, los blancos de cabecera, pie, corte y lomo, y la colocaci\u00f3n de las cabeceras de secci\u00f3n y de la foliaci\u00f3n. Aporta uniformidad y unidad a la revista y contribuye a definir el estilo visual del producto. Aporta armon\u00eda a la composici\u00f3n y gu\u00eda al lector en su recorrido por la p\u00e1gina.<\/p>","protected":false},"excerpt":{"rendered":"<p>5.2. Claves para el dise\u00f1o de la ret\u00edcula La ret\u00edcula nos permite dividir la superficie de la p\u00e1gina en lo que se denominan campos reticulares, una serie de espacios m\u00e1s reducidos a modo de \u00abrejilla\u00bb que pueden (o no) tener las mismas medidas. La altura de los campos corresponde a un determinado n\u00famero de l\u00edneas [&hellip;]<\/p>\n","protected":false},"author":1,"featured_media":0,"parent":0,"menu_order":0,"comment_status":"closed","ping_status":"closed","template":"","meta":[],"acf":[],"_links":{"self":[{"href":"http:\/\/disseny.recursos.uoc.edu\/recursos\/dis-marca\/wp-json\/wp\/v2\/pages\/340"}],"collection":[{"href":"http:\/\/disseny.recursos.uoc.edu\/recursos\/dis-marca\/wp-json\/wp\/v2\/pages"}],"about":[{"href":"http:\/\/disseny.recursos.uoc.edu\/recursos\/dis-marca\/wp-json\/wp\/v2\/types\/page"}],"author":[{"embeddable":true,"href":"http:\/\/disseny.recursos.uoc.edu\/recursos\/dis-marca\/wp-json\/wp\/v2\/users\/1"}],"replies":[{"embeddable":true,"href":"http:\/\/disseny.recursos.uoc.edu\/recursos\/dis-marca\/wp-json\/wp\/v2\/comments?post=340"}],"version-history":[{"count":10,"href":"http:\/\/disseny.recursos.uoc.edu\/recursos\/dis-marca\/wp-json\/wp\/v2\/pages\/340\/revisions"}],"predecessor-version":[{"id":731,"href":"http:\/\/disseny.recursos.uoc.edu\/recursos\/dis-marca\/wp-json\/wp\/v2\/pages\/340\/revisions\/731"}],"wp:attachment":[{"href":"http:\/\/disseny.recursos.uoc.edu\/recursos\/dis-marca\/wp-json\/wp\/v2\/media?parent=340"}],"curies":[{"name":"wp","href":"https:\/\/api.w.org\/{rel}","templated":true}]}}