{"id":265,"date":"2017-06-21T10:51:42","date_gmt":"2017-06-21T10:51:42","guid":{"rendered":"http:\/\/disseny.recursos.uoc.edu\/recursos\/dis-marca\/?page_id=265"},"modified":"2017-07-13T09:14:08","modified_gmt":"2017-07-13T09:14:08","slug":"3-fotografias-e-imagenes-5","status":"publish","type":"page","link":"http:\/\/disseny.recursos.uoc.edu\/recursos\/dis-marca\/3-fotografias-e-imagenes-5\/","title":{"rendered":"3. Fotograf\u00edas e im\u00e1genes"},"content":{"rendered":"<p><\/p>\n<h3>3.2. Especificaciones t\u00e9cnicas de las im\u00e1genes para imprimir<\/h3>\n<h3>3.2.3. Modelo de color<\/h3>\n<p>Las im\u00e1genes preparadas para impresi\u00f3n siempre tienen que estar en CMYK.<\/p>\n<p>Este modelo de color es sustractivo y permite representar una gama de colores m\u00e1s amplia que en otros formatos, y su adaptaci\u00f3n a los procesos industriales de impresi\u00f3n es bastante precisa. Lo que hace este modelo es mezclar los cuatro pigmentos b\u00e1sicos (cian, magenta, amarillo y negro) para crear el resto de los tonos.<\/p>\n<p>Si nuestras im\u00e1genes tienen como fin un dise\u00f1o digital para visualizar en pantalla, este modelo CMYK no es v\u00e1lido. En este caso, las im\u00e1genes deber\u00e1n estar en RGB, un modelo de color que consiste en una mezcla aditiva de luz roja, verde y azul (que suman blanco). Al convertir una imagen RGB a CMYK, debemos tener en cuenta que la visualizaci\u00f3n de los colores cambiar\u00e1.<\/p>\n<p>Las imprentas imprimen en CMYK. Para asegurarnos de que lo que quede impreso sea exactamente lo que queremos hemos de ser meticulosos y trabajar con las im\u00e1genes en este formato.<\/p>","protected":false},"excerpt":{"rendered":"<p>3.2. Especificaciones t\u00e9cnicas de las im\u00e1genes para imprimir 3.2.3. Modelo de color Las im\u00e1genes preparadas para impresi\u00f3n siempre tienen que estar en CMYK. Este modelo de color es sustractivo y permite representar una gama de colores m\u00e1s amplia que en otros formatos, y su adaptaci\u00f3n a los procesos industriales de impresi\u00f3n es bastante precisa. Lo [&hellip;]<\/p>\n","protected":false},"author":1,"featured_media":0,"parent":0,"menu_order":0,"comment_status":"closed","ping_status":"closed","template":"","meta":[],"acf":[],"_links":{"self":[{"href":"http:\/\/disseny.recursos.uoc.edu\/recursos\/dis-marca\/wp-json\/wp\/v2\/pages\/265"}],"collection":[{"href":"http:\/\/disseny.recursos.uoc.edu\/recursos\/dis-marca\/wp-json\/wp\/v2\/pages"}],"about":[{"href":"http:\/\/disseny.recursos.uoc.edu\/recursos\/dis-marca\/wp-json\/wp\/v2\/types\/page"}],"author":[{"embeddable":true,"href":"http:\/\/disseny.recursos.uoc.edu\/recursos\/dis-marca\/wp-json\/wp\/v2\/users\/1"}],"replies":[{"embeddable":true,"href":"http:\/\/disseny.recursos.uoc.edu\/recursos\/dis-marca\/wp-json\/wp\/v2\/comments?post=265"}],"version-history":[{"count":5,"href":"http:\/\/disseny.recursos.uoc.edu\/recursos\/dis-marca\/wp-json\/wp\/v2\/pages\/265\/revisions"}],"predecessor-version":[{"id":680,"href":"http:\/\/disseny.recursos.uoc.edu\/recursos\/dis-marca\/wp-json\/wp\/v2\/pages\/265\/revisions\/680"}],"wp:attachment":[{"href":"http:\/\/disseny.recursos.uoc.edu\/recursos\/dis-marca\/wp-json\/wp\/v2\/media?parent=265"}],"curies":[{"name":"wp","href":"https:\/\/api.w.org\/{rel}","templated":true}]}}