{"id":218,"date":"2017-06-21T10:04:54","date_gmt":"2017-06-21T10:04:54","guid":{"rendered":"http:\/\/disseny.recursos.uoc.edu\/recursos\/dis-marca\/?page_id=218"},"modified":"2017-06-29T08:10:06","modified_gmt":"2017-06-29T08:10:06","slug":"2-las-tipografias-16","status":"publish","type":"page","link":"http:\/\/disseny.recursos.uoc.edu\/recursos\/dis-marca\/2-las-tipografias-16\/","title":{"rendered":"2. Las tipograf\u00edas"},"content":{"rendered":"<p><\/p>\n<h3>2.4. Normas b\u00e1sicas en tipograf\u00eda<\/h3>\n<h3>2.4.8. Hay que utilizar con moderaci\u00f3n las may\u00fasculas, versalitas, negritas y cursivas<\/h3>\n<p>Su uso debe ser equilibrado y tener como fin destacar o enfatizar alguna palabra. Son recursos que, si se usan en exceso, afean el dise\u00f1o y perjudican la legibilidad.<\/p>","protected":false},"excerpt":{"rendered":"<p>2.4. Normas b\u00e1sicas en tipograf\u00eda 2.4.8. Hay que utilizar con moderaci\u00f3n las may\u00fasculas, versalitas, negritas y cursivas Su uso debe ser equilibrado y tener como fin destacar o enfatizar alguna palabra. Son recursos que, si se usan en exceso, afean el dise\u00f1o y perjudican la legibilidad.<\/p>\n","protected":false},"author":1,"featured_media":0,"parent":0,"menu_order":0,"comment_status":"closed","ping_status":"closed","template":"","meta":[],"acf":[],"_links":{"self":[{"href":"http:\/\/disseny.recursos.uoc.edu\/recursos\/dis-marca\/wp-json\/wp\/v2\/pages\/218"}],"collection":[{"href":"http:\/\/disseny.recursos.uoc.edu\/recursos\/dis-marca\/wp-json\/wp\/v2\/pages"}],"about":[{"href":"http:\/\/disseny.recursos.uoc.edu\/recursos\/dis-marca\/wp-json\/wp\/v2\/types\/page"}],"author":[{"embeddable":true,"href":"http:\/\/disseny.recursos.uoc.edu\/recursos\/dis-marca\/wp-json\/wp\/v2\/users\/1"}],"replies":[{"embeddable":true,"href":"http:\/\/disseny.recursos.uoc.edu\/recursos\/dis-marca\/wp-json\/wp\/v2\/comments?post=218"}],"version-history":[{"count":3,"href":"http:\/\/disseny.recursos.uoc.edu\/recursos\/dis-marca\/wp-json\/wp\/v2\/pages\/218\/revisions"}],"predecessor-version":[{"id":558,"href":"http:\/\/disseny.recursos.uoc.edu\/recursos\/dis-marca\/wp-json\/wp\/v2\/pages\/218\/revisions\/558"}],"wp:attachment":[{"href":"http:\/\/disseny.recursos.uoc.edu\/recursos\/dis-marca\/wp-json\/wp\/v2\/media?parent=218"}],"curies":[{"name":"wp","href":"https:\/\/api.w.org\/{rel}","templated":true}]}}