{"id":213,"date":"2017-06-21T10:02:11","date_gmt":"2017-06-21T10:02:11","guid":{"rendered":"http:\/\/disseny.recursos.uoc.edu\/recursos\/dis-marca\/?page_id=213"},"modified":"2017-07-12T13:00:50","modified_gmt":"2017-07-12T13:00:50","slug":"2-las-tipografias-15","status":"publish","type":"page","link":"http:\/\/disseny.recursos.uoc.edu\/recursos\/dis-marca\/2-las-tipografias-15\/","title":{"rendered":"2. Las tipograf\u00edas"},"content":{"rendered":"<p><\/p>\n<h3>2.4. Normas b\u00e1sicas en tipograf\u00eda<\/h3>\n<h3>2.4.7. No deformar la tipograf\u00eda<\/h3>\n<p>Cada tipograf\u00eda tiene su grosor. Si necesitamos deformarla es porque no estamos usando la tipograf\u00eda adecuada.<\/p>\n<div id=\"attachment_216\" style=\"width: 460px\" class=\"wp-caption alignnone\"><img aria-describedby=\"caption-attachment-216\" loading=\"lazy\" class=\"img-responsive wp-image-216 size-full\" src=\"http:\/\/disseny.recursos.uoc.edu\/recursos\/dis-marca\/wp-content\/uploads\/sites\/22\/2017\/06\/20118_a2_024.jpg\" alt=\"\" width=\"450\" height=\"450\" srcset=\"http:\/\/disseny.recursos.uoc.edu\/recursos\/dis-marca\/wp-content\/uploads\/sites\/22\/2017\/06\/20118_a2_024.jpg 450w, http:\/\/disseny.recursos.uoc.edu\/recursos\/dis-marca\/wp-content\/uploads\/sites\/22\/2017\/06\/20118_a2_024-150x150.jpg 150w, http:\/\/disseny.recursos.uoc.edu\/recursos\/dis-marca\/wp-content\/uploads\/sites\/22\/2017\/06\/20118_a2_024-300x300.jpg 300w\" sizes=\"(max-width: 450px) 100vw, 450px\" \/><p id=\"caption-attachment-216\" class=\"wp-caption-text\">Alterar una tipograf\u00eda con la escala (salvo que seamos expertos) nunca est\u00e1 justificado.<\/p><\/div>\n<p>No hay que usar acciones que alteren el dise\u00f1o de las letras y el grosor de su trazo. Si necesitamos una tipograf\u00eda estrecha, hay fuentes condensadas y, de igual modo, hay fuentes <em>expanded<\/em> que son m\u00e1s amplias y est\u00e1n pensadas para ocupar m\u00e1s espacio con pocas letras. Lo mismo ocurre con el espacio que hay entre las letras y palabras: alterar el <em>track<\/em> m\u00e1s o menos de lo adecuado puede estropear un dise\u00f1o.<\/p>","protected":false},"excerpt":{"rendered":"<p>2.4. Normas b\u00e1sicas en tipograf\u00eda 2.4.7. No deformar la tipograf\u00eda Cada tipograf\u00eda tiene su grosor. Si necesitamos deformarla es porque no estamos usando la tipograf\u00eda adecuada. No hay que usar acciones que alteren el dise\u00f1o de las letras y el grosor de su trazo. Si necesitamos una tipograf\u00eda estrecha, hay fuentes condensadas y, de igual [&hellip;]<\/p>\n","protected":false},"author":1,"featured_media":0,"parent":0,"menu_order":0,"comment_status":"closed","ping_status":"closed","template":"","meta":[],"acf":[],"_links":{"self":[{"href":"http:\/\/disseny.recursos.uoc.edu\/recursos\/dis-marca\/wp-json\/wp\/v2\/pages\/213"}],"collection":[{"href":"http:\/\/disseny.recursos.uoc.edu\/recursos\/dis-marca\/wp-json\/wp\/v2\/pages"}],"about":[{"href":"http:\/\/disseny.recursos.uoc.edu\/recursos\/dis-marca\/wp-json\/wp\/v2\/types\/page"}],"author":[{"embeddable":true,"href":"http:\/\/disseny.recursos.uoc.edu\/recursos\/dis-marca\/wp-json\/wp\/v2\/users\/1"}],"replies":[{"embeddable":true,"href":"http:\/\/disseny.recursos.uoc.edu\/recursos\/dis-marca\/wp-json\/wp\/v2\/comments?post=213"}],"version-history":[{"count":4,"href":"http:\/\/disseny.recursos.uoc.edu\/recursos\/dis-marca\/wp-json\/wp\/v2\/pages\/213\/revisions"}],"predecessor-version":[{"id":639,"href":"http:\/\/disseny.recursos.uoc.edu\/recursos\/dis-marca\/wp-json\/wp\/v2\/pages\/213\/revisions\/639"}],"wp:attachment":[{"href":"http:\/\/disseny.recursos.uoc.edu\/recursos\/dis-marca\/wp-json\/wp\/v2\/media?parent=213"}],"curies":[{"name":"wp","href":"https:\/\/api.w.org\/{rel}","templated":true}]}}