{"id":201,"date":"2017-06-21T09:55:52","date_gmt":"2017-06-21T09:55:52","guid":{"rendered":"http:\/\/disseny.recursos.uoc.edu\/recursos\/dis-marca\/?page_id=201"},"modified":"2017-07-12T12:58:40","modified_gmt":"2017-07-12T12:58:40","slug":"2-las-tipografias-13","status":"publish","type":"page","link":"http:\/\/disseny.recursos.uoc.edu\/recursos\/dis-marca\/2-las-tipografias-13\/","title":{"rendered":"2. Las tipograf\u00edas"},"content":{"rendered":"<p><\/p>\n<h3>2.4. Normas b\u00e1sicas en tipograf\u00eda<\/h3>\n<h3>2.4.5. El p\u00e1rrafo<\/h3>\n<p>Siempre es preferible utilizar una alineaci\u00f3n de p\u00e1rrafo a la izquierda. Cuando los textos son justificados, hay que cuidar al m\u00e1ximo los valores de partici\u00f3n en las palabras (valores de <em>P&amp;J<\/em>), ya que estas tienen que cortar de manera correcta y es preciso evitar espacios en blanco que pueden quedar antiest\u00e9ticos. Una alineaci\u00f3n diferente puede estar justificada si el dise\u00f1o lo requiere.<\/p>\n<p>Un error tipogr\u00e1fico bastante com\u00fan es dejar en el texto l\u00edneas muertas que, seg\u00fan su posici\u00f3n, se denominar\u00e1n <em>viudas<\/em> (la \u00faltima l\u00ednea de un p\u00e1rrafo que se queda sola al inicio de una p\u00e1gina o columna) o <em>hu\u00e9rfanas<\/em> (primera l\u00ednea de un p\u00e1rrafo que se queda sola al final de una p\u00e1gina o columna). Se suele recomendar que las columnas y las p\u00e1ginas empiecen y acaben con dos l\u00edneas, por lo menos.<\/p>\n<p><img loading=\"lazy\" class=\"alignnone size-full wp-image-204 img-responsive\" src=\"http:\/\/disseny.recursos.uoc.edu\/recursos\/dis-marca\/wp-content\/uploads\/sites\/22\/2017\/06\/20118_a2_020.jpg\" alt=\"\" width=\"640\" height=\"556\" srcset=\"http:\/\/disseny.recursos.uoc.edu\/recursos\/dis-marca\/wp-content\/uploads\/sites\/22\/2017\/06\/20118_a2_020.jpg 640w, http:\/\/disseny.recursos.uoc.edu\/recursos\/dis-marca\/wp-content\/uploads\/sites\/22\/2017\/06\/20118_a2_020-300x261.jpg 300w\" sizes=\"(max-width: 640px) 100vw, 640px\" \/><\/p>\n<p><img loading=\"lazy\" class=\"alignnone size-full wp-image-205 img-responsive\" src=\"http:\/\/disseny.recursos.uoc.edu\/recursos\/dis-marca\/wp-content\/uploads\/sites\/22\/2017\/06\/20118_a2_021.jpg\" alt=\"\" width=\"640\" height=\"505\" srcset=\"http:\/\/disseny.recursos.uoc.edu\/recursos\/dis-marca\/wp-content\/uploads\/sites\/22\/2017\/06\/20118_a2_021.jpg 640w, http:\/\/disseny.recursos.uoc.edu\/recursos\/dis-marca\/wp-content\/uploads\/sites\/22\/2017\/06\/20118_a2_021-300x237.jpg 300w\" sizes=\"(max-width: 640px) 100vw, 640px\" \/><\/p>\n<p>Este tipo de fallos afectan a la lecturabilidad del dise\u00f1o y lo afean considerablemente. Un buen dise\u00f1ador tiene que estar atento a los peque\u00f1os detalles, ya que una suma de errores echar\u00e1 por tierra su trabajo, mientras que un dise\u00f1o cuidado siempre ser\u00e1 un plus.<\/p>","protected":false},"excerpt":{"rendered":"<p>2.4. Normas b\u00e1sicas en tipograf\u00eda 2.4.5. El p\u00e1rrafo Siempre es preferible utilizar una alineaci\u00f3n de p\u00e1rrafo a la izquierda. Cuando los textos son justificados, hay que cuidar al m\u00e1ximo los valores de partici\u00f3n en las palabras (valores de P&amp;J), ya que estas tienen que cortar de manera correcta y es preciso evitar espacios en blanco [&hellip;]<\/p>\n","protected":false},"author":1,"featured_media":0,"parent":0,"menu_order":0,"comment_status":"closed","ping_status":"closed","template":"","meta":[],"acf":[],"_links":{"self":[{"href":"http:\/\/disseny.recursos.uoc.edu\/recursos\/dis-marca\/wp-json\/wp\/v2\/pages\/201"}],"collection":[{"href":"http:\/\/disseny.recursos.uoc.edu\/recursos\/dis-marca\/wp-json\/wp\/v2\/pages"}],"about":[{"href":"http:\/\/disseny.recursos.uoc.edu\/recursos\/dis-marca\/wp-json\/wp\/v2\/types\/page"}],"author":[{"embeddable":true,"href":"http:\/\/disseny.recursos.uoc.edu\/recursos\/dis-marca\/wp-json\/wp\/v2\/users\/1"}],"replies":[{"embeddable":true,"href":"http:\/\/disseny.recursos.uoc.edu\/recursos\/dis-marca\/wp-json\/wp\/v2\/comments?post=201"}],"version-history":[{"count":5,"href":"http:\/\/disseny.recursos.uoc.edu\/recursos\/dis-marca\/wp-json\/wp\/v2\/pages\/201\/revisions"}],"predecessor-version":[{"id":637,"href":"http:\/\/disseny.recursos.uoc.edu\/recursos\/dis-marca\/wp-json\/wp\/v2\/pages\/201\/revisions\/637"}],"wp:attachment":[{"href":"http:\/\/disseny.recursos.uoc.edu\/recursos\/dis-marca\/wp-json\/wp\/v2\/media?parent=201"}],"curies":[{"name":"wp","href":"https:\/\/api.w.org\/{rel}","templated":true}]}}