{"id":184,"date":"2017-06-21T09:30:24","date_gmt":"2017-06-21T09:30:24","guid":{"rendered":"http:\/\/disseny.recursos.uoc.edu\/recursos\/dis-marca\/?page_id=184"},"modified":"2017-06-29T07:51:24","modified_gmt":"2017-06-29T07:51:24","slug":"2-las-tipografias-10","status":"publish","type":"page","link":"http:\/\/disseny.recursos.uoc.edu\/recursos\/dis-marca\/2-las-tipografias-10\/","title":{"rendered":"2. Las tipograf\u00edas"},"content":{"rendered":"<p><\/p>\n<h3>2.4. Normas b\u00e1sicas en tipograf\u00eda<\/h3>\n<h3>2.4.2. No es una buena idea combinar dos fuentes que se parezcan demasiado<\/h3>\n<p>Mezclar dos tipograf\u00edas que se parezcan demasiado en sus formas no tiene mucho sentido. En un \u00e1mbito est\u00e9tico, hay que jugar con dos fuentes que se complementen pero que, claramente, sean distintas entre s\u00ed.<\/p>\n<p><div id=\"attachment_187\" style=\"width: 460px\" class=\"wp-caption alignnone\"><img aria-describedby=\"caption-attachment-187\" loading=\"lazy\" class=\"img-responsive wp-image-187 size-full\" src=\"http:\/\/disseny.recursos.uoc.edu\/recursos\/dis-marca\/wp-content\/uploads\/sites\/22\/2017\/06\/20118_a2_016.jpg\" alt=\"\" width=\"450\" height=\"450\" srcset=\"http:\/\/disseny.recursos.uoc.edu\/recursos\/dis-marca\/wp-content\/uploads\/sites\/22\/2017\/06\/20118_a2_016.jpg 450w, http:\/\/disseny.recursos.uoc.edu\/recursos\/dis-marca\/wp-content\/uploads\/sites\/22\/2017\/06\/20118_a2_016-150x150.jpg 150w, http:\/\/disseny.recursos.uoc.edu\/recursos\/dis-marca\/wp-content\/uploads\/sites\/22\/2017\/06\/20118_a2_016-300x300.jpg 300w\" sizes=\"(max-width: 450px) 100vw, 450px\" \/><p id=\"caption-attachment-187\" class=\"wp-caption-text\">Podemos ver en la imagen ejemplos de mala y buena combinaci\u00f3n de tipograf\u00edas. El primero es una combinaci\u00f3n fallida, porque las dos tipograf\u00edas son demasiado similares, su trazo es demasiado parecido. Los otros dos ejemplos son m\u00e1s adecuados, ya que se est\u00e1 mezclando tipograf\u00eda con serifa y de palo: juntas consiguen un equilibrio, puesto que logran variedad, impacto, y dan mucho juego en un \u00e1mbito est\u00e9tico.<\/p><\/div><\/p>","protected":false},"excerpt":{"rendered":"<p>2.4. Normas b\u00e1sicas en tipograf\u00eda 2.4.2. No es una buena idea combinar dos fuentes que se parezcan demasiado Mezclar dos tipograf\u00edas que se parezcan demasiado en sus formas no tiene mucho sentido. En un \u00e1mbito est\u00e9tico, hay que jugar con dos fuentes que se complementen pero que, claramente, sean distintas entre s\u00ed.<\/p>\n","protected":false},"author":1,"featured_media":0,"parent":0,"menu_order":0,"comment_status":"closed","ping_status":"closed","template":"","meta":[],"acf":[],"_links":{"self":[{"href":"http:\/\/disseny.recursos.uoc.edu\/recursos\/dis-marca\/wp-json\/wp\/v2\/pages\/184"}],"collection":[{"href":"http:\/\/disseny.recursos.uoc.edu\/recursos\/dis-marca\/wp-json\/wp\/v2\/pages"}],"about":[{"href":"http:\/\/disseny.recursos.uoc.edu\/recursos\/dis-marca\/wp-json\/wp\/v2\/types\/page"}],"author":[{"embeddable":true,"href":"http:\/\/disseny.recursos.uoc.edu\/recursos\/dis-marca\/wp-json\/wp\/v2\/users\/1"}],"replies":[{"embeddable":true,"href":"http:\/\/disseny.recursos.uoc.edu\/recursos\/dis-marca\/wp-json\/wp\/v2\/comments?post=184"}],"version-history":[{"count":3,"href":"http:\/\/disseny.recursos.uoc.edu\/recursos\/dis-marca\/wp-json\/wp\/v2\/pages\/184\/revisions"}],"predecessor-version":[{"id":550,"href":"http:\/\/disseny.recursos.uoc.edu\/recursos\/dis-marca\/wp-json\/wp\/v2\/pages\/184\/revisions\/550"}],"wp:attachment":[{"href":"http:\/\/disseny.recursos.uoc.edu\/recursos\/dis-marca\/wp-json\/wp\/v2\/media?parent=184"}],"curies":[{"name":"wp","href":"https:\/\/api.w.org\/{rel}","templated":true}]}}