{"id":172,"date":"2017-06-21T09:21:10","date_gmt":"2017-06-21T09:21:10","guid":{"rendered":"http:\/\/disseny.recursos.uoc.edu\/recursos\/dis-marca\/?page_id=172"},"modified":"2017-07-13T09:12:26","modified_gmt":"2017-07-13T09:12:26","slug":"2-las-tipografias-8","status":"publish","type":"page","link":"http:\/\/disseny.recursos.uoc.edu\/recursos\/dis-marca\/2-las-tipografias-8\/","title":{"rendered":"2. Las tipograf\u00edas"},"content":{"rendered":"<p><\/p>\n<h3>2.3. Seleccionar adecuadamente tipograf\u00edas seg\u00fan su clasificaci\u00f3n<\/h3>\n<h3>2.3.6. Decorativas<\/h3>\n<p>Estas fuentes no fueron concebidas como tipos de texto, sino pensadas para un uso espor\u00e1dico y aislado, con un fin indicado por su mismo nombre: decorar. Pueden ser de fantas\u00eda, de \u00e9poca, futuristas, <em>vintage<\/em>, etc.<\/p>\n<p><img loading=\"lazy\" class=\"alignnone size-full wp-image-175 img-responsive\" src=\"http:\/\/disseny.recursos.uoc.edu\/recursos\/dis-marca\/wp-content\/uploads\/sites\/22\/2017\/06\/20118_a2_013.jpg\" alt=\"\" width=\"640\" height=\"542\" srcset=\"http:\/\/disseny.recursos.uoc.edu\/recursos\/dis-marca\/wp-content\/uploads\/sites\/22\/2017\/06\/20118_a2_013.jpg 640w, http:\/\/disseny.recursos.uoc.edu\/recursos\/dis-marca\/wp-content\/uploads\/sites\/22\/2017\/06\/20118_a2_013-300x254.jpg 300w\" sizes=\"(max-width: 640px) 100vw, 640px\" \/><\/p>\n<div class=\"definicio\">\n<p>Es interesante averiguar para qu\u00e9 medio fue creada una fuente: Times New Roman se cre\u00f3 pensando en compensar con su dibujo la impresi\u00f3n deficiente de una rotativa antigua. Verdana se cre\u00f3 para verse en pantalla, y no para ser impresa en papel. Garamond fue originalmente pensada para imprimirse a tama\u00f1os grandes (por lo que, si se usa en un cuerpo de texto largo, debe ir acompa\u00f1ada de un interlineado muy amplio).<\/p>\n<\/div>\n<p><\/p>","protected":false},"excerpt":{"rendered":"<p>2.3. Seleccionar adecuadamente tipograf\u00edas seg\u00fan su clasificaci\u00f3n 2.3.6. Decorativas Estas fuentes no fueron concebidas como tipos de texto, sino pensadas para un uso espor\u00e1dico y aislado, con un fin indicado por su mismo nombre: decorar. Pueden ser de fantas\u00eda, de \u00e9poca, futuristas, vintage, etc. Es interesante averiguar para qu\u00e9 medio fue creada una fuente: Times [&hellip;]<\/p>\n","protected":false},"author":1,"featured_media":0,"parent":0,"menu_order":0,"comment_status":"closed","ping_status":"closed","template":"","meta":[],"acf":[],"_links":{"self":[{"href":"http:\/\/disseny.recursos.uoc.edu\/recursos\/dis-marca\/wp-json\/wp\/v2\/pages\/172"}],"collection":[{"href":"http:\/\/disseny.recursos.uoc.edu\/recursos\/dis-marca\/wp-json\/wp\/v2\/pages"}],"about":[{"href":"http:\/\/disseny.recursos.uoc.edu\/recursos\/dis-marca\/wp-json\/wp\/v2\/types\/page"}],"author":[{"embeddable":true,"href":"http:\/\/disseny.recursos.uoc.edu\/recursos\/dis-marca\/wp-json\/wp\/v2\/users\/1"}],"replies":[{"embeddable":true,"href":"http:\/\/disseny.recursos.uoc.edu\/recursos\/dis-marca\/wp-json\/wp\/v2\/comments?post=172"}],"version-history":[{"count":8,"href":"http:\/\/disseny.recursos.uoc.edu\/recursos\/dis-marca\/wp-json\/wp\/v2\/pages\/172\/revisions"}],"predecessor-version":[{"id":678,"href":"http:\/\/disseny.recursos.uoc.edu\/recursos\/dis-marca\/wp-json\/wp\/v2\/pages\/172\/revisions\/678"}],"wp:attachment":[{"href":"http:\/\/disseny.recursos.uoc.edu\/recursos\/dis-marca\/wp-json\/wp\/v2\/media?parent=172"}],"curies":[{"name":"wp","href":"https:\/\/api.w.org\/{rel}","templated":true}]}}