{"id":167,"date":"2017-06-21T09:17:23","date_gmt":"2017-06-21T09:17:23","guid":{"rendered":"http:\/\/disseny.recursos.uoc.edu\/recursos\/dis-marca\/?page_id=167"},"modified":"2017-07-11T12:51:51","modified_gmt":"2017-07-11T12:51:51","slug":"2-las-tipografias-7","status":"publish","type":"page","link":"http:\/\/disseny.recursos.uoc.edu\/recursos\/dis-marca\/2-las-tipografias-7\/","title":{"rendered":"2. Las tipograf\u00edas"},"content":{"rendered":"<p><\/p>\n<h3>2.3. Seleccionar adecuadamente tipograf\u00edas seg\u00fan su clasificaci\u00f3n<\/h3>\n<h3>2.3.5. <em>Script<\/em> (o caligr\u00e1ficas)<\/h3>\n<p>Las fuentes <em>script<\/em> contienen caracteres que imitan la escritura manuscrita. Son perfectas para textos breves y expresivos. Su variedad abarca desde fuentes caligr\u00e1ficas cl\u00e1sicas y fluidas a dise\u00f1os elegantes con caracteres m\u00e1s desenfadados. Hay que tener cuidado con su uso ya que a veces no tienen buena legibilidad.<\/p>\n<p><div id=\"attachment_170\" style=\"width: 460px\" class=\"wp-caption alignnone\"><img aria-describedby=\"caption-attachment-170\" loading=\"lazy\" class=\"img-responsive wp-image-170 size-full\" src=\"http:\/\/disseny.recursos.uoc.edu\/recursos\/dis-marca\/wp-content\/uploads\/sites\/22\/2017\/06\/20118_a2_012.jpg\" alt=\"\" width=\"450\" height=\"416\" srcset=\"http:\/\/disseny.recursos.uoc.edu\/recursos\/dis-marca\/wp-content\/uploads\/sites\/22\/2017\/06\/20118_a2_012.jpg 450w, http:\/\/disseny.recursos.uoc.edu\/recursos\/dis-marca\/wp-content\/uploads\/sites\/22\/2017\/06\/20118_a2_012-300x277.jpg 300w\" sizes=\"(max-width: 450px) 100vw, 450px\" \/><p id=\"caption-attachment-170\" class=\"wp-caption-text\">Ejemplos ser\u00edan Bickman, Shelley, Kuenstler, Jellyka, Brush Script, Bradley, Miama, etc.<\/p><\/div><\/p>","protected":false},"excerpt":{"rendered":"<p>2.3. Seleccionar adecuadamente tipograf\u00edas seg\u00fan su clasificaci\u00f3n 2.3.5. Script (o caligr\u00e1ficas) Las fuentes script contienen caracteres que imitan la escritura manuscrita. Son perfectas para textos breves y expresivos. Su variedad abarca desde fuentes caligr\u00e1ficas cl\u00e1sicas y fluidas a dise\u00f1os elegantes con caracteres m\u00e1s desenfadados. Hay que tener cuidado con su uso ya que a veces [&hellip;]<\/p>\n","protected":false},"author":1,"featured_media":0,"parent":0,"menu_order":0,"comment_status":"closed","ping_status":"closed","template":"","meta":[],"acf":[],"_links":{"self":[{"href":"http:\/\/disseny.recursos.uoc.edu\/recursos\/dis-marca\/wp-json\/wp\/v2\/pages\/167"}],"collection":[{"href":"http:\/\/disseny.recursos.uoc.edu\/recursos\/dis-marca\/wp-json\/wp\/v2\/pages"}],"about":[{"href":"http:\/\/disseny.recursos.uoc.edu\/recursos\/dis-marca\/wp-json\/wp\/v2\/types\/page"}],"author":[{"embeddable":true,"href":"http:\/\/disseny.recursos.uoc.edu\/recursos\/dis-marca\/wp-json\/wp\/v2\/users\/1"}],"replies":[{"embeddable":true,"href":"http:\/\/disseny.recursos.uoc.edu\/recursos\/dis-marca\/wp-json\/wp\/v2\/comments?post=167"}],"version-history":[{"count":4,"href":"http:\/\/disseny.recursos.uoc.edu\/recursos\/dis-marca\/wp-json\/wp\/v2\/pages\/167\/revisions"}],"predecessor-version":[{"id":633,"href":"http:\/\/disseny.recursos.uoc.edu\/recursos\/dis-marca\/wp-json\/wp\/v2\/pages\/167\/revisions\/633"}],"wp:attachment":[{"href":"http:\/\/disseny.recursos.uoc.edu\/recursos\/dis-marca\/wp-json\/wp\/v2\/media?parent=167"}],"curies":[{"name":"wp","href":"https:\/\/api.w.org\/{rel}","templated":true}]}}