{"id":162,"date":"2017-06-21T09:14:14","date_gmt":"2017-06-21T09:14:14","guid":{"rendered":"http:\/\/disseny.recursos.uoc.edu\/recursos\/dis-marca\/?page_id=162"},"modified":"2017-06-29T07:39:52","modified_gmt":"2017-06-29T07:39:52","slug":"2-las-tipografias-6","status":"publish","type":"page","link":"http:\/\/disseny.recursos.uoc.edu\/recursos\/dis-marca\/2-las-tipografias-6\/","title":{"rendered":"2. Las tipograf\u00edas"},"content":{"rendered":"<p><\/p>\n<h3>2.3. Seleccionar adecuadamente tipograf\u00edas seg\u00fan su clasificaci\u00f3n<\/h3>\n<h3>2.3.4. Palo seco (<em>sans serif<\/em>)<\/h3>\n<p>Su principal caracter\u00edstica es que los caracteres se reducen a su esquema m\u00e1s esencial. El asta es uniforme y no tienen remate. Las letras est\u00e1n conformadas por l\u00edneas rectas y c\u00edrculos unidos (reflejan la \u00e9poca en la que nacen: la industrializaci\u00f3n y el funcionalismo). Presentan una alta legibilidad incluso en tama\u00f1os peque\u00f1os.<\/p>\n<p><div id=\"attachment_165\" style=\"width: 460px\" class=\"wp-caption alignnone\"><img aria-describedby=\"caption-attachment-165\" loading=\"lazy\" class=\"img-responsive wp-image-165 size-full\" src=\"http:\/\/disseny.recursos.uoc.edu\/recursos\/dis-marca\/wp-content\/uploads\/sites\/22\/2017\/06\/20118_a2_011.jpg\" alt=\"\" width=\"450\" height=\"414\" srcset=\"http:\/\/disseny.recursos.uoc.edu\/recursos\/dis-marca\/wp-content\/uploads\/sites\/22\/2017\/06\/20118_a2_011.jpg 450w, http:\/\/disseny.recursos.uoc.edu\/recursos\/dis-marca\/wp-content\/uploads\/sites\/22\/2017\/06\/20118_a2_011-300x276.jpg 300w\" sizes=\"(max-width: 450px) 100vw, 450px\" \/><p id=\"caption-attachment-165\" class=\"wp-caption-text\">Familias de esta categor\u00eda ser\u00edan Futura, Helv\u00e9tica, Frutiger, etc.<\/p><\/div><\/p>","protected":false},"excerpt":{"rendered":"<p>2.3. Seleccionar adecuadamente tipograf\u00edas seg\u00fan su clasificaci\u00f3n 2.3.4. Palo seco (sans serif) Su principal caracter\u00edstica es que los caracteres se reducen a su esquema m\u00e1s esencial. El asta es uniforme y no tienen remate. Las letras est\u00e1n conformadas por l\u00edneas rectas y c\u00edrculos unidos (reflejan la \u00e9poca en la que nacen: la industrializaci\u00f3n y el [&hellip;]<\/p>\n","protected":false},"author":1,"featured_media":0,"parent":0,"menu_order":0,"comment_status":"closed","ping_status":"closed","template":"","meta":[],"acf":[],"_links":{"self":[{"href":"http:\/\/disseny.recursos.uoc.edu\/recursos\/dis-marca\/wp-json\/wp\/v2\/pages\/162"}],"collection":[{"href":"http:\/\/disseny.recursos.uoc.edu\/recursos\/dis-marca\/wp-json\/wp\/v2\/pages"}],"about":[{"href":"http:\/\/disseny.recursos.uoc.edu\/recursos\/dis-marca\/wp-json\/wp\/v2\/types\/page"}],"author":[{"embeddable":true,"href":"http:\/\/disseny.recursos.uoc.edu\/recursos\/dis-marca\/wp-json\/wp\/v2\/users\/1"}],"replies":[{"embeddable":true,"href":"http:\/\/disseny.recursos.uoc.edu\/recursos\/dis-marca\/wp-json\/wp\/v2\/comments?post=162"}],"version-history":[{"count":3,"href":"http:\/\/disseny.recursos.uoc.edu\/recursos\/dis-marca\/wp-json\/wp\/v2\/pages\/162\/revisions"}],"predecessor-version":[{"id":544,"href":"http:\/\/disseny.recursos.uoc.edu\/recursos\/dis-marca\/wp-json\/wp\/v2\/pages\/162\/revisions\/544"}],"wp:attachment":[{"href":"http:\/\/disseny.recursos.uoc.edu\/recursos\/dis-marca\/wp-json\/wp\/v2\/media?parent=162"}],"curies":[{"name":"wp","href":"https:\/\/api.w.org\/{rel}","templated":true}]}}