{"id":151,"date":"2017-06-21T09:06:53","date_gmt":"2017-06-21T09:06:53","guid":{"rendered":"http:\/\/disseny.recursos.uoc.edu\/recursos\/dis-marca\/?page_id=151"},"modified":"2017-06-29T07:35:52","modified_gmt":"2017-06-29T07:35:52","slug":"2-las-tipografias-4","status":"publish","type":"page","link":"http:\/\/disseny.recursos.uoc.edu\/recursos\/dis-marca\/2-las-tipografias-4\/","title":{"rendered":"2. Las tipograf\u00edas"},"content":{"rendered":"<p><\/p>\n<h3>2.3. Seleccionar adecuadamente tipograf\u00edas seg\u00fan su clasificaci\u00f3n<\/h3>\n<h3>2.3.2. Romana moderna<\/h3>\n<p>Tambi\u00e9n son conocidas como tipograf\u00edas \u00abdidonas\u00bb. Son una evoluci\u00f3n de la antigua. Sus caracteres son r\u00edgidos, de gracia recta y de asta muy contrastada.<\/p>\n<ul>\n<li>Modulaci\u00f3n <strong>axial (\u00e1ngulo recto) con mucho contraste entre trazos finos y gruesos.<\/strong><\/li>\n<li>Remates <strong>proporcionados<\/strong>.<\/li>\n<li>El ojo medio es ligeramente menor que las l\u00edneas ascendentes o descendentes.<\/li>\n<\/ul>\n<p><div id=\"attachment_155\" style=\"width: 460px\" class=\"wp-caption alignnone\"><img aria-describedby=\"caption-attachment-155\" loading=\"lazy\" class=\"img-responsive wp-image-155 size-full\" src=\"http:\/\/disseny.recursos.uoc.edu\/recursos\/dis-marca\/wp-content\/uploads\/sites\/22\/2017\/06\/20118_a2_009.jpg\" alt=\"\" width=\"450\" height=\"480\" srcset=\"http:\/\/disseny.recursos.uoc.edu\/recursos\/dis-marca\/wp-content\/uploads\/sites\/22\/2017\/06\/20118_a2_009.jpg 450w, http:\/\/disseny.recursos.uoc.edu\/recursos\/dis-marca\/wp-content\/uploads\/sites\/22\/2017\/06\/20118_a2_009-281x300.jpg 281w\" sizes=\"(max-width: 450px) 100vw, 450px\" \/><p id=\"caption-attachment-155\" class=\"wp-caption-text\">En este grupo, se pueden englobar tipograf\u00edas como Bodoni, Didot, Lucida, Centennial, New Baskerville, etc.<\/p><\/div><\/p>","protected":false},"excerpt":{"rendered":"<p>2.3. Seleccionar adecuadamente tipograf\u00edas seg\u00fan su clasificaci\u00f3n 2.3.2. Romana moderna Tambi\u00e9n son conocidas como tipograf\u00edas \u00abdidonas\u00bb. Son una evoluci\u00f3n de la antigua. Sus caracteres son r\u00edgidos, de gracia recta y de asta muy contrastada. Modulaci\u00f3n axial (\u00e1ngulo recto) con mucho contraste entre trazos finos y gruesos. Remates proporcionados. El ojo medio es ligeramente menor que [&hellip;]<\/p>\n","protected":false},"author":1,"featured_media":0,"parent":0,"menu_order":0,"comment_status":"closed","ping_status":"closed","template":"","meta":[],"acf":[],"_links":{"self":[{"href":"http:\/\/disseny.recursos.uoc.edu\/recursos\/dis-marca\/wp-json\/wp\/v2\/pages\/151"}],"collection":[{"href":"http:\/\/disseny.recursos.uoc.edu\/recursos\/dis-marca\/wp-json\/wp\/v2\/pages"}],"about":[{"href":"http:\/\/disseny.recursos.uoc.edu\/recursos\/dis-marca\/wp-json\/wp\/v2\/types\/page"}],"author":[{"embeddable":true,"href":"http:\/\/disseny.recursos.uoc.edu\/recursos\/dis-marca\/wp-json\/wp\/v2\/users\/1"}],"replies":[{"embeddable":true,"href":"http:\/\/disseny.recursos.uoc.edu\/recursos\/dis-marca\/wp-json\/wp\/v2\/comments?post=151"}],"version-history":[{"count":5,"href":"http:\/\/disseny.recursos.uoc.edu\/recursos\/dis-marca\/wp-json\/wp\/v2\/pages\/151\/revisions"}],"predecessor-version":[{"id":542,"href":"http:\/\/disseny.recursos.uoc.edu\/recursos\/dis-marca\/wp-json\/wp\/v2\/pages\/151\/revisions\/542"}],"wp:attachment":[{"href":"http:\/\/disseny.recursos.uoc.edu\/recursos\/dis-marca\/wp-json\/wp\/v2\/media?parent=151"}],"curies":[{"name":"wp","href":"https:\/\/api.w.org\/{rel}","templated":true}]}}