{"id":145,"date":"2017-06-21T09:03:31","date_gmt":"2017-06-21T09:03:31","guid":{"rendered":"http:\/\/disseny.recursos.uoc.edu\/recursos\/dis-marca\/?page_id=145"},"modified":"2017-08-30T07:28:43","modified_gmt":"2017-08-30T07:28:43","slug":"2-las-tipografias-3","status":"publish","type":"page","link":"http:\/\/disseny.recursos.uoc.edu\/recursos\/dis-marca\/2-las-tipografias-3\/","title":{"rendered":"2. Las tipograf\u00edas"},"content":{"rendered":"<p><\/p>\n<h3>2.3. Seleccionar adecuadamente tipograf\u00edas seg\u00fan su clasificaci\u00f3n<\/h3>\n<p>Una breve clasificaci\u00f3n nos ayudar\u00e1 a entender un poco m\u00e1s la anatom\u00eda de las letras, as\u00ed como la l\u00f3gica de su uso y combinaci\u00f3n. El asta o el remate (tambi\u00e9n conocido como <em>gracia<\/em>) son los elementos que, por norma general, determinar\u00e1n a qu\u00e9 categor\u00eda pertenece cada fuente. La clasificaci\u00f3n b\u00e1sica suele establecerse entre <em>serif<\/em> (con remates) y <em>sans serif<\/em> (sin remates), aunque hay muchas m\u00e1s subclases en cada una de ellas.<\/p>\n<p>Clasificar las tipograf\u00edas es a <em>grosso modo <\/em>una herramienta \u00fatil para poder categorizarlas y simplificar el arduo trabajo que hay que llevar a cabo con ellas, entendiendo, eso s\u00ed, que no todas tienen que encajar forzosamente en estos tipos.<\/p>\n<h3>2.3.1. Romana antigua<\/h3>\n<p>Sus peculiaridades son las siguientes:<\/p>\n<ul>\n<li>Son letras que tienen serifa.<\/li>\n<li>Los trazos son variables, con ascendentes finos y descendientes gruesos.<\/li>\n<li>Su terminaci\u00f3n tiene forma c\u00f3ncava, es aguda y de base ancha.<\/li>\n<li>La direcci\u00f3n del eje de engrosamiento es oblicua.<\/li>\n<li>El espaciado de las letras es amplio.<\/li>\n<\/ul>\n<div id=\"attachment_148\" style=\"width: 460px\" class=\"wp-caption alignnone\"><a href=\"http:\/\/disseny.recursos.uoc.edu\/recursos\/dis-marca\/wp-content\/uploads\/sites\/22\/2017\/06\/20118_a2_007.jpg\"><img aria-describedby=\"caption-attachment-148\" loading=\"lazy\" class=\"img-responsive wp-image-148 size-full\" src=\"http:\/\/disseny.recursos.uoc.edu\/recursos\/dis-marca\/wp-content\/uploads\/sites\/22\/2017\/06\/20118_a2_007.jpg\" alt=\"Ejemplo 1\" width=\"450\" height=\"416\" srcset=\"http:\/\/disseny.recursos.uoc.edu\/recursos\/dis-marca\/wp-content\/uploads\/sites\/22\/2017\/06\/20118_a2_007.jpg 450w, http:\/\/disseny.recursos.uoc.edu\/recursos\/dis-marca\/wp-content\/uploads\/sites\/22\/2017\/06\/20118_a2_007-300x277.jpg 300w\" sizes=\"(max-width: 450px) 100vw, 450px\" \/><\/a><p id=\"caption-attachment-148\" class=\"wp-caption-text\">Podemos incluir en este grupo tipograf\u00edas como Garamond, Caslon, Bembo, etc.<\/p><\/div>\n<p><div id=\"attachment_665\" style=\"width: 1210px\" class=\"wp-caption alignnone\"><a href=\"http:\/\/disseny.recursos.uoc.edu\/recursos\/dis-marca\/wp-content\/uploads\/sites\/22\/2017\/06\/20118_a2_008-1.jpg\"><img aria-describedby=\"caption-attachment-665\" loading=\"lazy\" class=\"img-responsive wp-image-665 size-full\" src=\"http:\/\/disseny.recursos.uoc.edu\/recursos\/dis-marca\/wp-content\/uploads\/sites\/22\/2017\/06\/20118_a2_008-1.jpg\" alt=\"\" width=\"1200\" height=\"478\" srcset=\"http:\/\/disseny.recursos.uoc.edu\/recursos\/dis-marca\/wp-content\/uploads\/sites\/22\/2017\/06\/20118_a2_008-1.jpg 1200w, http:\/\/disseny.recursos.uoc.edu\/recursos\/dis-marca\/wp-content\/uploads\/sites\/22\/2017\/06\/20118_a2_008-1-300x120.jpg 300w, http:\/\/disseny.recursos.uoc.edu\/recursos\/dis-marca\/wp-content\/uploads\/sites\/22\/2017\/06\/20118_a2_008-1-768x306.jpg 768w, http:\/\/disseny.recursos.uoc.edu\/recursos\/dis-marca\/wp-content\/uploads\/sites\/22\/2017\/06\/20118_a2_008-1-1024x408.jpg 1024w\" sizes=\"(max-width: 1200px) 100vw, 1200px\" \/><\/a><p id=\"caption-attachment-665\" class=\"wp-caption-text\">En la imagen, podemos observar las peculiaridades de este tipo de letras. Hay que entrenar la mirada para poder encontrar los peque\u00f1os detalles que las distinguen entre s\u00ed.<\/p><\/div><\/p>","protected":false},"excerpt":{"rendered":"<p>2.3. Seleccionar adecuadamente tipograf\u00edas seg\u00fan su clasificaci\u00f3n Una breve clasificaci\u00f3n nos ayudar\u00e1 a entender un poco m\u00e1s la anatom\u00eda de las letras, as\u00ed como la l\u00f3gica de su uso y combinaci\u00f3n. El asta o el remate (tambi\u00e9n conocido como gracia) son los elementos que, por norma general, determinar\u00e1n a qu\u00e9 categor\u00eda pertenece cada fuente. La [&hellip;]<\/p>\n","protected":false},"author":1,"featured_media":0,"parent":0,"menu_order":0,"comment_status":"closed","ping_status":"closed","template":"","meta":[],"acf":[],"_links":{"self":[{"href":"http:\/\/disseny.recursos.uoc.edu\/recursos\/dis-marca\/wp-json\/wp\/v2\/pages\/145"}],"collection":[{"href":"http:\/\/disseny.recursos.uoc.edu\/recursos\/dis-marca\/wp-json\/wp\/v2\/pages"}],"about":[{"href":"http:\/\/disseny.recursos.uoc.edu\/recursos\/dis-marca\/wp-json\/wp\/v2\/types\/page"}],"author":[{"embeddable":true,"href":"http:\/\/disseny.recursos.uoc.edu\/recursos\/dis-marca\/wp-json\/wp\/v2\/users\/1"}],"replies":[{"embeddable":true,"href":"http:\/\/disseny.recursos.uoc.edu\/recursos\/dis-marca\/wp-json\/wp\/v2\/comments?post=145"}],"version-history":[{"count":12,"href":"http:\/\/disseny.recursos.uoc.edu\/recursos\/dis-marca\/wp-json\/wp\/v2\/pages\/145\/revisions"}],"predecessor-version":[{"id":919,"href":"http:\/\/disseny.recursos.uoc.edu\/recursos\/dis-marca\/wp-json\/wp\/v2\/pages\/145\/revisions\/919"}],"wp:attachment":[{"href":"http:\/\/disseny.recursos.uoc.edu\/recursos\/dis-marca\/wp-json\/wp\/v2\/media?parent=145"}],"curies":[{"name":"wp","href":"https:\/\/api.w.org\/{rel}","templated":true}]}}