{"id":138,"date":"2017-06-21T08:58:38","date_gmt":"2017-06-21T08:58:38","guid":{"rendered":"http:\/\/disseny.recursos.uoc.edu\/recursos\/dis-marca\/?page_id=138"},"modified":"2017-07-13T10:57:53","modified_gmt":"2017-07-13T10:57:53","slug":"2-las-tipografias-2","status":"publish","type":"page","link":"http:\/\/disseny.recursos.uoc.edu\/recursos\/dis-marca\/2-las-tipografias-2\/","title":{"rendered":"2. Las tipograf\u00edas"},"content":{"rendered":"<p><\/p>\n<h3>2.2. Conocer los tipos, familias y sus usos nos ayudar\u00e1 a elegir bien<\/h3>\n<p>Vamos a repasar de manera simple qu\u00e9 es un tipo de letra, as\u00ed como sus variantes.<\/p>\n<p>Se llaman <em>tipos<\/em> o <em>fuentes<\/em> al \u00abconjunto de modelos con los que se representan todas las letras del alfabeto con un estilo determinado\u00bb.<\/p>\n<p>Una familia tipogr\u00e1fica es el conjunto de todas las variantes tipogr\u00e1ficas dentro de una fuente, diferenciadas por:<\/p>\n<ul>\n<li>Peso: <em>light<\/em>, <em>regular<\/em> o <em>bold<\/em>.<\/li>\n<li>Inclinaci\u00f3n o eje: <em>roman<\/em> o <em>italic<\/em>.<\/li>\n<li>Proporci\u00f3n o ancho: <em>regular<\/em>, <em>condensed<\/em> o <em>extended<\/em>.<\/li>\n<\/ul>\n<div id=\"attachment_141\" style=\"width: 460px\" class=\"wp-caption alignnone\"><img aria-describedby=\"caption-attachment-141\" loading=\"lazy\" class=\"img-responsive wp-image-141 size-full\" src=\"http:\/\/disseny.recursos.uoc.edu\/recursos\/dis-marca\/wp-content\/uploads\/sites\/22\/2017\/06\/20118_a2_005.jpg\" alt=\"\" width=\"450\" height=\"636\" srcset=\"http:\/\/disseny.recursos.uoc.edu\/recursos\/dis-marca\/wp-content\/uploads\/sites\/22\/2017\/06\/20118_a2_005.jpg 450w, http:\/\/disseny.recursos.uoc.edu\/recursos\/dis-marca\/wp-content\/uploads\/sites\/22\/2017\/06\/20118_a2_005-212x300.jpg 212w\" sizes=\"(max-width: 450px) 100vw, 450px\" \/><p id=\"caption-attachment-141\" class=\"wp-caption-text\">Ejemplo de la familia tipogr\u00e1fica Gotham, dise\u00f1ada por Tobias Frere-Jones originalmente para la revista <em>GQ<\/em>: los editores deseaban un tipo de letra que no tuviera remates y que contara con una estructura geom\u00e9trica de aires nuevos, frescos y aspecto masculino.<\/p><\/div>\n<div class=\"definicio\">\n<p>Elegir tipograf\u00edas que cuenten con una familia amplia nos asegurar\u00e1 versatilidad y nos facilitar\u00e1 la adaptaci\u00f3n de su uso en el dise\u00f1o.<\/p>\n<\/div>\n<div id=\"attachment_663\" style=\"width: 1210px\" class=\"wp-caption alignnone\"><a href=\"http:\/\/disseny.recursos.uoc.edu\/recursos\/dis-marca\/wp-content\/uploads\/sites\/22\/2017\/06\/20118_a2_006-1.jpg\"><img aria-describedby=\"caption-attachment-663\" loading=\"lazy\" class=\"img-responsive wp-image-663 size-full\" src=\"http:\/\/disseny.recursos.uoc.edu\/recursos\/dis-marca\/wp-content\/uploads\/sites\/22\/2017\/06\/20118_a2_006-1.jpg\" alt=\"\" width=\"1200\" height=\"487\" srcset=\"http:\/\/disseny.recursos.uoc.edu\/recursos\/dis-marca\/wp-content\/uploads\/sites\/22\/2017\/06\/20118_a2_006-1.jpg 1200w, http:\/\/disseny.recursos.uoc.edu\/recursos\/dis-marca\/wp-content\/uploads\/sites\/22\/2017\/06\/20118_a2_006-1-300x122.jpg 300w, http:\/\/disseny.recursos.uoc.edu\/recursos\/dis-marca\/wp-content\/uploads\/sites\/22\/2017\/06\/20118_a2_006-1-768x312.jpg 768w, http:\/\/disseny.recursos.uoc.edu\/recursos\/dis-marca\/wp-content\/uploads\/sites\/22\/2017\/06\/20118_a2_006-1-1024x416.jpg 1024w\" sizes=\"(max-width: 1200px) 100vw, 1200px\" \/><\/a><p id=\"caption-attachment-663\" class=\"wp-caption-text\">Para trabajar eficazmente con tipograf\u00edas, debemos tener muy claro cu\u00e1les son todas las partes de una letra. Esto nos ayudar\u00e1 a diferenciar las caracter\u00edsticas espec\u00edficas de cada tipograf\u00eda.<\/p><\/div>\n<p>&nbsp;<\/p>","protected":false},"excerpt":{"rendered":"<p>2.2. Conocer los tipos, familias y sus usos nos ayudar\u00e1 a elegir bien Vamos a repasar de manera simple qu\u00e9 es un tipo de letra, as\u00ed como sus variantes. Se llaman tipos o fuentes al \u00abconjunto de modelos con los que se representan todas las letras del alfabeto con un estilo determinado\u00bb. Una familia tipogr\u00e1fica [&hellip;]<\/p>\n","protected":false},"author":1,"featured_media":0,"parent":0,"menu_order":0,"comment_status":"closed","ping_status":"closed","template":"","meta":[],"acf":[],"_links":{"self":[{"href":"http:\/\/disseny.recursos.uoc.edu\/recursos\/dis-marca\/wp-json\/wp\/v2\/pages\/138"}],"collection":[{"href":"http:\/\/disseny.recursos.uoc.edu\/recursos\/dis-marca\/wp-json\/wp\/v2\/pages"}],"about":[{"href":"http:\/\/disseny.recursos.uoc.edu\/recursos\/dis-marca\/wp-json\/wp\/v2\/types\/page"}],"author":[{"embeddable":true,"href":"http:\/\/disseny.recursos.uoc.edu\/recursos\/dis-marca\/wp-json\/wp\/v2\/users\/1"}],"replies":[{"embeddable":true,"href":"http:\/\/disseny.recursos.uoc.edu\/recursos\/dis-marca\/wp-json\/wp\/v2\/comments?post=138"}],"version-history":[{"count":14,"href":"http:\/\/disseny.recursos.uoc.edu\/recursos\/dis-marca\/wp-json\/wp\/v2\/pages\/138\/revisions"}],"predecessor-version":[{"id":727,"href":"http:\/\/disseny.recursos.uoc.edu\/recursos\/dis-marca\/wp-json\/wp\/v2\/pages\/138\/revisions\/727"}],"wp:attachment":[{"href":"http:\/\/disseny.recursos.uoc.edu\/recursos\/dis-marca\/wp-json\/wp\/v2\/media?parent=138"}],"curies":[{"name":"wp","href":"https:\/\/api.w.org\/{rel}","templated":true}]}}