{"id":1015,"date":"2019-07-09T10:33:24","date_gmt":"2019-07-09T10:33:24","guid":{"rendered":"http:\/\/disseny.recursos.uoc.edu\/recursos\/dis-marca\/?page_id=1015"},"modified":"2019-08-02T08:51:57","modified_gmt":"2019-08-02T08:51:57","slug":"9-tipus-de-publicacions-digitals-11","status":"publish","type":"page","link":"http:\/\/disseny.recursos.uoc.edu\/recursos\/dis-marca\/9-tipus-de-publicacions-digitals-11\/","title":{"rendered":"9. Tipos de publicaciones digitales"},"content":{"rendered":"<p><\/p>\n<h3 class=\"p1\">9.5. Dise\u00f1o digital<\/h3>\n<p>La palabra clave en este campo es\u00a0<strong>adaptaci\u00f3n<\/strong>. Los dise\u00f1adores se encuentran ante la disyuntiva de que tienen que adaptarse a los nuevos formatos, a las nuevas herramientas y, en consecuencia, a las nuevas formas de dise\u00f1ar y de comunicar a trav\u00e9s del dise\u00f1o.<\/p>\n<h3>9.5.1. T\u00e9cnicas de adaptaci\u00f3n de un dise\u00f1o<\/h3>\n<p>Si partimos de un dise\u00f1o previo, por ejemplo una revista en papel, y tenemos que crear su versi\u00f3n digital, lo primero que deberemos plantearnos es qu\u00e9 elementos del dise\u00f1o original van a funcionar en pantalla. Hay que tener en cuenta que la personalidad y la imagen corporativa del producto que queremos trasladar debe seguir existiendo, por lo que todos los elementos que aparezcan en nuestra adaptaci\u00f3n tienen que contener esa imagen de marca. Por otro lado, en el caso del contenido, tambi\u00e9n hay que anotar una serie de consideraciones, ya que, si el producto que nos proponemos crear va a tener \u00abcontenidos extras\u00bb, ya sea por las numerosas posibilidades que se nos presentan al poder aplicar interactividad o por los nuevos formatos que se pueden implementar, tambi\u00e9n es importante conocer la herramienta con la que vamos a llevar a cabo este nuevo dise\u00f1o. InDesign cuenta con <em>plugins<\/em> para poder trabajar en digital (Aquafadas) y tambi\u00e9n hay programas desarrollados espec\u00edficamente para este fin. Depender\u00e1 del dise\u00f1ador o de la empresa en la que se trabaje hacerlo de una manera u otra.<\/p>\n<p>Ejemplo: en la versi\u00f3n digital de la revista <em>Historia<\/em>, de National Geographic, se trasladan los contenidos de la publicaci\u00f3n en papel en curso a la versi\u00f3n digital descargable, mediante <em>app<\/em>, pero estos contenidos est\u00e1n enriquecidos y nos ofrecen un plus, gracias a las nuevas herramientas y posibilidades.<\/p>","protected":false},"excerpt":{"rendered":"<p>9.5. Dise\u00f1o digital La palabra clave en este campo es\u00a0adaptaci\u00f3n. Los dise\u00f1adores se encuentran ante la disyuntiva de que tienen que adaptarse a los nuevos formatos, a las nuevas herramientas y, en consecuencia, a las nuevas formas de dise\u00f1ar y de comunicar a trav\u00e9s del dise\u00f1o. 9.5.1. T\u00e9cnicas de adaptaci\u00f3n de un dise\u00f1o Si partimos [&hellip;]<\/p>\n","protected":false},"author":1,"featured_media":0,"parent":0,"menu_order":0,"comment_status":"closed","ping_status":"closed","template":"","meta":[],"acf":[],"_links":{"self":[{"href":"http:\/\/disseny.recursos.uoc.edu\/recursos\/dis-marca\/wp-json\/wp\/v2\/pages\/1015"}],"collection":[{"href":"http:\/\/disseny.recursos.uoc.edu\/recursos\/dis-marca\/wp-json\/wp\/v2\/pages"}],"about":[{"href":"http:\/\/disseny.recursos.uoc.edu\/recursos\/dis-marca\/wp-json\/wp\/v2\/types\/page"}],"author":[{"embeddable":true,"href":"http:\/\/disseny.recursos.uoc.edu\/recursos\/dis-marca\/wp-json\/wp\/v2\/users\/1"}],"replies":[{"embeddable":true,"href":"http:\/\/disseny.recursos.uoc.edu\/recursos\/dis-marca\/wp-json\/wp\/v2\/comments?post=1015"}],"version-history":[{"count":7,"href":"http:\/\/disseny.recursos.uoc.edu\/recursos\/dis-marca\/wp-json\/wp\/v2\/pages\/1015\/revisions"}],"predecessor-version":[{"id":1199,"href":"http:\/\/disseny.recursos.uoc.edu\/recursos\/dis-marca\/wp-json\/wp\/v2\/pages\/1015\/revisions\/1199"}],"wp:attachment":[{"href":"http:\/\/disseny.recursos.uoc.edu\/recursos\/dis-marca\/wp-json\/wp\/v2\/media?parent=1015"}],"curies":[{"name":"wp","href":"https:\/\/api.w.org\/{rel}","templated":true}]}}