{"id":998,"date":"2019-07-09T10:25:14","date_gmt":"2019-07-09T10:25:14","guid":{"rendered":"http:\/\/disseny.recursos.uoc.edu\/recursos\/dis-marca\/?page_id=998"},"modified":"2019-08-02T08:49:25","modified_gmt":"2019-08-02T08:49:25","slug":"9-tipus-de-publicacions-digitals-8","status":"publish","type":"page","link":"http:\/\/disseny.recursos.uoc.edu\/recursos\/dis-marca\/ca\/9-tipus-de-publicacions-digitals-8\/","title":{"rendered":"9. Tipus de publicacions digitals"},"content":{"rendered":"<p><\/p>\n<h3>9.4. El disseny digital centrat en l\u2019usuari: <em>user experience <\/em>(UX)<\/h3>\n<p>Quan un dissenyador s\u2019enfronta a un disseny en suport digital, cal tenir molt en compte la persona a qui va dirigit el producte que estem dissenyant, l\u2019usuari que haur\u00e0 d\u2019interpretar, entendre i saber manejar de manera intu\u00eftiva les nostres interactivitats. Moltes vegades, les aplicacions o les p\u00e0gines d\u2019internet es dissenyen tenint en compte nom\u00e9s els objectius de negoci del producte, per\u00f2 no cal perdre de vista <strong>qui<\/strong> \u00e9s la persona que utilitzar\u00e0 aquest producte. Si no es t\u00e9 un coneixement adequat d\u2019aquest usuari final, pot ser que el que estiguem dissenyant o b\u00e9 no compleixi els seus objectius, o pugui ser que dissenyem coses que despr\u00e9s no serveixin i malgastem temps i recursos fent una cosa que no compleixi la seva funci\u00f3.<\/p>\n<p>Exemple: podem dissenyar una interf\u00edcie d\u2019una botiga <em>online<\/em> en la qual el bot\u00f3 de compra no es percebi de manera natural i f\u00e0cilment per part de l\u2019usuari, per la qual cosa ser\u00e0 un disseny fallit. Hem dedicat temps i esfor\u00e7 a dissenyar alguna cosa que no compleix la seva funci\u00f3 perqu\u00e8 l\u2019usuari no interpreta aquest bot\u00f3. Per aquest motiu, va sorgir l\u2019an\u00e0lisi de l\u2019experi\u00e8ncia d\u2019usuari, coneguda com UX.<\/p>\n<h3>9.4.1. Una definici\u00f3 d\u2019UX<\/h3>\n<p>UX, sigles del terme en angl\u00e8s <em>User Experience<\/em>, fa refer\u00e8ncia a l\u2019an\u00e0lisi i interpretaci\u00f3 de tot el proc\u00e9s d\u2019interactuaci\u00f3 entre un usuari amb un producte o servei digital. S\u2019aconsegueix una bona UX a l\u2019hora de dissenyar productes \u00fatils, f\u00e0cils d\u2019utilitzar i que resultin interessants per a l\u2019usuari. Es pot aconseguir una bona UX, si tenim un enfocament del disseny que se centri en la persona i les seves necessitats, i que, al mateix temps, compleixi amb els objectius de negoci, tenint sempre en compte les limitacions t\u00e8cniques de qu\u00e8 es disposa.<\/p>\n<p>Donald Norman (2016), a \u00abThe Future of Design: When you come to a fork in the road, take it\u00bb (<a href=\"https:\/\/jnd.org\" target=\"_blank\">https:\/\/jnd.org<\/a>), defineix l\u2019experi\u00e8ncia de l\u2019usuari com un proc\u00e9s que requereix una comprensi\u00f3 profunda de les persones. Determina que ha de donar comen\u00e7ament amb l\u2019observaci\u00f3 dels subjectes i, a partir d\u2019aqu\u00ed, determinar els problemes i les necessitats, que donaran lloc a una s\u00e8rie de proves, creaci\u00f3 de prototips i test d\u2019usuaris que tindran, finalment, una realitzaci\u00f3 del projecte com m\u00e9s efectiva millor.<\/p>","protected":false},"excerpt":{"rendered":"<p>9.4. El disseny digital centrat en l\u2019usuari: user experience (UX) Quan un dissenyador s\u2019enfronta a un disseny en suport digital, cal tenir molt en compte la persona a qui va dirigit el producte que estem dissenyant, l\u2019usuari que haur\u00e0 d\u2019interpretar, entendre i saber manejar de manera intu\u00eftiva les nostres interactivitats. Moltes vegades, les aplicacions o [&hellip;]<\/p>\n","protected":false},"author":1,"featured_media":0,"parent":0,"menu_order":0,"comment_status":"closed","ping_status":"closed","template":"","meta":[],"acf":[],"_links":{"self":[{"href":"http:\/\/disseny.recursos.uoc.edu\/recursos\/dis-marca\/ca\/wp-json\/wp\/v2\/pages\/998"}],"collection":[{"href":"http:\/\/disseny.recursos.uoc.edu\/recursos\/dis-marca\/ca\/wp-json\/wp\/v2\/pages"}],"about":[{"href":"http:\/\/disseny.recursos.uoc.edu\/recursos\/dis-marca\/ca\/wp-json\/wp\/v2\/types\/page"}],"author":[{"embeddable":true,"href":"http:\/\/disseny.recursos.uoc.edu\/recursos\/dis-marca\/ca\/wp-json\/wp\/v2\/users\/1"}],"replies":[{"embeddable":true,"href":"http:\/\/disseny.recursos.uoc.edu\/recursos\/dis-marca\/ca\/wp-json\/wp\/v2\/comments?post=998"}],"version-history":[{"count":18,"href":"http:\/\/disseny.recursos.uoc.edu\/recursos\/dis-marca\/ca\/wp-json\/wp\/v2\/pages\/998\/revisions"}],"predecessor-version":[{"id":1196,"href":"http:\/\/disseny.recursos.uoc.edu\/recursos\/dis-marca\/ca\/wp-json\/wp\/v2\/pages\/998\/revisions\/1196"}],"wp:attachment":[{"href":"http:\/\/disseny.recursos.uoc.edu\/recursos\/dis-marca\/ca\/wp-json\/wp\/v2\/media?parent=998"}],"curies":[{"name":"wp","href":"https:\/\/api.w.org\/{rel}","templated":true}]}}