{"id":989,"date":"2019-07-09T10:22:09","date_gmt":"2019-07-09T10:22:09","guid":{"rendered":"http:\/\/disseny.recursos.uoc.edu\/recursos\/dis-marca\/?page_id=989"},"modified":"2019-07-10T09:26:52","modified_gmt":"2019-07-10T09:26:52","slug":"9-tipus-de-publicacions-digitals-7","status":"publish","type":"page","link":"http:\/\/disseny.recursos.uoc.edu\/recursos\/dis-marca\/ca\/9-tipus-de-publicacions-digitals-7\/","title":{"rendered":"9. Tipus de publicacions digitals"},"content":{"rendered":"<p><\/p>\n<h3>9.3. Tipus de publicacions digitals<\/h3>\n<h3>9.3.6. <em>Newsletters<\/em><\/h3>\n<p>Una <em>newsletter<\/em> \u00e9s un butllet\u00ed d\u2019informaci\u00f3 que, de manera peri\u00f2dica, es distribueix a trav\u00e9s de correu electr\u00f2nic. L\u2019objectiu d\u2019una <em>newsletter<\/em> \u00e9s fidelitzar els clients oferint-los informaci\u00f3 actualitzada sobre un producte. En realitat, una <em>newsletter<\/em> \u00e9s un producte de m\u00e0rqueting que es pot utilitzar en molts sentits. Hi ha <em>newsletters<\/em> d\u2019empreses comercials que peri\u00f2dicament envien als seus clients novetats o ofertes, tamb\u00e9 n\u2019hi ha que informen d\u2019una actualitzaci\u00f3 o contingut nou (per exemple, una revista digital pot utilitzar la <em>newsletter<\/em> de ganxo, mostrant continguts o promocions). Un avantatge d\u2019aquest tipus de comunicaci\u00f3 \u00e9s que t\u00e9 un cost molt baix i que sol ser f\u00e0cil de dissenyar: sol ser un PDF ancorat en el cos d\u2019un correu o una interf\u00edcie web.<\/p>","protected":false},"excerpt":{"rendered":"<p>9.3. Tipus de publicacions digitals 9.3.6. Newsletters Una newsletter \u00e9s un butllet\u00ed d\u2019informaci\u00f3 que, de manera peri\u00f2dica, es distribueix a trav\u00e9s de correu electr\u00f2nic. L\u2019objectiu d\u2019una newsletter \u00e9s fidelitzar els clients oferint-los informaci\u00f3 actualitzada sobre un producte. En realitat, una newsletter \u00e9s un producte de m\u00e0rqueting que es pot utilitzar en molts sentits. Hi ha [&hellip;]<\/p>\n","protected":false},"author":1,"featured_media":0,"parent":0,"menu_order":0,"comment_status":"closed","ping_status":"closed","template":"","meta":[],"acf":[],"_links":{"self":[{"href":"http:\/\/disseny.recursos.uoc.edu\/recursos\/dis-marca\/ca\/wp-json\/wp\/v2\/pages\/989"}],"collection":[{"href":"http:\/\/disseny.recursos.uoc.edu\/recursos\/dis-marca\/ca\/wp-json\/wp\/v2\/pages"}],"about":[{"href":"http:\/\/disseny.recursos.uoc.edu\/recursos\/dis-marca\/ca\/wp-json\/wp\/v2\/types\/page"}],"author":[{"embeddable":true,"href":"http:\/\/disseny.recursos.uoc.edu\/recursos\/dis-marca\/ca\/wp-json\/wp\/v2\/users\/1"}],"replies":[{"embeddable":true,"href":"http:\/\/disseny.recursos.uoc.edu\/recursos\/dis-marca\/ca\/wp-json\/wp\/v2\/comments?post=989"}],"version-history":[{"count":5,"href":"http:\/\/disseny.recursos.uoc.edu\/recursos\/dis-marca\/ca\/wp-json\/wp\/v2\/pages\/989\/revisions"}],"predecessor-version":[{"id":1156,"href":"http:\/\/disseny.recursos.uoc.edu\/recursos\/dis-marca\/ca\/wp-json\/wp\/v2\/pages\/989\/revisions\/1156"}],"wp:attachment":[{"href":"http:\/\/disseny.recursos.uoc.edu\/recursos\/dis-marca\/ca\/wp-json\/wp\/v2\/media?parent=989"}],"curies":[{"name":"wp","href":"https:\/\/api.w.org\/{rel}","templated":true}]}}