{"id":984,"date":"2019-07-09T10:21:20","date_gmt":"2019-07-09T10:21:20","guid":{"rendered":"http:\/\/disseny.recursos.uoc.edu\/recursos\/dis-marca\/?page_id=984"},"modified":"2019-08-02T08:48:52","modified_gmt":"2019-08-02T08:48:52","slug":"9-tipus-de-publicacions-digitals-6","status":"publish","type":"page","link":"http:\/\/disseny.recursos.uoc.edu\/recursos\/dis-marca\/ca\/9-tipus-de-publicacions-digitals-6\/","title":{"rendered":"9. Tipus de publicacions digitals"},"content":{"rendered":"<p><\/p>\n<h3>9.3. Tipus de publicacions digitals<\/h3>\n<h3>9.3.5. Revistes digitals<\/h3>\n<p>Les revistes digitals s\u00f3n la resposta digital a una revista impresa tradicional. Estan disponibles a la xarxa o per subscripci\u00f3, poden ser gratis o requerir algun pagament. A difer\u00e8ncia dels formats vistos, les revistes digitals solen presentar-se per mitj\u00e0 d\u2019una app que ofereix una experi\u00e8ncia d\u2019usuari completa i adaptada al dispositiu a trav\u00e9s del qual s\u2019estigui visualitzant. A l\u2019hora de crear una revista en aquest format, cal tenir en compte tots els principis editorials que s\u00f3n necessaris i imprescindibles per crear un producte editorial, per\u00f2 cal transcendir el paper i entendre el nou format per poder oferir un disseny c\u00f2mode i atractiu per al lector.<\/p>\n<div id=\"attachment_985\" style=\"width: 319px\" class=\"wp-caption alignnone\"><img aria-describedby=\"caption-attachment-985\" loading=\"lazy\" class=\"img-responsive wp-image-985 size-full\" src=\"http:\/\/disseny.recursos.uoc.edu\/recursos\/dis-marca\/wp-content\/uploads\/sites\/22\/2019\/07\/01-NG.jpg\" alt=\"\" width=\"309\" height=\"242\" srcset=\"http:\/\/disseny.recursos.uoc.edu\/recursos\/dis-marca\/wp-content\/uploads\/sites\/22\/2019\/07\/01-NG.jpg 309w, http:\/\/disseny.recursos.uoc.edu\/recursos\/dis-marca\/wp-content\/uploads\/sites\/22\/2019\/07\/01-NG-300x235.jpg 300w\" sizes=\"(max-width: 309px) 100vw, 309px\" \/><p id=\"caption-attachment-985\" class=\"wp-caption-text\">Per exemple, la revista <em>Hist\u00f2ria<\/em> de National Geographic compta amb una versi\u00f3 per a dispositius m\u00f2bils excepcional, que permet navegar de manera intu\u00eftiva i interactuar amb els continguts de manera f\u00e0cil i entretinguda.<\/p><\/div>\n<div class=\"definicio\">\n<p>\u00c9s molt important comprendre que la versi\u00f3 digital d\u2019una revista impresa no substitueix a aquesta, sin\u00f3 que la complementa, genera un producte diferent i independent.<\/p>\n<\/div>\n<p>Per poder crear revistes digitals, hem de con\u00e8ixer la funcionalitat d\u2019interactivitat a InDesign, aix\u00ed com tenir coneixements d\u2019experi\u00e8ncia d\u2019usuari (vegeu l\u2019apartat d\u2019UX).<\/p>\n<p>En aquest grup, s\u2019ha avan\u00e7at molt en molt poc temps. S\u2019ha passat de qu\u00e8 les revistes fossin un PDF simple descarregable al fet que sigui una app la que et permet visualitzar cada n\u00famero. Les aplicacions permeten la navegaci\u00f3 en dispositius m\u00f2bils, aprofiten totes les peculiaritats dels terminals i ofereixen una experi\u00e8ncia d\u2019usuari m\u00e9s completa i adaptada a l\u2019usuari. A m\u00e9s, permeten incorporar m\u00faltiples continguts: v\u00eddeos, \u00e0udios, formularis, <em>sliders<\/em> d\u2019imatges\u2026 El seu disseny est\u00e0 pensat per atreure l\u2019atenci\u00f3 dels lectors, perqu\u00e8 l\u2019usuari s\u2019impliqui i interactu\u00ef amb el seu contingut a trav\u00e9s de botons, <em>scrolls<\/em>, finestres emergents, jocs\u2026 Es pot dissenyar una portada en moviment, dissenys canviants, etc.<\/p>\n<p>La creaci\u00f3 de les apps sol quedar en mans del departament inform\u00e0tic que en funci\u00f3 de les seves necessitats pot demanar requisits espec\u00edfics en el disseny. El seu treball consistir\u00e0 en donar vida al disseny que h\u00e0gim constru\u00eft de manera que pugui visualitzar-se com un tot independent.<\/p>","protected":false},"excerpt":{"rendered":"<p>9.3. Tipus de publicacions digitals 9.3.5. Revistes digitals Les revistes digitals s\u00f3n la resposta digital a una revista impresa tradicional. Estan disponibles a la xarxa o per subscripci\u00f3, poden ser gratis o requerir algun pagament. A difer\u00e8ncia dels formats vistos, les revistes digitals solen presentar-se per mitj\u00e0 d\u2019una app que ofereix una experi\u00e8ncia d\u2019usuari completa [&hellip;]<\/p>\n","protected":false},"author":1,"featured_media":0,"parent":0,"menu_order":0,"comment_status":"closed","ping_status":"closed","template":"","meta":[],"acf":[],"_links":{"self":[{"href":"http:\/\/disseny.recursos.uoc.edu\/recursos\/dis-marca\/ca\/wp-json\/wp\/v2\/pages\/984"}],"collection":[{"href":"http:\/\/disseny.recursos.uoc.edu\/recursos\/dis-marca\/ca\/wp-json\/wp\/v2\/pages"}],"about":[{"href":"http:\/\/disseny.recursos.uoc.edu\/recursos\/dis-marca\/ca\/wp-json\/wp\/v2\/types\/page"}],"author":[{"embeddable":true,"href":"http:\/\/disseny.recursos.uoc.edu\/recursos\/dis-marca\/ca\/wp-json\/wp\/v2\/users\/1"}],"replies":[{"embeddable":true,"href":"http:\/\/disseny.recursos.uoc.edu\/recursos\/dis-marca\/ca\/wp-json\/wp\/v2\/comments?post=984"}],"version-history":[{"count":16,"href":"http:\/\/disseny.recursos.uoc.edu\/recursos\/dis-marca\/ca\/wp-json\/wp\/v2\/pages\/984\/revisions"}],"predecessor-version":[{"id":1195,"href":"http:\/\/disseny.recursos.uoc.edu\/recursos\/dis-marca\/ca\/wp-json\/wp\/v2\/pages\/984\/revisions\/1195"}],"wp:attachment":[{"href":"http:\/\/disseny.recursos.uoc.edu\/recursos\/dis-marca\/ca\/wp-json\/wp\/v2\/media?parent=984"}],"curies":[{"name":"wp","href":"https:\/\/api.w.org\/{rel}","templated":true}]}}