{"id":980,"date":"2019-07-09T09:12:53","date_gmt":"2019-07-09T09:12:53","guid":{"rendered":"http:\/\/disseny.recursos.uoc.edu\/recursos\/dis-marca\/?page_id=980"},"modified":"2019-08-02T09:00:19","modified_gmt":"2019-08-02T09:00:19","slug":"9-tipus-de-publicacions-digitals-5","status":"publish","type":"page","link":"http:\/\/disseny.recursos.uoc.edu\/recursos\/dis-marca\/ca\/9-tipus-de-publicacions-digitals-5\/","title":{"rendered":"9. Tipus de publicacions digitals"},"content":{"rendered":"<p><\/p>\n<h3>9.3. Tipus de publicacions digitals<\/h3>\n<h3>9.3.4. Fulletons digitals<\/h3>\n<p>En aquesta nova era digital, les companyies i empreses inclouen a les seves p\u00e0gines web l\u2019opci\u00f3 de desc\u00e0rrega directa de fulletons digitals en format PDF, el disseny dels quals ser\u00e0 exactament igual a un en paper. Nom\u00e9s cal tenir en compte que l\u2019arxiu no pesi massa perqu\u00e8 la desc\u00e0rrega no sigui problem\u00e0tica. Per al consumidor \u00e9s c\u00f2mode; per a l\u2019empresa en q\u00fcesti\u00f3 \u00e9s m\u00e9s barat. El PDF podria incloure algun tipus d\u2019interactivitat simple.<\/p>","protected":false},"excerpt":{"rendered":"<p>9.3. Tipus de publicacions digitals 9.3.4. Fulletons digitals En aquesta nova era digital, les companyies i empreses inclouen a les seves p\u00e0gines web l\u2019opci\u00f3 de desc\u00e0rrega directa de fulletons digitals en format PDF, el disseny dels quals ser\u00e0 exactament igual a un en paper. Nom\u00e9s cal tenir en compte que l\u2019arxiu no pesi massa perqu\u00e8 [&hellip;]<\/p>\n","protected":false},"author":1,"featured_media":0,"parent":0,"menu_order":0,"comment_status":"closed","ping_status":"closed","template":"","meta":[],"acf":[],"_links":{"self":[{"href":"http:\/\/disseny.recursos.uoc.edu\/recursos\/dis-marca\/ca\/wp-json\/wp\/v2\/pages\/980"}],"collection":[{"href":"http:\/\/disseny.recursos.uoc.edu\/recursos\/dis-marca\/ca\/wp-json\/wp\/v2\/pages"}],"about":[{"href":"http:\/\/disseny.recursos.uoc.edu\/recursos\/dis-marca\/ca\/wp-json\/wp\/v2\/types\/page"}],"author":[{"embeddable":true,"href":"http:\/\/disseny.recursos.uoc.edu\/recursos\/dis-marca\/ca\/wp-json\/wp\/v2\/users\/1"}],"replies":[{"embeddable":true,"href":"http:\/\/disseny.recursos.uoc.edu\/recursos\/dis-marca\/ca\/wp-json\/wp\/v2\/comments?post=980"}],"version-history":[{"count":7,"href":"http:\/\/disseny.recursos.uoc.edu\/recursos\/dis-marca\/ca\/wp-json\/wp\/v2\/pages\/980\/revisions"}],"predecessor-version":[{"id":1202,"href":"http:\/\/disseny.recursos.uoc.edu\/recursos\/dis-marca\/ca\/wp-json\/wp\/v2\/pages\/980\/revisions\/1202"}],"wp:attachment":[{"href":"http:\/\/disseny.recursos.uoc.edu\/recursos\/dis-marca\/ca\/wp-json\/wp\/v2\/media?parent=980"}],"curies":[{"name":"wp","href":"https:\/\/api.w.org\/{rel}","templated":true}]}}