{"id":977,"date":"2019-07-09T09:08:25","date_gmt":"2019-07-09T09:08:25","guid":{"rendered":"http:\/\/disseny.recursos.uoc.edu\/recursos\/dis-marca\/?page_id=977"},"modified":"2019-08-02T08:43:53","modified_gmt":"2019-08-02T08:43:53","slug":"9-tipus-de-publicacions-digitals-4","status":"publish","type":"page","link":"http:\/\/disseny.recursos.uoc.edu\/recursos\/dis-marca\/ca\/9-tipus-de-publicacions-digitals-4\/","title":{"rendered":"9. Tipus de publicacions digitals"},"content":{"rendered":"<p><\/p>\n<h3>9.3. Tipus de publicacions digitals<\/h3>\n<h3>9.3.3. <em>E-books<\/em><\/h3>\n<p>Un <em>e-book<\/em> o llibre electr\u00f2nic \u00e9s un llibre de text corregut que est\u00e0 pensat per a qu\u00e8 sigui llegit a trav\u00e9s d\u2019un eReader. Els eReaders s\u00f3n dispositius que estan especialment pensats per a qu\u00e8 siguin c\u00f2modes per a la lectura, gr\u00e0cies a les seves pantalles retroil\u00b7luminades que ajuden a qu\u00e8 la vista no es cansi, fins i tot quan la llum ambiental no \u00e9s l\u2019adequada per llegir. Un altre dels beneficis dels <em>e-books<\/em> \u00e9s que pots guardar molts llibres al teu dispositiu i evitar que ocupin espai f\u00edsic. El format m\u00e9s habitual \u00e9s el PDF, tot i que les editorials solen preferir l\u2019EPUB. Hi ha algunes marques com Kindle d\u2019Amazon que tenen un format propi (en aquest cas seria .mobi\/awz).<\/p>\n<p>El format EPUB 3.0 \u00e9s una evoluci\u00f3 del format original i permet la inclusi\u00f3 de v\u00eddeos, sons o animacions, per la qual cosa \u00e9s un format ideal per a llibres infantils o did\u00e0ctics.<\/p>\n<p>Per crear un <em>e-book<\/em>, n\u2019hi hauria prou amb tenir una eina adequada per al format que volem, en funci\u00f3 del dispositiu de destinaci\u00f3. La manera de crear-lo \u00e9s semblant a la creaci\u00f3 d\u2019una web: inserirem el text i, si hi hagu\u00e9s alguna imatge i el programari ens ho permet\u00e9s, l\u2019exportar\u00edem a un dels formats compatibles. Pel que fa al disseny, els <em>e-books<\/em> s\u00f3n molt b\u00e0sics, ja que simplement s\u00f3n un text corregut, i el tipus de lletra o la mida s\u2019adapta, amb posterioritat, a cada dispositiu de lectura.<\/p>\n<p>Adobe InDesign segueix essent una eina fonamental per crear qualsevol tipus de documents, inclosos aquests, per\u00f2 hi ha altres programes que tamb\u00e9 permeten fer-los com Sketch (disponible nom\u00e9s per a Mac), Gimp o Inkscape. Com sol ser habitual en disseny, no hi ha un \u00fanic cam\u00ed per fer un <em>e-book<\/em>, a vegades cal conjugar diferents eines i despr\u00e9s ajuntar-ho tot en un mateix document.<\/p>\n<p>Els <em>iBooks<\/em> s\u00f3n llibres electr\u00f2nics nom\u00e9s compatibles amb dispositius d\u2019Apple. Apple compta amb un programari gratu\u00eft anomenat iBooks Author, que permet afegir moltes funcions d\u2019interactivitat, per\u00f2 nom\u00e9s podrem distribuir aquest producte a trav\u00e9s de l\u2019Apple Store.<\/p>","protected":false},"excerpt":{"rendered":"<p>9.3. Tipus de publicacions digitals 9.3.3. E-books Un e-book o llibre electr\u00f2nic \u00e9s un llibre de text corregut que est\u00e0 pensat per a qu\u00e8 sigui llegit a trav\u00e9s d\u2019un eReader. Els eReaders s\u00f3n dispositius que estan especialment pensats per a qu\u00e8 siguin c\u00f2modes per a la lectura, gr\u00e0cies a les seves pantalles retroil\u00b7luminades que ajuden [&hellip;]<\/p>\n","protected":false},"author":1,"featured_media":0,"parent":0,"menu_order":0,"comment_status":"closed","ping_status":"closed","template":"","meta":[],"acf":[],"_links":{"self":[{"href":"http:\/\/disseny.recursos.uoc.edu\/recursos\/dis-marca\/ca\/wp-json\/wp\/v2\/pages\/977"}],"collection":[{"href":"http:\/\/disseny.recursos.uoc.edu\/recursos\/dis-marca\/ca\/wp-json\/wp\/v2\/pages"}],"about":[{"href":"http:\/\/disseny.recursos.uoc.edu\/recursos\/dis-marca\/ca\/wp-json\/wp\/v2\/types\/page"}],"author":[{"embeddable":true,"href":"http:\/\/disseny.recursos.uoc.edu\/recursos\/dis-marca\/ca\/wp-json\/wp\/v2\/users\/1"}],"replies":[{"embeddable":true,"href":"http:\/\/disseny.recursos.uoc.edu\/recursos\/dis-marca\/ca\/wp-json\/wp\/v2\/comments?post=977"}],"version-history":[{"count":4,"href":"http:\/\/disseny.recursos.uoc.edu\/recursos\/dis-marca\/ca\/wp-json\/wp\/v2\/pages\/977\/revisions"}],"predecessor-version":[{"id":1193,"href":"http:\/\/disseny.recursos.uoc.edu\/recursos\/dis-marca\/ca\/wp-json\/wp\/v2\/pages\/977\/revisions\/1193"}],"wp:attachment":[{"href":"http:\/\/disseny.recursos.uoc.edu\/recursos\/dis-marca\/ca\/wp-json\/wp\/v2\/media?parent=977"}],"curies":[{"name":"wp","href":"https:\/\/api.w.org\/{rel}","templated":true}]}}