{"id":972,"date":"2019-07-09T09:03:19","date_gmt":"2019-07-09T09:03:19","guid":{"rendered":"http:\/\/disseny.recursos.uoc.edu\/recursos\/dis-marca\/?page_id=972"},"modified":"2019-07-10T09:16:59","modified_gmt":"2019-07-10T09:16:59","slug":"9-tipos-de-publicaciones-digitales-3","status":"publish","type":"page","link":"http:\/\/disseny.recursos.uoc.edu\/recursos\/dis-marca\/ca\/9-tipos-de-publicaciones-digitales-3\/","title":{"rendered":"9. Tipus de publicacions digitals"},"content":{"rendered":"<p><\/p>\n<h3>9.3. Tipus de publicacions digitals<\/h3>\n<h3>9.3.2. Pdf interactiu<\/h3>\n<p>Amb el desenvolupament de programaris espec\u00edfics per a aquesta tasca o amb l\u2019actualitzaci\u00f3 dels programes habituals de disseny, van comen\u00e7ar a apar\u00e8ixer opcions que oferien la possibilitat d\u2019introduir interactivitats b\u00e0siques en els PDF. Es podien posar enlla\u00e7os a p\u00e0gines d\u2019internet, reproduir \u00e0udios i v\u00eddeos, la possibilitat d\u2019introduir galeries de fotos, afegir botons, dissenyar formularis, etc. Aquest va ser el primer pas per a un nou m\u00f3n de possibilitats que permetia trencar amb el pensament est\u00e0tic del format original. M\u00e9s enll\u00e0 de productes editorials, altres formats han pogut beneficiar-se d\u2019aquesta aportaci\u00f3, sumant originalitat i disseny a formularis, portafolis o productes corporatius.<\/p>\n<p>A l\u2019inici de les publicacions digitals, va suposar un gran pas endavant, per\u00f2 ara cal considerar-lo un format que pot ser adequat per a productes espec\u00edfics, on la seva usabilitat \u00e9s un plus, tot i que no deixa de ser antiquat.<\/p>","protected":false},"excerpt":{"rendered":"<p>9.3. Tipus de publicacions digitals 9.3.2. Pdf interactiu Amb el desenvolupament de programaris espec\u00edfics per a aquesta tasca o amb l\u2019actualitzaci\u00f3 dels programes habituals de disseny, van comen\u00e7ar a apar\u00e8ixer opcions que oferien la possibilitat d\u2019introduir interactivitats b\u00e0siques en els PDF. Es podien posar enlla\u00e7os a p\u00e0gines d\u2019internet, reproduir \u00e0udios i v\u00eddeos, la possibilitat d\u2019introduir [&hellip;]<\/p>\n","protected":false},"author":1,"featured_media":0,"parent":0,"menu_order":0,"comment_status":"closed","ping_status":"closed","template":"","meta":[],"acf":[],"_links":{"self":[{"href":"http:\/\/disseny.recursos.uoc.edu\/recursos\/dis-marca\/ca\/wp-json\/wp\/v2\/pages\/972"}],"collection":[{"href":"http:\/\/disseny.recursos.uoc.edu\/recursos\/dis-marca\/ca\/wp-json\/wp\/v2\/pages"}],"about":[{"href":"http:\/\/disseny.recursos.uoc.edu\/recursos\/dis-marca\/ca\/wp-json\/wp\/v2\/types\/page"}],"author":[{"embeddable":true,"href":"http:\/\/disseny.recursos.uoc.edu\/recursos\/dis-marca\/ca\/wp-json\/wp\/v2\/users\/1"}],"replies":[{"embeddable":true,"href":"http:\/\/disseny.recursos.uoc.edu\/recursos\/dis-marca\/ca\/wp-json\/wp\/v2\/comments?post=972"}],"version-history":[{"count":4,"href":"http:\/\/disseny.recursos.uoc.edu\/recursos\/dis-marca\/ca\/wp-json\/wp\/v2\/pages\/972\/revisions"}],"predecessor-version":[{"id":1150,"href":"http:\/\/disseny.recursos.uoc.edu\/recursos\/dis-marca\/ca\/wp-json\/wp\/v2\/pages\/972\/revisions\/1150"}],"wp:attachment":[{"href":"http:\/\/disseny.recursos.uoc.edu\/recursos\/dis-marca\/ca\/wp-json\/wp\/v2\/media?parent=972"}],"curies":[{"name":"wp","href":"https:\/\/api.w.org\/{rel}","templated":true}]}}