{"id":959,"date":"2019-07-09T08:47:21","date_gmt":"2019-07-09T08:47:21","guid":{"rendered":"http:\/\/disseny.recursos.uoc.edu\/recursos\/dis-marca\/?page_id=959"},"modified":"2019-07-09T13:51:21","modified_gmt":"2019-07-09T13:51:21","slug":"9-tipus-de-publicacions-digitals-3","status":"publish","type":"page","link":"http:\/\/disseny.recursos.uoc.edu\/recursos\/dis-marca\/ca\/9-tipus-de-publicacions-digitals-3\/","title":{"rendered":"9. Tipus de publicacions digitals"},"content":{"rendered":"<p><\/p>\n<h3>9.2.\u00a0Avantatges i inconvenients de les publicacions digitals<\/h3>\n<h3>9.2.2. Inconvenients<\/h3>\n<ul>\n<li>En la creaci\u00f3 de publicacions digitals, es requereix una col\u00b7laboraci\u00f3 estreta amb professionals de la inform\u00e0tica que no solien estar vinculats en els processos tradicionals d\u2019edici\u00f3 i disseny, per\u00f2 que ara han de ser-hi presents per poder dur el producte a bon port. Dissenyadors i programadors han de treballar en el desenvolupament d\u2019un mateix entorn. L\u2019\u00e0rea de disseny s\u2019encarregar\u00e0 de crear la interf\u00edcie de la publicaci\u00f3 i la interacci\u00f3 que tindr\u00e0 amb l\u2019usuari i l\u2019\u00e0rea de programaci\u00f3 generar\u00e0 els elements necessaris per a la integraci\u00f3 i funcionalitat de les diferents parts de la publicaci\u00f3.<\/li>\n<li>Avui en dia, la tecnologia envelleix a gran velocitat i aix\u00f2 fa que sigui necessari el desenvolupament continu de sistemes de disseny i programaci\u00f3. Els diferents dispositius tamb\u00e9 canvien r\u00e0pid i el dissenyador ha d\u2019estar preparat per entendre quins canvis s\u00f3n necessaris i tenir la ment oberta per adaptar-se a nous formats.<\/li>\n<li>Hi ha una preocupaci\u00f3 real sobre el dest\u00ed de tota la producci\u00f3 de contingut que nom\u00e9s s\u2019emmagatzema en suport digital. Pot ser que aquest sigui un dels punts pels quals, en els nostres dies, les publicacions digitals, malgrat els seus inq\u00fcestionables avantatges, encara no han destronat totalment el paper. S\u2019obre el debat d\u2019on quedar\u00e0 emmagatzemat tot el que es genera de manera digital.<\/li>\n<\/ul>\n<p><\/p>","protected":false},"excerpt":{"rendered":"<p>9.2.\u00a0Avantatges i inconvenients de les publicacions digitals 9.2.2. Inconvenients En la creaci\u00f3 de publicacions digitals, es requereix una col\u00b7laboraci\u00f3 estreta amb professionals de la inform\u00e0tica que no solien estar vinculats en els processos tradicionals d\u2019edici\u00f3 i disseny, per\u00f2 que ara han de ser-hi presents per poder dur el producte a bon port. Dissenyadors i programadors [&hellip;]<\/p>\n","protected":false},"author":1,"featured_media":0,"parent":0,"menu_order":0,"comment_status":"closed","ping_status":"closed","template":"","meta":[],"acf":[],"_links":{"self":[{"href":"http:\/\/disseny.recursos.uoc.edu\/recursos\/dis-marca\/ca\/wp-json\/wp\/v2\/pages\/959"}],"collection":[{"href":"http:\/\/disseny.recursos.uoc.edu\/recursos\/dis-marca\/ca\/wp-json\/wp\/v2\/pages"}],"about":[{"href":"http:\/\/disseny.recursos.uoc.edu\/recursos\/dis-marca\/ca\/wp-json\/wp\/v2\/types\/page"}],"author":[{"embeddable":true,"href":"http:\/\/disseny.recursos.uoc.edu\/recursos\/dis-marca\/ca\/wp-json\/wp\/v2\/users\/1"}],"replies":[{"embeddable":true,"href":"http:\/\/disseny.recursos.uoc.edu\/recursos\/dis-marca\/ca\/wp-json\/wp\/v2\/comments?post=959"}],"version-history":[{"count":3,"href":"http:\/\/disseny.recursos.uoc.edu\/recursos\/dis-marca\/ca\/wp-json\/wp\/v2\/pages\/959\/revisions"}],"predecessor-version":[{"id":1088,"href":"http:\/\/disseny.recursos.uoc.edu\/recursos\/dis-marca\/ca\/wp-json\/wp\/v2\/pages\/959\/revisions\/1088"}],"wp:attachment":[{"href":"http:\/\/disseny.recursos.uoc.edu\/recursos\/dis-marca\/ca\/wp-json\/wp\/v2\/media?parent=959"}],"curies":[{"name":"wp","href":"https:\/\/api.w.org\/{rel}","templated":true}]}}