{"id":954,"date":"2019-07-09T08:45:02","date_gmt":"2019-07-09T08:45:02","guid":{"rendered":"http:\/\/disseny.recursos.uoc.edu\/recursos\/dis-marca\/?page_id=954"},"modified":"2019-08-02T08:40:59","modified_gmt":"2019-08-02T08:40:59","slug":"9-tipus-de-publicacions-digitals-2","status":"publish","type":"page","link":"http:\/\/disseny.recursos.uoc.edu\/recursos\/dis-marca\/ca\/9-tipus-de-publicacions-digitals-2\/","title":{"rendered":"9. Tipus de publicacions digitals"},"content":{"rendered":"<p><\/p>\n<h3>9.2. Avantatges i inconvenients de les publicacions digitals<\/h3>\n<h3>9.2.1. Avantatges<\/h3>\n<ul>\n<li>Les publicacions digitals s\u00f3n de f\u00e0cil acc\u00e9s. Es pot accedir a una publicaci\u00f3 digital independentment del lloc en el qual es va crear de manera immediata, sempre que estigui disponible de manera <em>online<\/em>.<\/li>\n<li>Els costos de producci\u00f3 d\u2019una publicaci\u00f3 digital s\u00f3n molt menors als necessaris per produir un producte en suport f\u00edsic. El cost de producci\u00f3 es limitaria a les tarifes de servidors o plataformes per poder col\u00b7locar el producte de manera accessible per a descarregar i la m\u00e0 d&#8217;obra. Cal tenir en compte que les diferents llibreries i quioscos digitals, ja siguin d\u2019Apple, Android, Amazon o Windows, cobren una quantitat de diners per posar les revistes o productes editorials en circulaci\u00f3, aix\u00ed com un percentatge sobre les vendes.<\/li>\n<li>Des del punt de vista creatiu es trenquen les barreres d\u2019all\u00f2 est\u00e0tic que marcava el suport en paper. Un dissenyador ja no crea en un espai acotat i pensant en un sentit de la lectura \u00fanic, sin\u00f3 que es multipliquen les possibilitats. El dissenyador ha d\u2019anar guiant el lector a trav\u00e9s d\u2019un entramat accessible que ha de cridar l\u2019atenci\u00f3 i fascinar l\u2019interlocutor. El dissenyador ha de pensar no nom\u00e9s en termes de \u00abtext i foto\u00bb i incorporar moviment, ja sigui en els elements b\u00e0sics de disseny o amb insercions d\u2019\u00e0udio i v\u00eddeo.<\/li>\n<li>Permeten quantificar f\u00e0cilment el seu impacte ja que se\u2019n pot rastrejar el recorregut, comptabilitzant visites o clics en els continguts, i fins i tot portar un control del temps que el lector inverteix en cada punt.<\/li>\n<\/ul>\n<p><\/p>","protected":false},"excerpt":{"rendered":"<p>9.2. Avantatges i inconvenients de les publicacions digitals 9.2.1. Avantatges Les publicacions digitals s\u00f3n de f\u00e0cil acc\u00e9s. Es pot accedir a una publicaci\u00f3 digital independentment del lloc en el qual es va crear de manera immediata, sempre que estigui disponible de manera online. Els costos de producci\u00f3 d\u2019una publicaci\u00f3 digital s\u00f3n molt menors als necessaris [&hellip;]<\/p>\n","protected":false},"author":1,"featured_media":0,"parent":0,"menu_order":0,"comment_status":"closed","ping_status":"closed","template":"","meta":[],"acf":[],"_links":{"self":[{"href":"http:\/\/disseny.recursos.uoc.edu\/recursos\/dis-marca\/ca\/wp-json\/wp\/v2\/pages\/954"}],"collection":[{"href":"http:\/\/disseny.recursos.uoc.edu\/recursos\/dis-marca\/ca\/wp-json\/wp\/v2\/pages"}],"about":[{"href":"http:\/\/disseny.recursos.uoc.edu\/recursos\/dis-marca\/ca\/wp-json\/wp\/v2\/types\/page"}],"author":[{"embeddable":true,"href":"http:\/\/disseny.recursos.uoc.edu\/recursos\/dis-marca\/ca\/wp-json\/wp\/v2\/users\/1"}],"replies":[{"embeddable":true,"href":"http:\/\/disseny.recursos.uoc.edu\/recursos\/dis-marca\/ca\/wp-json\/wp\/v2\/comments?post=954"}],"version-history":[{"count":12,"href":"http:\/\/disseny.recursos.uoc.edu\/recursos\/dis-marca\/ca\/wp-json\/wp\/v2\/pages\/954\/revisions"}],"predecessor-version":[{"id":1191,"href":"http:\/\/disseny.recursos.uoc.edu\/recursos\/dis-marca\/ca\/wp-json\/wp\/v2\/pages\/954\/revisions\/1191"}],"wp:attachment":[{"href":"http:\/\/disseny.recursos.uoc.edu\/recursos\/dis-marca\/ca\/wp-json\/wp\/v2\/media?parent=954"}],"curies":[{"name":"wp","href":"https:\/\/api.w.org\/{rel}","templated":true}]}}