{"id":944,"date":"2019-07-09T08:34:10","date_gmt":"2019-07-09T08:34:10","guid":{"rendered":"http:\/\/disseny.recursos.uoc.edu\/recursos\/dis-marca\/?page_id=944"},"modified":"2019-08-02T08:23:06","modified_gmt":"2019-08-02T08:23:06","slug":"9-tipus-de-publicacions-digitals","status":"publish","type":"page","link":"http:\/\/disseny.recursos.uoc.edu\/recursos\/dis-marca\/ca\/9-tipus-de-publicacions-digitals\/","title":{"rendered":"9. Tipus de publicacions digitals"},"content":{"rendered":"<p><\/p>\n<h3>9.1. Una definici\u00f3 de publicaci\u00f3 digital<\/h3>\n<div class=\"definicio\">\n<p>Una publicaci\u00f3 digital \u00e9s aquella que es visualitza en un suport digital, \u00e9s a dir, que s\u2019hi accedeix a trav\u00e9s d\u2019un ordinador o un altre dispositiu electr\u00f2nic i que, a m\u00e9s a m\u00e9s de textos, pot reproduir imatges, \u00e0udio i v\u00eddeo o contenir enlla\u00e7os o opcions que permetin un joc d\u2019interactivitat amb el receptor.<\/p>\n<\/div>\n<p>Que cada vegada consumim m\u00e9s continguts en els nostres dispositius m\u00f2bils \u00e9s un fet indiscutible. Estem acostumats a llegir el diari a la tauleta, a fer la compra o a reservar entrades des del nostre <em>smartphone<\/em>, etc. Les publicacions digitals interactives estan optimitzades per poder ser visualitzades correctament en qualsevol dispositiu digital i aprofiten, en gran mesura, les peculiaritats d\u2019aquests mitjans. Els usuaris han de poder moure\u2019s per les publicacions des de qualsevol navegador i tindran l\u2019opci\u00f3 de descarregar-se l\u2019app, si est\u00e0 disponible, al seu dispositiu. Per a aix\u00f2, caldr\u00e0 tenir en compte una s\u00e8rie de premisses t\u00e8cniques que facin factible la navegaci\u00f3 perfecta i la seva interactivitat completa.<\/p>\n<p>Des que les publicacions digitals van comen\u00e7ar a despuntar, la discussi\u00f3 sobre si aquestes acabarien substituint les de paper ha estat a l\u2019aire. Aix\u00f2 no sembla que hagi de passar, si b\u00e9 \u00e9s cert que el m\u00f3n digital s\u2019ha creat un ampli lloc en un mercat que cada vegada es mostra m\u00e9s competitiu. Amb el desenvolupament de les noves tecnologies de la informaci\u00f3, les publicacions en format digital han anat guanyant terreny, propiciat principalment pel seu acc\u00e9s f\u00e0cil, la qual cosa les converteix en un mitj\u00e0 de comunicaci\u00f3 directe i eficient, i per l\u2019abaratiment dels costos de producci\u00f3 que suposa.<\/p>","protected":false},"excerpt":{"rendered":"<p>9.1. Una definici\u00f3 de publicaci\u00f3 digital Una publicaci\u00f3 digital \u00e9s aquella que es visualitza en un suport digital, \u00e9s a dir, que s\u2019hi accedeix a trav\u00e9s d\u2019un ordinador o un altre dispositiu electr\u00f2nic i que, a m\u00e9s a m\u00e9s de textos, pot reproduir imatges, \u00e0udio i v\u00eddeo o contenir enlla\u00e7os o opcions que permetin un [&hellip;]<\/p>\n","protected":false},"author":1,"featured_media":0,"parent":0,"menu_order":0,"comment_status":"closed","ping_status":"closed","template":"","meta":[],"acf":[],"_links":{"self":[{"href":"http:\/\/disseny.recursos.uoc.edu\/recursos\/dis-marca\/ca\/wp-json\/wp\/v2\/pages\/944"}],"collection":[{"href":"http:\/\/disseny.recursos.uoc.edu\/recursos\/dis-marca\/ca\/wp-json\/wp\/v2\/pages"}],"about":[{"href":"http:\/\/disseny.recursos.uoc.edu\/recursos\/dis-marca\/ca\/wp-json\/wp\/v2\/types\/page"}],"author":[{"embeddable":true,"href":"http:\/\/disseny.recursos.uoc.edu\/recursos\/dis-marca\/ca\/wp-json\/wp\/v2\/users\/1"}],"replies":[{"embeddable":true,"href":"http:\/\/disseny.recursos.uoc.edu\/recursos\/dis-marca\/ca\/wp-json\/wp\/v2\/comments?post=944"}],"version-history":[{"count":10,"href":"http:\/\/disseny.recursos.uoc.edu\/recursos\/dis-marca\/ca\/wp-json\/wp\/v2\/pages\/944\/revisions"}],"predecessor-version":[{"id":1177,"href":"http:\/\/disseny.recursos.uoc.edu\/recursos\/dis-marca\/ca\/wp-json\/wp\/v2\/pages\/944\/revisions\/1177"}],"wp:attachment":[{"href":"http:\/\/disseny.recursos.uoc.edu\/recursos\/dis-marca\/ca\/wp-json\/wp\/v2\/media?parent=944"}],"curies":[{"name":"wp","href":"https:\/\/api.w.org\/{rel}","templated":true}]}}