{"id":73,"date":"2017-06-21T06:53:39","date_gmt":"2017-06-21T06:53:39","guid":{"rendered":"http:\/\/disseny.recursos.uoc.edu\/recursos\/dis-marca\/?page_id=73"},"modified":"2017-06-29T06:38:03","modified_gmt":"2017-06-29T06:38:03","slug":"1-introduccion-al-proceso-de-diseno-editorial-6","status":"publish","type":"page","link":"http:\/\/disseny.recursos.uoc.edu\/recursos\/dis-marca\/ca\/1-introduccion-al-proceso-de-diseno-editorial-6\/","title":{"rendered":"1. Introducci\u00f3 al proc\u00e9s de disseny editorial"},"content":{"rendered":"<p><\/p>\n<h3>1.2. Introducci\u00f3 als diversos formats<\/h3>\n<h3>1.2.5. Diversos<\/h3>\n<p>Definir tots els tipus de formats que hi ha seria gaireb\u00e9 impossible, ja que m\u00e9s enll\u00e0 dels est\u00e0ndards, podem dir que la imaginaci\u00f3 del dissenyador t\u00e9 el poder de construir el que se li ocorri, sempre que serveixi com a mitj\u00e0 per a transmetre el que vol el client. Podem parlar de cartells de mida gran, postals, targetes o formats m\u00e9s experimentals creats expressament per a un projecte. La imaginaci\u00f3 no t\u00e9 l\u00edmits, sempre que l\u2019\u00fas dels recursos sigui l\u2019adequat.<\/p>\n<p><div id=\"attachment_76\" style=\"width: 650px\" class=\"wp-caption alignnone\"><img aria-describedby=\"caption-attachment-76\" loading=\"lazy\" class=\"img-responsive wp-image-76 size-full\" src=\"http:\/\/disseny.recursos.uoc.edu\/recursos\/dis-marca\/wp-content\/uploads\/sites\/22\/2017\/06\/20118_a1_017.jpg\" alt=\"\" width=\"640\" height=\"434\" srcset=\"http:\/\/disseny.recursos.uoc.edu\/recursos\/dis-marca\/wp-content\/uploads\/sites\/22\/2017\/06\/20118_a1_017.jpg 640w, http:\/\/disseny.recursos.uoc.edu\/recursos\/dis-marca\/wp-content\/uploads\/sites\/22\/2017\/06\/20118_a1_017-300x203.jpg 300w\" sizes=\"(max-width: 640px) 100vw, 640px\" \/><p id=\"caption-attachment-76\" class=\"wp-caption-text\">En la imatge veiem un exemple d\u2019un disseny lliure per a un argumentari editorial de la revista <em>Cuore<\/em>. S\u2019ha elaborat un encuny en forma de cor a la portada, i papers d\u2019alt gramatge i efecte lluent. En els interiors es van utilitzar reserves UVI. L\u2019enquadernat es va fer amb una espiral. \u00c9s un format senzill, per\u00f2 vist\u00f3s i efectiu: la seva finalitat \u00e9s servir d\u2019eina als equips de m\u00e0rqueting per a presentar un producte (en aquest cas, la revista <em>Cuore<\/em>) a possibles anunciants.<\/p><\/div><\/p>","protected":false},"excerpt":{"rendered":"<p>1.2. Introducci\u00f3 als diversos formats 1.2.5. Diversos Definir tots els tipus de formats que hi ha seria gaireb\u00e9 impossible, ja que m\u00e9s enll\u00e0 dels est\u00e0ndards, podem dir que la imaginaci\u00f3 del dissenyador t\u00e9 el poder de construir el que se li ocorri, sempre que serveixi com a mitj\u00e0 per a transmetre el que vol el [&hellip;]<\/p>\n","protected":false},"author":1,"featured_media":0,"parent":0,"menu_order":0,"comment_status":"closed","ping_status":"closed","template":"","meta":[],"acf":[],"_links":{"self":[{"href":"http:\/\/disseny.recursos.uoc.edu\/recursos\/dis-marca\/ca\/wp-json\/wp\/v2\/pages\/73"}],"collection":[{"href":"http:\/\/disseny.recursos.uoc.edu\/recursos\/dis-marca\/ca\/wp-json\/wp\/v2\/pages"}],"about":[{"href":"http:\/\/disseny.recursos.uoc.edu\/recursos\/dis-marca\/ca\/wp-json\/wp\/v2\/types\/page"}],"author":[{"embeddable":true,"href":"http:\/\/disseny.recursos.uoc.edu\/recursos\/dis-marca\/ca\/wp-json\/wp\/v2\/users\/1"}],"replies":[{"embeddable":true,"href":"http:\/\/disseny.recursos.uoc.edu\/recursos\/dis-marca\/ca\/wp-json\/wp\/v2\/comments?post=73"}],"version-history":[{"count":4,"href":"http:\/\/disseny.recursos.uoc.edu\/recursos\/dis-marca\/ca\/wp-json\/wp\/v2\/pages\/73\/revisions"}],"predecessor-version":[{"id":1089,"href":"http:\/\/disseny.recursos.uoc.edu\/recursos\/dis-marca\/ca\/wp-json\/wp\/v2\/pages\/73\/revisions\/1089"}],"wp:attachment":[{"href":"http:\/\/disseny.recursos.uoc.edu\/recursos\/dis-marca\/ca\/wp-json\/wp\/v2\/media?parent=73"}],"curies":[{"name":"wp","href":"https:\/\/api.w.org\/{rel}","templated":true}]}}