{"id":5,"date":"2017-06-20T11:19:47","date_gmt":"2017-06-20T11:19:47","guid":{"rendered":"http:\/\/disseny.recursos.uoc.edu\/recursos\/dis-marca\/?page_id=5"},"modified":"2019-09-17T09:28:04","modified_gmt":"2019-09-17T09:28:04","slug":"introduccion","status":"publish","type":"page","link":"http:\/\/disseny.recursos.uoc.edu\/recursos\/dis-marca\/ca\/","title":{"rendered":"Introducci\u00f3"},"content":{"rendered":"<p><\/p>\n<h3>1. Posada en marxa<\/h3>\n<p>Per a poder-nos enfrontar a un projecte editorial des de zero necessitarem entendre des del seu origen quins s\u00f3n els mecanismes que el posen en marxa. Con\u00e8ixer com es duu a terme l\u2019enc\u00e0rrec i saber recon\u00e8ixer tota la informaci\u00f3 \u00fatil que es plantegi ajudar\u00e0 el dissenyador a afrontar la feina que haur\u00e0 de fer. Revisarem tots els punts b\u00e0sics necessaris per a poder planificar de manera efectiva la feina en un projecte perqu\u00e8 ens sigui f\u00e0cil definir quin \u00e9s el disseny m\u00e9s adequat per a la nostra publicaci\u00f3.<\/p>\n<p>Mitjan\u00e7ant un exemple pr\u00e0ctic, repassarem la import\u00e0ncia de tenir clar quin \u00e9s el missatge que es vol traslladar, quina \u00e9s l\u2019audi\u00e8ncia potencial i en quina gamma ens mourem perqu\u00e8 el dissenyador pugui decidir sobre el tipus de recursos gr\u00e0fics o l\u2019estil de composici\u00f3 que s\u2019adeq\u00fci m\u00e9s a l\u2019enc\u00e0rrec.<\/p>\n<p>Repassarem els diversos formats de publicacions que existeixen en el m\u00f3n editorial, ja que \u00e9s important con\u00e8ixer-los tots i tenir clares les seves caracter\u00edstiques: qualsevol dissenyador ha de saber defensar-se davant de qualsevol format. Posarem l\u2019accent en una s\u00e8rie de normes b\u00e0siques que ser\u00e0 l\u2019origen de tot bon disseny (els coneguts \u00abmanaments del disseny\u00bb de Roger Black ens hi ajudaran i ens il\u00b7lustraran amb diferents exemples pr\u00e0ctics).<\/p>\n<p>Con\u00e8ixer els mecanismes que es donen en el mercat dins del m\u00f3n editorial tamb\u00e9 ens ajudar\u00e0 a entendre per qu\u00e8 es prenen una s\u00e8rie de decisions al llarg del proc\u00e9s de creaci\u00f3 d\u2019un projecte. Els estudis de mercat s\u00f3n processos que s\u2019han desenvolupat per a poder valorar si els dissenys generats funcionen (comuniquen el que el client vol, transmeten el que es pret\u00e9n) i les grans editorials els utilitzen per a determinar si els productes projectats s\u00f3n efectius i rendibles.<\/p>\n<h3>2. Planificaci\u00f3 de recursos<\/h3>\n<p>Format, tipografies, recursos gr\u00e0fics\u2026, tots els elements que formaran part del nostre disseny respondran a una presa de decisions intencionada, adequada a l\u2019enc\u00e0rrec i \u00fatil a les necessitats del producte que s\u2019hagi de dissenyar. Per a aix\u00f2 caldr\u00e0 saber les caracter\u00edstiques b\u00e0siques en cada \u00e0mbit i, a partir d\u2019aqu\u00ed, anar aprenent i evolucionant en el desenvolupament del nostre treball.<\/p>\n<ul>\n<li><strong>Tipografies<\/strong>: intentarem aprendre a distingir els diferents tipus de lletres i els seus usos m\u00e9s adequats (i quins no) per a crear una bona base que sostingui el nostre desenvolupament posterior. L\u2019univers tipogr\u00e0fic \u00e9s immens i inabastable, per aix\u00f2 \u00e9s important disposar d\u2019uns coneixements b\u00e0sics s\u00f2lids i, a partir d\u2019aqu\u00ed, poder experimentar i provar, ja que aquesta \u00e9s la millor (per no dir l\u2019\u00fanica) manera d\u2019anar avan\u00e7ant en el coneixement de les tipografies i obtenir, aix\u00ed, resultats interessants.<\/li>\n<li><strong>Imatges<\/strong>: s\u00f3n el pilar fonamental en el disseny. Solen ser l\u2019eix central d\u2019un bon disseny, no pas un simple element decoratiu, sin\u00f3 que s\u00f3n part activa de la funci\u00f3 comunicadora que t\u00e9 tot disseny editorial. El dissenyador ha de saber recon\u00e8ixer una bona imatge i treure-li el m\u00e0xim partit en el seu treball. Tenir uns coneixements adequats en fotografia i edici\u00f3 d\u2019imatges ens ajudar\u00e0 a l\u2019hora de compondre. Hem de con\u00e8ixer la tipologia d\u2019imatges que hi ha en el m\u00f3n editorial per a poder-nos adequar al seu \u00fas. El disseny editorial \u00e9s comunicaci\u00f3 visual i, per aix\u00f2, fer servir les imatges adequades \u00e9s molt important en el nostre treball. Tamb\u00e9 hem de ser conscients de l\u2019origen de les fotos que podem utilitzar. Hem de con\u00e8ixer quines s\u00f3n les fonts a les quals es pot rec\u00f3rrer per a aconseguir-les sense tenir problemes de drets per un \u00fas indegut.<\/li>\n<li><strong>Color<\/strong>: \u00e9s molt important disposar d\u2019una bona selecci\u00f3 de colors en els nostres treballs i saber quina \u00e9s la manera m\u00e9s adequada de fer-los servir, sigui en un \u00e0mbit merament est\u00e8tic o, anant una mica m\u00e9s enll\u00e0, mitjan\u00e7ant el seu significat. Hem d\u2019aprendre a mirar els colors amb una visi\u00f3 anal\u00edtica i, al mateix temps, intu\u00eftiva i, aix\u00ed, tenir clar quins colors s\u00f3n capa\u00e7os de transmetre sentiments. Hem de saber quins colors s\u00f3n la base de totes les gammes possibles i obrir la ment a la creativitat i la bellesa. Els colors hi s\u00f3n per a fer-los servir, per\u00f2, com a bons dissenyadors, hem de ser cauts i aprendre a dosificar-los. Aprendre a construir el sobri per a anar intuint on pot aportar el color un toc de personalitat, ser creatius i saber les normes i, aix\u00ed, poder-les trencar innovant.<\/li>\n<li><strong>La ret\u00edcula<\/strong>: entendre la import\u00e0ncia de la ret\u00edcula en disseny \u00e9s comprendre que darrere d\u2019un disseny hi ha un ordre i una intenci\u00f3 i que, per a aix\u00f2, tot bon dissenyador ha d\u2019utilitzar un esquelet que gui\u00ef i marqui unes pautes en el repartiment de l\u2019espai a l\u2019hora de compondre. El dissenyador ha de saber que l\u2019exist\u00e8ncia d\u2019una ret\u00edcula en un disseny no t\u00e9 la funci\u00f3 d\u2019encotillar el seu treball, sin\u00f3 que hi \u00e9s per a ajudar-lo a construir una coher\u00e8ncia en l\u2019ordre dels recursos i en el desenvolupament posterior del projecte. Un bon dissenyador no nom\u00e9s ha de saber fer servir una ret\u00edcula, sin\u00f3 que tamb\u00e9 l\u2019ha de saber elaborar per a desenvolupar-hi unes bases s\u00f2lides en un disseny.<\/li>\n<li><strong>Composici\u00f3<\/strong>: un bon dissenyador ha de con\u00e8ixer i fer anar amb soltesa tots els elements que es poden disposar en una maqueta. La distribuci\u00f3 d\u2019aquestes unitats a la p\u00e0gina no es fa aleat\u00f2riament, sin\u00f3 que cadascuna rep un pes espec\u00edfic i un lloc en l\u2019espai en funci\u00f3 de la import\u00e0ncia que el dissenyador li atorga. La jerarquia visual de la p\u00e0gina permetr\u00e0 guiar el lector en una lectura espec\u00edfica. Les grand\u00e0ries, els colors o el lloc on se situa cada cosa importen a l\u2019hora de comunicar adequadament amb un disseny. L\u2019equilibri de cadascuna de les parts ens ajudar\u00e0 a crear un disseny interessant i efectiu.<\/li>\n<li><strong>Organitzaci\u00f3<\/strong>: per a un dissenyador \u00e9s molt important ser ordenat i met\u00f2dic amb els seus treballs. En aquest sentit, hi ha maneres de rematar un projecte, creant un \u00abmanual d\u2019\u00fas\u00bb per a entendre la seva identitat gr\u00e0fica, o fulls d\u2019estils i biblioteques de m\u00f2duls que facin el treball m\u00e9s \u00e0gil i f\u00e0cilment accessible.<\/li>\n<\/ul>\n<h3>3. Import\u00e0ncia de la portada<\/h3>\n<p>La portada t\u00e9 una import\u00e0ncia enorme en el disseny de la publicaci\u00f3, ja que no nom\u00e9s s\u2019erigeix com a estendard del producte, sin\u00f3 que tamb\u00e9 \u00e9s l\u2019aparador de la marca. Hem d\u2019entendre que fer una bona portada \u00e9s un proc\u00e9s complex que requereix una gran responsabilitat, at\u00e8s que ser\u00e0 el primer que l\u2019audi\u00e8ncia veur\u00e0 del producte i el que despertar\u00e0 una intenci\u00f3 de compra o no. Repassarem els elements m\u00e9s comuns que solen apar\u00e8ixer en totes les portades i establirem una breu classificaci\u00f3 dels tipus m\u00e9s habituals que podem trobar en les publicacions del quiosc. Farem un breu rep\u00e0s a uns consells simples, per\u00f2 molt importants, que cal tenir en compte a l\u2019hora d\u2019afrontar la responsabilitat de compondre una portada.<\/p>\n<h3>4. Art final<\/h3>\n<p>Tot dissenyador ha de con\u00e8ixer tant els formats com les caracter\u00edstiques que ha de tenir un document llest per a impremta. Hem d\u2019assegurar-nos que l\u2019art final, el document acabat, ha de ser enviat correctament a impremta i que es tracta d\u2019un arxiu adequat perqu\u00e8 no hi hagi errors en la impressi\u00f3. Per aix\u00f2 \u00e9s important con\u00e8ixer les especificacions necess\u00e0ries per a imprimir un document en un proc\u00e9s de producci\u00f3. Tamb\u00e9 \u00e9s important estar familiaritzat amb els processos que venen despr\u00e9s del disseny. La relaci\u00f3 amb la impremta o els departaments de preimpressi\u00f3 ens ajudar\u00e0 en la part final del proc\u00e9s. \u00c9s important que el dissenyador estigui familiaritzat amb els diferents tipus d\u2019acabats especials que es poden dur a terme en disseny editorial.<\/p>","protected":false},"excerpt":{"rendered":"<p>1. Posada en marxa Per a poder-nos enfrontar a un projecte editorial des de zero necessitarem entendre des del seu origen quins s\u00f3n els mecanismes que el posen en marxa. Con\u00e8ixer com es duu a terme l\u2019enc\u00e0rrec i saber recon\u00e8ixer tota la informaci\u00f3 \u00fatil que es plantegi ajudar\u00e0 el dissenyador a afrontar la feina que [&hellip;]<\/p>\n","protected":false},"author":1,"featured_media":0,"parent":0,"menu_order":0,"comment_status":"closed","ping_status":"closed","template":"","meta":[],"acf":[],"_links":{"self":[{"href":"http:\/\/disseny.recursos.uoc.edu\/recursos\/dis-marca\/ca\/wp-json\/wp\/v2\/pages\/5"}],"collection":[{"href":"http:\/\/disseny.recursos.uoc.edu\/recursos\/dis-marca\/ca\/wp-json\/wp\/v2\/pages"}],"about":[{"href":"http:\/\/disseny.recursos.uoc.edu\/recursos\/dis-marca\/ca\/wp-json\/wp\/v2\/types\/page"}],"author":[{"embeddable":true,"href":"http:\/\/disseny.recursos.uoc.edu\/recursos\/dis-marca\/ca\/wp-json\/wp\/v2\/users\/1"}],"replies":[{"embeddable":true,"href":"http:\/\/disseny.recursos.uoc.edu\/recursos\/dis-marca\/ca\/wp-json\/wp\/v2\/comments?post=5"}],"version-history":[{"count":29,"href":"http:\/\/disseny.recursos.uoc.edu\/recursos\/dis-marca\/ca\/wp-json\/wp\/v2\/pages\/5\/revisions"}],"predecessor-version":[{"id":1213,"href":"http:\/\/disseny.recursos.uoc.edu\/recursos\/dis-marca\/ca\/wp-json\/wp\/v2\/pages\/5\/revisions\/1213"}],"wp:attachment":[{"href":"http:\/\/disseny.recursos.uoc.edu\/recursos\/dis-marca\/ca\/wp-json\/wp\/v2\/media?parent=5"}],"curies":[{"name":"wp","href":"https:\/\/api.w.org\/{rel}","templated":true}]}}